{"id":4815,"date":"2018-08-01T16:21:21","date_gmt":"2018-08-01T16:21:21","guid":{"rendered":"http:\/\/trenaferragens1.hospedagemdesites.ws\/produto\/import-placeholder-for-7189\/"},"modified":"2018-08-01T16:21:51","modified_gmt":"2018-08-01T16:21:51","slug":"lixa-ferro-aco-2","status":"publish","type":"product","link":"https:\/\/trenaferragens.com.br\/?product=lixa-ferro-aco-2","title":{"rendered":"Lixa Ferro\/A\u00e7o"},"content":{"rendered":"<p>Lixa Ferro\/A\u00e7o<\/p>\n<p>LIXAS TATU<\/p>\n<p class=\"font_7\">Fundada em 1903, a GK Abrasivos detentora da marca Lixas Tatu iniciou seus trabalhos como fabricantes de lixas e pouco tempo depois j\u00e1 era considerada um dos grandes nomes do segmento.<\/p>\n<p class=\"font_7\">A marca Lixas Tatu busca continuamente oferecer a m\u00e1xima qualidade e performance de produtos inovando e aprimorando sempre seus processos de fabrica\u00e7\u00e3o. Ind\u00fastria 100% Nacional e tradicionalmente conhecida pelo \u201cTatu\u201d, tem um portif\u00f3lio completo de abrasivos revestidos para uma ampla variedade de segmentos, desde a constru\u00e7\u00e3o civil, passando pela ind\u00fastria moveleira, repara\u00e7\u00e3o automotiva e metalurgia at\u00e9 a \u00e1rea de beleza.<\/p>\n<p class=\"font_7\">A GK Abrasivos al\u00e9m de administrar a marca Lixas Tatu tem parceria com Luigui T\u00eaxtil e Aut\u00eantica.<\/p>\n","protected":false},"excerpt":{"rendered":"<p>Lixa Ferro\/A\u00e7o<\/p>\n<p class=\"font_8\">Lixa indicada para uso em superf\u00edcies met\u00e1licas em geral, remo\u00e7\u00e3o de ferrugens e tintas aplicadas em metais e desbaste de massa pl\u00e1stica.<\/p>\n<p class=\"font_8\">Folhas: 225mm x 275mm<\/p>\n<p class=\"font_8\">Embalagem: 25 \/ 50 folhas<\/p>\n<p class=\"font_8\">Rolos: 50mm a 225mm x 45.000mm<\/p>\n<p class=\"font_8\">Discos: 4,5\u2033, 5\u2033 e 7\u2033\u00a0Costado sem pluma<\/p>\n<p class=\"font_8\">Desbaste: 36 \/ 40<\/p>\n<p class=\"font_8\">Semi acabamento: 50 \/ 60 \/ 80 \/ 100<\/p>\n<p class=\"font_8\">Acabamento: 120 \/ 150 \/ 180 \/ 220<\/p>\n<p class=\"font_8\">Fino acabamento: 240 \/ 280 \/ 320<\/p>\n","protected":false},"featured_media":2993,"comment_status":"open","ping_status":"closed","template":"","meta":[],"product_cat":[178],"product_tag":[268],"_links":{"self":[{"href":"https:\/\/trenaferragens.com.br\/index.php?rest_route=\/wp\/v2\/product\/4815"}],"collection":[{"href":"https:\/\/trenaferragens.com.br\/index.php?rest_route=\/wp\/v2\/product"}],"about":[{"href":"https:\/\/trenaferragens.com.br\/index.php?rest_route=\/wp\/v2\/types\/product"}],"replies":[{"embeddable":true,"href":"https:\/\/trenaferragens.com.br\/index.php?rest_route=%2Fwp%2Fv2%2Fcomments&post=4815"}],"wp:featuredmedia":[{"embeddable":true,"href":"https:\/\/trenaferragens.com.br\/index.php?rest_route=\/wp\/v2\/media\/2993"}],"wp:attachment":[{"href":"https:\/\/trenaferragens.com.br\/index.php?rest_route=%2Fwp%2Fv2%2Fmedia&parent=4815"}],"wp:term":[{"taxonomy":"product_cat","embeddable":true,"href":"https:\/\/trenaferragens.com.br\/index.php?rest_route=%2Fwp%2Fv2%2Fproduct_cat&post=4815"},{"taxonomy":"product_tag","embeddable":true,"href":"https:\/\/trenaferragens.com.br\/index.php?rest_route=%2Fwp%2Fv2%2Fproduct_tag&post=4815"}],"curies":[{"name":"wp","href":"https:\/\/api.w.org\/{rel}","templated":true}]}}