{"id":4819,"date":"2018-08-01T16:21:25","date_gmt":"2018-08-01T16:21:25","guid":{"rendered":"http:\/\/trenaferragens1.hospedagemdesites.ws\/produto\/import-placeholder-for-7200\/"},"modified":"2018-08-01T16:22:12","modified_gmt":"2018-08-01T16:22:12","slug":"transformador-110-220v-tripolar","status":"publish","type":"product","link":"https:\/\/trenaferragens.com.br\/?product=transformador-110-220v-tripolar","title":{"rendered":"Transformador 110\/220V Tripolar"},"content":{"rendered":"<p>Transformador 110\/220V Tripolar<\/p>\n<p>FIOLUX<\/p>\n<p>Completando 22 anos no mercado brasileiro, o Grupo FIOLUX SERWAL possui uma f\u00e1brica e um moderno, amplo e organizado Centro de Distribui\u00e7\u00e3o em Campinas(SP). A companhia investe constantemente para melhoria da qualidade e produtividade.<\/p>\n<p>No decorrer de sua hist\u00f3ria tem mantido parceria com seus clientes, sempre dando \u00eanfase na qualidade de seus produtos, tecnologia de \u00faltima gera\u00e7\u00e3o e atendimento diferenciado \u2013 consolidando o tradicionalismo e posicionamento no mercado. Com mix de produtos certificados por \u00f3rg\u00e3os t\u00e9cnicos nos segmentos El\u00e9trico, Ilumina\u00e7\u00e3o, Inform\u00e1tica e Refrigera\u00e7\u00e3o, tais como: auto transformadores, reatores de descarga, protetores eletr\u00f4nicos, ignitores e capacitores, filtros de linha, r\u00e9guas rack, inversores, nobreaks, estabilizadores, terminais entre outros.<\/p>\n<p>O Grupo busca gerir seus neg\u00f3cios tendo como ponto de partida o compromisso com a sustentabilidade e com a responsabilidade social. A Fiolux Serwal sempre est\u00e1 atenta \u00e0 inova\u00e7\u00e3o e investe constantemente no desenvolvimento de produtos de alta tecnologia, para oferecer ao mercado produtos que melhorem a qualidade de vida das pessoas, sempre respeitando o meio ambiente, o p\u00fablico interno, fornecedores, consumidores, clientes, comunidade, governos e sociedade. Preservar o planeta sem privar as gera\u00e7\u00f5es futuras de desenvolvimento.<\/p>\n<p>A Fiolux Serwal atua tamb\u00e9m no esporte, no automobilismo, como patrocinador m\u00e1ster da equipe Mottin Racing na Mercedes-Benz Challenge com seus pilotos Amorim Junior e Victor Amorim &#8211; carro 88. Muita emo\u00e7\u00e3o em 8 etapas durante o ano por v\u00e1rias capitais brasileiras. O Grupo Fiolux Serwal \u00e9 parceira da Funda\u00e7\u00e3o Edmilson contribuindo para a forma\u00e7\u00e3o do futuro de crian\u00e7as e adolescentes carentes, promo- vendo a cidadania e inclus\u00e3o social.<\/p>\n","protected":false},"excerpt":{"rendered":"<p class=\"font_8\">Transformador 110\/220V Tripolar<\/p>\n<article><\/article>\n<article>DISPON\u00cdVEL NAS OP\u00c7\u00d5ESTransformador 110\/220V Tripolar (500VA)<\/p>\n<p>Transformador 110\/220V Tripolar (1010VA)<\/p>\n<p>Transformador 110\/220V Tripolar (1500VA)<\/p>\n<p>Transformador 110\/220V Tripolar (2000VA)<\/p>\n<p>Transformador 110\/220V Tripolar (3000VA)<\/p>\n<p>Transformador 110\/220V Tripolar (4000VA)<\/p>\n<p>Transformador 110\/220V Tripolar (5000VA)<\/p>\n<p>Transformador 110\/220V Tripolar (7000VA)<\/p>\n<\/article>\n","protected":false},"featured_media":2999,"comment_status":"open","ping_status":"closed","template":"","meta":[],"product_cat":[194],"product_tag":[1528],"_links":{"self":[{"href":"https:\/\/trenaferragens.com.br\/index.php?rest_route=\/wp\/v2\/product\/4819"}],"collection":[{"href":"https:\/\/trenaferragens.com.br\/index.php?rest_route=\/wp\/v2\/product"}],"about":[{"href":"https:\/\/trenaferragens.com.br\/index.php?rest_route=\/wp\/v2\/types\/product"}],"replies":[{"embeddable":true,"href":"https:\/\/trenaferragens.com.br\/index.php?rest_route=%2Fwp%2Fv2%2Fcomments&post=4819"}],"wp:featuredmedia":[{"embeddable":true,"href":"https:\/\/trenaferragens.com.br\/index.php?rest_route=\/wp\/v2\/media\/2999"}],"wp:attachment":[{"href":"https:\/\/trenaferragens.com.br\/index.php?rest_route=%2Fwp%2Fv2%2Fmedia&parent=4819"}],"wp:term":[{"taxonomy":"product_cat","embeddable":true,"href":"https:\/\/trenaferragens.com.br\/index.php?rest_route=%2Fwp%2Fv2%2Fproduct_cat&post=4819"},{"taxonomy":"product_tag","embeddable":true,"href":"https:\/\/trenaferragens.com.br\/index.php?rest_route=%2Fwp%2Fv2%2Fproduct_tag&post=4819"}],"curies":[{"name":"wp","href":"https:\/\/api.w.org\/{rel}","templated":true}]}}