{"id":4822,"date":"2018-08-01T16:21:28","date_gmt":"2018-08-01T16:21:28","guid":{"rendered":"http:\/\/trenaferragens1.hospedagemdesites.ws\/produto\/import-placeholder-for-7207\/"},"modified":"2018-08-01T16:22:14","modified_gmt":"2018-08-01T16:22:14","slug":"bucha-de-reducao-latao","status":"publish","type":"product","link":"https:\/\/trenaferragens.com.br\/?product=bucha-de-reducao-latao","title":{"rendered":"Bucha de Redu\u00e7\u00e3o Lat\u00e3o"},"content":{"rendered":"<p>Bucha de Redu\u00e7\u00e3o Lat\u00e3o<\/p>\n<p>A Rumo Certo, conta com profissionais experientes no mercado,com responsabilidade e inova\u00e7\u00e3o em instala\u00e7\u00f5es hidr\u00e1ulicas . Atuando em todo territ\u00f3rio nacional em diversos segmentos da constru\u00e7\u00e3o civil, oferecemos servi\u00e7os que atendem as mais variadas necessidades de nossos clientes, com qualidade e efici\u00eancia em obras e instala\u00e7\u00f5es.<\/p>\n","protected":false},"excerpt":{"rendered":"<p>Bucha de Redu\u00e7\u00e3o Lat\u00e3o<\/p>\n<p>DISPON\u00cdVEL NOS TAMANHOS:<\/p>\n<p><span style=\"font-size: 14.4px;\">Bucha de Redu\u00e7\u00e3o Lat\u00e3o <\/span><span style=\"font-size: 14.4px;\">&#8211; 3\/4X1\/2<\/span><br \/>\nBucha de Redu\u00e7\u00e3o Lat\u00e3o &#8211; 1X1\/2<br \/>\nBucha de Redu\u00e7\u00e3o Lat\u00e3o &#8211; 1X3\/4<br \/>\nBucha de Redu\u00e7\u00e3o Lat\u00e3o &#8211; 11\/2X1<br \/>\nBucha de Redu\u00e7\u00e3o Lat\u00e3o &#8211; 11\/2X11\/4<br \/>\nBucha de Redu\u00e7\u00e3o Lat\u00e3o &#8211; 11\/2X3\/4<br \/>\nBucha de Redu\u00e7\u00e3o Lat\u00e3o &#8211; 11\/4X1<br \/>\nBucha de Redu\u00e7\u00e3o Lat\u00e3o &#8211; 11\/4X1\/2<br \/>\nBucha de Redu\u00e7\u00e3o Lat\u00e3o &#8211; 11\/4X3\/4<br \/>\nBucha de Redu\u00e7\u00e3o Lat\u00e3o &#8211; 2X1<br \/>\nBucha de Redu\u00e7\u00e3o Lat\u00e3o &#8211; 2X11\/2<br \/>\nBucha de Redu\u00e7\u00e3o Lat\u00e3o &#8211; 2X11\/4<br \/>\nBucha de Redu\u00e7\u00e3o Lat\u00e3o &#8211; 2X3\/4<br \/>\nBucha de Redu\u00e7\u00e3o Lat\u00e3o &#8211; 21\/2X1-11\/4<br \/>\nBucha de Redu\u00e7\u00e3o Lat\u00e3o &#8211; 21\/2X2<br \/>\nBucha de Redu\u00e7\u00e3o Lat\u00e3o &#8211; 3X2<\/p>\n","protected":false},"featured_media":3002,"comment_status":"open","ping_status":"closed","template":"","meta":[],"product_cat":[298,186],"product_tag":[1531],"_links":{"self":[{"href":"https:\/\/trenaferragens.com.br\/index.php?rest_route=\/wp\/v2\/product\/4822"}],"collection":[{"href":"https:\/\/trenaferragens.com.br\/index.php?rest_route=\/wp\/v2\/product"}],"about":[{"href":"https:\/\/trenaferragens.com.br\/index.php?rest_route=\/wp\/v2\/types\/product"}],"replies":[{"embeddable":true,"href":"https:\/\/trenaferragens.com.br\/index.php?rest_route=%2Fwp%2Fv2%2Fcomments&post=4822"}],"wp:featuredmedia":[{"embeddable":true,"href":"https:\/\/trenaferragens.com.br\/index.php?rest_route=\/wp\/v2\/media\/3002"}],"wp:attachment":[{"href":"https:\/\/trenaferragens.com.br\/index.php?rest_route=%2Fwp%2Fv2%2Fmedia&parent=4822"}],"wp:term":[{"taxonomy":"product_cat","embeddable":true,"href":"https:\/\/trenaferragens.com.br\/index.php?rest_route=%2Fwp%2Fv2%2Fproduct_cat&post=4822"},{"taxonomy":"product_tag","embeddable":true,"href":"https:\/\/trenaferragens.com.br\/index.php?rest_route=%2Fwp%2Fv2%2Fproduct_tag&post=4822"}],"curies":[{"name":"wp","href":"https:\/\/api.w.org\/{rel}","templated":true}]}}