{"id":4834,"date":"2018-08-01T16:22:00","date_gmt":"2018-08-01T16:22:00","guid":{"rendered":"http:\/\/trenaferragens1.hospedagemdesites.ws\/produto\/import-placeholder-for-7237\/"},"modified":"2018-08-01T16:22:22","modified_gmt":"2018-08-01T16:22:22","slug":"uniao-rosca-latao","status":"publish","type":"product","link":"https:\/\/trenaferragens.com.br\/?product=uniao-rosca-latao","title":{"rendered":"Uni\u00e3o Rosca Lat\u00e3o"},"content":{"rendered":"<p>Uni\u00e3o Rosca Lat\u00e3o<\/p>\n<p>RUMO CERTO CONEX\u00d5ES<\/p>\n<p>A Rumo Certo, conta com profissionais experientes no mercado,com responsabilidade e inova\u00e7\u00e3o em instala\u00e7\u00f5es hidr\u00e1ulicas .Atuando em todo territ\u00f3rio nacional em diversos segmentos da constru\u00e7\u00e3o civil, oferecemos servi\u00e7os que atendem as mais variadas necessidades de nossos clientes, com qualidade e efici\u00eancia em obras e instala\u00e7\u00f5es.<\/p>\n","protected":false},"excerpt":{"rendered":"<p>Uni\u00e3o Rosca Lat\u00e3o<\/p>\n<p>DISPON\u00cdVEL NOS TAMANHOS:<\/p>\n<p>Uni\u00e3o Rosca Lat\u00e3o &#8211; 1\/2<br \/>\nUni\u00e3o Rosca Lat\u00e3o &#8211; 3\/4<br \/>\nUni\u00e3o Rosca Lat\u00e3o &#8211; 1<br \/>\nUni\u00e3o Rosca Lat\u00e3o &#8211; 1 1\/4<br \/>\nUni\u00e3o Rosca Lat\u00e3o &#8211; 1 1\/2<br \/>\nUni\u00e3o Rosca Lat\u00e3o &#8211; 2<br \/>\nUni\u00e3o Rosca Lat\u00e3o &#8211; 2 1\/2<\/p>\n","protected":false},"featured_media":3029,"comment_status":"open","ping_status":"closed","template":"","meta":[],"product_cat":[298,186],"product_tag":[1543],"_links":{"self":[{"href":"https:\/\/trenaferragens.com.br\/index.php?rest_route=\/wp\/v2\/product\/4834"}],"collection":[{"href":"https:\/\/trenaferragens.com.br\/index.php?rest_route=\/wp\/v2\/product"}],"about":[{"href":"https:\/\/trenaferragens.com.br\/index.php?rest_route=\/wp\/v2\/types\/product"}],"replies":[{"embeddable":true,"href":"https:\/\/trenaferragens.com.br\/index.php?rest_route=%2Fwp%2Fv2%2Fcomments&post=4834"}],"wp:featuredmedia":[{"embeddable":true,"href":"https:\/\/trenaferragens.com.br\/index.php?rest_route=\/wp\/v2\/media\/3029"}],"wp:attachment":[{"href":"https:\/\/trenaferragens.com.br\/index.php?rest_route=%2Fwp%2Fv2%2Fmedia&parent=4834"}],"wp:term":[{"taxonomy":"product_cat","embeddable":true,"href":"https:\/\/trenaferragens.com.br\/index.php?rest_route=%2Fwp%2Fv2%2Fproduct_cat&post=4834"},{"taxonomy":"product_tag","embeddable":true,"href":"https:\/\/trenaferragens.com.br\/index.php?rest_route=%2Fwp%2Fv2%2Fproduct_tag&post=4834"}],"curies":[{"name":"wp","href":"https:\/\/api.w.org\/{rel}","templated":true}]}}