{"id":4882,"date":"2018-08-01T16:23:14","date_gmt":"2018-08-01T16:23:14","guid":{"rendered":"http:\/\/trenaferragens1.hospedagemdesites.ws\/produto\/import-placeholder-for-7339\/"},"modified":"2018-08-01T16:23:38","modified_gmt":"2018-08-01T16:23:38","slug":"porta-sanfonada-quimiplast","status":"publish","type":"product","link":"https:\/\/trenaferragens.com.br\/?product=porta-sanfonada-quimiplast","title":{"rendered":"Porta Sanfonada Quimiplast"},"content":{"rendered":"<div class=\"grid-100\">\n<div>Porta Sanfonada Quimiplast<\/div>\n<div><\/div>\n<div class=\"titPg\">Quimiplast Rio<\/div>\n<\/div>\n<div>\n<div class=\"grid-50\">\n<div class=\"textoLongo\">\n<p>Devido a saga de seus empreendedores, procurando sempre a satisfa\u00e7\u00e3o plena de seus clientes e na busca de tecnologia e aperfei\u00e7oamento de seus produtos, hoje podemos afirmar que o nome QUIMIPLAST \u00e9 sin\u00f4nimo de qualidade.<\/p>\n<p>Para atender ao setor, desenvolvemos uma metodologia especial, em que harmoniza pensamento estrat\u00e9gico, criatividade, otimiza\u00e7\u00e3o e tecnologia, com foco em resultados.<\/p>\n<p>Trabalhamos com m\u00e1quinas de primeira linha e moldes de \u00faltima gera\u00e7\u00e3o com a mais alta tecnologia. Com um r\u00edgido controle de qualidade e produtos confeccionados com mat\u00e9ria prima virgem, podemos oferecer produtos de alta qualidade e confiabilidade.<\/p>\n<\/div>\n<\/div>\n<\/div>\n","protected":false},"excerpt":{"rendered":"<p>Porta Sanfonada Quimiplast<\/p>\n<p>Dispon\u00edvel nas cores:<\/p>\n<p>Branca, Bege, Cinza, Cerejeira e Marrom<\/p>\n<p>Diversos tamanhos.<\/p>\n<p>210&#215;60 \/ 210&#215;70 \/ 210&#215;80 \/ 210&#215;90<\/p>\n","protected":false},"featured_media":3123,"comment_status":"open","ping_status":"closed","template":"","meta":[],"product_cat":[1094],"product_tag":[1589],"_links":{"self":[{"href":"https:\/\/trenaferragens.com.br\/index.php?rest_route=\/wp\/v2\/product\/4882"}],"collection":[{"href":"https:\/\/trenaferragens.com.br\/index.php?rest_route=\/wp\/v2\/product"}],"about":[{"href":"https:\/\/trenaferragens.com.br\/index.php?rest_route=\/wp\/v2\/types\/product"}],"replies":[{"embeddable":true,"href":"https:\/\/trenaferragens.com.br\/index.php?rest_route=%2Fwp%2Fv2%2Fcomments&post=4882"}],"wp:featuredmedia":[{"embeddable":true,"href":"https:\/\/trenaferragens.com.br\/index.php?rest_route=\/wp\/v2\/media\/3123"}],"wp:attachment":[{"href":"https:\/\/trenaferragens.com.br\/index.php?rest_route=%2Fwp%2Fv2%2Fmedia&parent=4882"}],"wp:term":[{"taxonomy":"product_cat","embeddable":true,"href":"https:\/\/trenaferragens.com.br\/index.php?rest_route=%2Fwp%2Fv2%2Fproduct_cat&post=4882"},{"taxonomy":"product_tag","embeddable":true,"href":"https:\/\/trenaferragens.com.br\/index.php?rest_route=%2Fwp%2Fv2%2Fproduct_tag&post=4882"}],"curies":[{"name":"wp","href":"https:\/\/api.w.org\/{rel}","templated":true}]}}