{"id":4891,"date":"2018-08-01T16:23:21","date_gmt":"2018-08-01T16:23:21","guid":{"rendered":"http:\/\/trenaferragens1.hospedagemdesites.ws\/produto\/import-placeholder-for-7366\/"},"modified":"2018-08-01T16:23:44","modified_gmt":"2018-08-01T16:23:44","slug":"mangueira-entrada-de-maquina-trancada-mantac","status":"publish","type":"product","link":"https:\/\/trenaferragens.com.br\/?product=mangueira-entrada-de-maquina-trancada-mantac","title":{"rendered":"Mangueira Entrada de M\u00e1quina Tran\u00e7ada Mantac"},"content":{"rendered":"<div class=\"grid-100\">\n<div>Mangueira Entrada de M\u00e1quina Tran\u00e7ada Mantac<\/div>\n<div><\/div>\n<div class=\"titPg\">MANTAC<\/div>\n<\/div>\n<div>\n<div class=\"grid-50\">\n<div class=\"textoLongo\">\n<p>A Mantac \u00e9 uma f\u00e1brica especializada em mangueiras e tubos especiais, que atende todo o Brasil e tamb\u00e9m abastece o mercado sul-americano. Com sua sede em Joinville\/SC, a empresa iniciou suas atividades em 1999, mas em 2001 passou a desenvolver e construir suas pr\u00f3prias m\u00e1quinas, ferramentas e produtos, cravando de vez sua inser\u00e7\u00e3o no ramo pl\u00e1stico. A Mantac desenvolve produtos no mercado de mangueiras em PVC, acess\u00f3rios, conex\u00f5es e tubos polietileno e poliuretano.<\/p>\n<p>Atualmente a empresa possui 3 f\u00e1bricas que totalizam 12 mil m\u00b2. S\u00e3o duas em Joinville e uma em Governador Mangabeira, na Bahia. Seu corpo administrativo e produtivo possui vasta experi\u00eancia no segmento pl\u00e1stico, aptos sempre a desenvolver produtos de qualidade de acordo com a necessidade do mercado. A Mantac conquistou certificado de qualidade ISO 9001 e segue as recomenda\u00e7\u00f5es ambientais da ISO 14000, na qual tudo \u00e9 tratado sem contaminar o meio ambiente. Com isso, a empresa consegue oferecer um produto de qualidade aos seus clientes e, estes, t\u00eam a certeza que os materiais s\u00e3o produzidos sob uma forte pol\u00edtica de responsabilidade ambiental.<\/p>\n<p>A Mantac Mangueiras oferece, ainda, uma completa linha para jardinagem, uso odontol\u00f3gico, hospitalar, agr\u00edcola, industrial e para constru\u00e7\u00e3o civil. S\u00e3o produtos com maior resist\u00eancia e flexibilidade, que chegam rapidamente ao seu destino final, pois a Mantac trabalha com uma log\u00edstica diferenciada e frota pr\u00f3pria com mais sete transportadoras. Al\u00e9m disso, a empresa possui uma completa equipe de representantes espalhados por todo o territ\u00f3rio brasileiro. Procure hoje mesmo os produtos Mantac, \u00e9 mais qualidade e tecnologia para o que voc\u00ea precisar.<\/p>\n<\/div>\n<\/div>\n<\/div>\n","protected":false},"excerpt":{"rendered":"<p>Mangueira Entrada de M\u00e1quina Tran\u00e7ada Mantac<\/p>\n<p>Dispon\u00edvel nas cores:<\/p>\n<p>Transparente<\/p>\n<p>Tamanhos:<\/p>\n<p>1.20 Metros \/ 1.40 Metros \/ 1.80 Metros<\/p>\n<p>APLICA\u00c7\u00c3O:<\/p>\n<p>Acess\u00f3rio aplicado \u00e0 alimenta\u00e7\u00e3o de Lavadoras (M\u00e1quina de Lavar Roupa ou Lou\u00e7a). Constitu\u00eddo de conex\u00f5es e uma mangueira com trama de fio Poli\u00e9ster. Produto forte, vendido em 3 cores Cinza, Transparente e Branca, \u00e9 e ideal para Lavadoras Industriais.<\/p>\n<p>MAT\u00c9RIA PRIMA:<\/p>\n<p>Este produto possui dois modelos: 1) Rosca Fina (14 fios por polegada, na ponta que encaixa na v\u00e1lvula da m\u00e1quina), sempre usada na extremidade com unho reto. 2) Rosca Grossa (9 fios por polegada), usada nas lavadoras at\u00e9 1995 (Consul, Electrolux). Ent\u00e3o sua aplica\u00e7\u00e3o \u00e9 definida em fun\u00e7\u00e3o do ano de fabrica\u00e7\u00e3o ou modelo da m\u00e1quina de lavar. Segundo os fabricantes e assist\u00eancia t\u00e9cnica, at\u00e9 1995, tanto a C\u00f4nsul (Brastemp) e Electrolux usavam a rosca grossa e depois passaram a usar rosca fina. \u00c9 algo similar ao que acontece com os carros, para se comprar uma pe\u00e7a \u00e9 necess\u00e1rio saber o ano de fabrica\u00e7\u00e3o.<\/p>\n","protected":false},"featured_media":3149,"comment_status":"open","ping_status":"closed","template":"","meta":[],"product_cat":[1094],"product_tag":[1598],"_links":{"self":[{"href":"https:\/\/trenaferragens.com.br\/index.php?rest_route=\/wp\/v2\/product\/4891"}],"collection":[{"href":"https:\/\/trenaferragens.com.br\/index.php?rest_route=\/wp\/v2\/product"}],"about":[{"href":"https:\/\/trenaferragens.com.br\/index.php?rest_route=\/wp\/v2\/types\/product"}],"replies":[{"embeddable":true,"href":"https:\/\/trenaferragens.com.br\/index.php?rest_route=%2Fwp%2Fv2%2Fcomments&post=4891"}],"wp:featuredmedia":[{"embeddable":true,"href":"https:\/\/trenaferragens.com.br\/index.php?rest_route=\/wp\/v2\/media\/3149"}],"wp:attachment":[{"href":"https:\/\/trenaferragens.com.br\/index.php?rest_route=%2Fwp%2Fv2%2Fmedia&parent=4891"}],"wp:term":[{"taxonomy":"product_cat","embeddable":true,"href":"https:\/\/trenaferragens.com.br\/index.php?rest_route=%2Fwp%2Fv2%2Fproduct_cat&post=4891"},{"taxonomy":"product_tag","embeddable":true,"href":"https:\/\/trenaferragens.com.br\/index.php?rest_route=%2Fwp%2Fv2%2Fproduct_tag&post=4891"}],"curies":[{"name":"wp","href":"https:\/\/api.w.org\/{rel}","templated":true}]}}