{"id":4893,"date":"2018-08-01T16:23:22","date_gmt":"2018-08-01T16:23:22","guid":{"rendered":"http:\/\/trenaferragens1.hospedagemdesites.ws\/produto\/import-placeholder-for-7370\/"},"modified":"2018-08-01T16:23:46","modified_gmt":"2018-08-01T16:23:46","slug":"mangueira-ar-comprimido-300-trancada-preta-mantac","status":"publish","type":"product","link":"https:\/\/trenaferragens.com.br\/?product=mangueira-ar-comprimido-300-trancada-preta-mantac","title":{"rendered":"Mangueira Ar Comprimido 300 Tran\u00e7ada Preta Mantac"},"content":{"rendered":"<div class=\"grid-100\">\n<div>Mangueira Ar Comprimido 300 Tran\u00e7ada Preta Mantac<\/div>\n<div><\/div>\n<div class=\"titPg\">MANTAC<\/div>\n<\/div>\n<div>\n<div class=\"grid-50\">\n<div class=\"textoLongo\">\n<p>A Mantac \u00e9 uma f\u00e1brica especializada em mangueiras e tubos especiais, que atende todo o Brasil e tamb\u00e9m abastece o mercado sul-americano. Com sua sede em Joinville\/SC, a empresa iniciou suas atividades em 1999, mas em 2001 passou a desenvolver e construir suas pr\u00f3prias m\u00e1quinas, ferramentas e produtos, cravando de vez sua inser\u00e7\u00e3o no ramo pl\u00e1stico. A Mantac desenvolve produtos no mercado de mangueiras em PVC, acess\u00f3rios, conex\u00f5es e tubos polietileno e poliuretano.<\/p>\n<p>Atualmente a empresa possui 3 f\u00e1bricas que totalizam 12 mil m\u00b2. S\u00e3o duas em Joinville e uma em Governador Mangabeira, na Bahia. Seu corpo administrativo e produtivo possui vasta experi\u00eancia no segmento pl\u00e1stico, aptos sempre a desenvolver produtos de qualidade de acordo com a necessidade do mercado. A Mantac conquistou certificado de qualidade ISO 9001 e segue as recomenda\u00e7\u00f5es ambientais da ISO 14000, na qual tudo \u00e9 tratado sem contaminar o meio ambiente. Com isso, a empresa consegue oferecer um produto de qualidade aos seus clientes e, estes, t\u00eam a certeza que os materiais s\u00e3o produzidos sob uma forte pol\u00edtica de responsabilidade ambiental.<\/p>\n<p>A Mantac Mangueiras oferece, ainda, uma completa linha para jardinagem, uso odontol\u00f3gico, hospitalar, agr\u00edcola, industrial e para constru\u00e7\u00e3o civil. S\u00e3o produtos com maior resist\u00eancia e flexibilidade, que chegam rapidamente ao seu destino final, pois a Mantac trabalha com uma log\u00edstica diferenciada e frota pr\u00f3pria com mais sete transportadoras. Al\u00e9m disso, a empresa possui uma completa equipe de representantes espalhados por todo o territ\u00f3rio brasileiro. Procure hoje mesmo os produtos Mantac, \u00e9 mais qualidade e tecnologia para o que voc\u00ea precisar.<\/p>\n<\/div>\n<\/div>\n<\/div>\n","protected":false},"excerpt":{"rendered":"<p>Mangueira Ar Comprimido 300 Tran\u00e7ada Preta Mantac<\/p>\n<p>Dispon\u00edvel nas cores:<\/p>\n<p>Preta<\/p>\n<p>Tamanhos:<\/p>\n<p>5\/16<\/p>\n<p>APLICA\u00c7\u00c3O:<\/p>\n<p>Produto robusto, com boa flexibilidade e que possui elevada resist\u00eancia a uma press\u00e3o m\u00e9dia de 300 psi (librasf\/pol2), por isto \u00e9 muito utilizada em linhas Pneum\u00e1ticas de AR comprimidos, da\u00ed seu nome. Conduz bem o AR dos compressores (industrial ou dom\u00e9stico\/hobby) para equipamentos e dispositivos de linhas de montagens, pistolas para pintura e limpeza, parafusadeiras, lixadeiras, retificas e calibradores de pneus. Contudo, conduz perfeitamente \u00c1gua, a 300 libras*, desde que a temperatura n\u00e3o ultrapasse 40oC.<\/p>\n<p>MAT\u00c9RIA PRIMA:<\/p>\n<p>Possui tripla camada, duas de PVC nitr\u00edlico com borracha na cor Preta, revestida internamente com uma trama de fio de poli\u00e9ster alta tenacidade, que assegura sua resist\u00eancia. Possui ainda uma faixa lateral na cor Azul uma simbologia ao AR e \u00c1gua. Sua resist\u00eancia a press\u00e3o e flex\u00e3o seguem tabela abaixo, mas desde que o produto siga as Instru\u00e7\u00f5es de uso.<\/p>\n","protected":false},"featured_media":3160,"comment_status":"open","ping_status":"closed","template":"","meta":[],"product_cat":[1094],"product_tag":[1600],"_links":{"self":[{"href":"https:\/\/trenaferragens.com.br\/index.php?rest_route=\/wp\/v2\/product\/4893"}],"collection":[{"href":"https:\/\/trenaferragens.com.br\/index.php?rest_route=\/wp\/v2\/product"}],"about":[{"href":"https:\/\/trenaferragens.com.br\/index.php?rest_route=\/wp\/v2\/types\/product"}],"replies":[{"embeddable":true,"href":"https:\/\/trenaferragens.com.br\/index.php?rest_route=%2Fwp%2Fv2%2Fcomments&post=4893"}],"wp:featuredmedia":[{"embeddable":true,"href":"https:\/\/trenaferragens.com.br\/index.php?rest_route=\/wp\/v2\/media\/3160"}],"wp:attachment":[{"href":"https:\/\/trenaferragens.com.br\/index.php?rest_route=%2Fwp%2Fv2%2Fmedia&parent=4893"}],"wp:term":[{"taxonomy":"product_cat","embeddable":true,"href":"https:\/\/trenaferragens.com.br\/index.php?rest_route=%2Fwp%2Fv2%2Fproduct_cat&post=4893"},{"taxonomy":"product_tag","embeddable":true,"href":"https:\/\/trenaferragens.com.br\/index.php?rest_route=%2Fwp%2Fv2%2Fproduct_tag&post=4893"}],"curies":[{"name":"wp","href":"https:\/\/api.w.org\/{rel}","templated":true}]}}