{"id":4895,"date":"2018-08-01T16:23:24","date_gmt":"2018-08-01T16:23:24","guid":{"rendered":"http:\/\/trenaferragens1.hospedagemdesites.ws\/produto\/import-placeholder-for-7374\/"},"modified":"2018-08-01T16:23:47","modified_gmt":"2018-08-01T16:23:47","slug":"mangueira-filtro-atoxica-mantac","status":"publish","type":"product","link":"https:\/\/trenaferragens.com.br\/?product=mangueira-filtro-atoxica-mantac","title":{"rendered":"Mangueira Filtro At\u00f3xica Mantac"},"content":{"rendered":"<div class=\"grid-100\">\n<div>Mangueira Filtro At\u00f3xica Mantac<\/div>\n<div><\/div>\n<div class=\"titPg\">MANTAC<\/div>\n<\/div>\n<div>\n<div class=\"grid-50\">\n<div class=\"textoLongo\">\n<p>A Mantac \u00e9 uma f\u00e1brica especializada em mangueiras e tubos especiais, que atende todo o Brasil e tamb\u00e9m abastece o mercado sul-americano. Com sua sede em Joinville\/SC, a empresa iniciou suas atividades em 1999, mas em 2001 passou a desenvolver e construir suas pr\u00f3prias m\u00e1quinas, ferramentas e produtos, cravando de vez sua inser\u00e7\u00e3o no ramo pl\u00e1stico. A Mantac desenvolve produtos no mercado de mangueiras em PVC, acess\u00f3rios, conex\u00f5es e tubos polietileno e poliuretano.<\/p>\n<p>Atualmente a empresa possui 3 f\u00e1bricas que totalizam 12 mil m\u00b2. S\u00e3o duas em Joinville e uma em Governador Mangabeira, na Bahia. Seu corpo administrativo e produtivo possui vasta experi\u00eancia no segmento pl\u00e1stico, aptos sempre a desenvolver produtos de qualidade de acordo com a necessidade do mercado. A Mantac conquistou certificado de qualidade ISO 9001 e segue as recomenda\u00e7\u00f5es ambientais da ISO 14000, na qual tudo \u00e9 tratado sem contaminar o meio ambiente. Com isso, a empresa consegue oferecer um produto de qualidade aos seus clientes e, estes, t\u00eam a certeza que os materiais s\u00e3o produzidos sob uma forte pol\u00edtica de responsabilidade ambiental.<\/p>\n<p>A Mantac Mangueiras oferece, ainda, uma completa linha para jardinagem, uso odontol\u00f3gico, hospitalar, agr\u00edcola, industrial e para constru\u00e7\u00e3o civil. S\u00e3o produtos com maior resist\u00eancia e flexibilidade, que chegam rapidamente ao seu destino final, pois a Mantac trabalha com uma log\u00edstica diferenciada e frota pr\u00f3pria com mais sete transportadoras. Al\u00e9m disso, a empresa possui uma completa equipe de representantes espalhados por todo o territ\u00f3rio brasileiro. Procure hoje mesmo os produtos Mantac, \u00e9 mais qualidade e tecnologia para o que voc\u00ea precisar.<\/p>\n<\/div>\n<\/div>\n<\/div>\n","protected":false},"excerpt":{"rendered":"<p>Mangueira Filtro At\u00f3xica Mantac<\/p>\n<p>Dispon\u00edvel nas cores:<\/p>\n<p>Incolor<\/p>\n<p>Tamanhos:<\/p>\n<p>5\/16&#215;1.5MM<\/p>\n<p>APLICA\u00c7\u00c3O:<\/p>\n<p>&#8211; Usada para a condu\u00e7\u00e3o de aliment\u00edcios l\u00edquidos tais como: Vinho, Chopp, Leite (latic\u00ednios), Refrigerantes entre outros. Considerada no segmento, um elemento fundamental para garantir a higiene na passagem dos l\u00edquidos de forma segura protegendo-os de pequenos res\u00edduos e a total prote\u00e7\u00e3o contra contamina\u00e7\u00f5es e absor\u00e7\u00f5es toxicas, bem como qualquer tipo de gosto ou cheiro. A mangueira at\u00f3xica \u00e9 muito requisitada na condu\u00e7\u00e3o de l\u00edquidos que n\u00e3o podem alterar seu gosto e nem natureza f\u00edsico-qu\u00edmica, contudo, para o plastificante at\u00f3xico suportar bem, temos que fazer assepsia di\u00e1ria (lavar e higienizar bem processo e mangueira).<\/p>\n<p>MAT\u00c9RIA PRIMA:<\/p>\n<p>\u00c9 fabricado em PVC 100% virgem com plastificante especial at\u00f3xico e dureza de 65 a 80 Shore ou fabricadas com tr\u00eas camadas: interna de PVC at\u00f3xico transparente, intermedi\u00e1ria de refor\u00e7o de fibra t\u00eaxtil de poli\u00e9ster e externa de PVC at\u00f3xico transparente.<\/p>\n","protected":false},"featured_media":3162,"comment_status":"open","ping_status":"closed","template":"","meta":[],"product_cat":[1094],"product_tag":[1602],"_links":{"self":[{"href":"https:\/\/trenaferragens.com.br\/index.php?rest_route=\/wp\/v2\/product\/4895"}],"collection":[{"href":"https:\/\/trenaferragens.com.br\/index.php?rest_route=\/wp\/v2\/product"}],"about":[{"href":"https:\/\/trenaferragens.com.br\/index.php?rest_route=\/wp\/v2\/types\/product"}],"replies":[{"embeddable":true,"href":"https:\/\/trenaferragens.com.br\/index.php?rest_route=%2Fwp%2Fv2%2Fcomments&post=4895"}],"wp:featuredmedia":[{"embeddable":true,"href":"https:\/\/trenaferragens.com.br\/index.php?rest_route=\/wp\/v2\/media\/3162"}],"wp:attachment":[{"href":"https:\/\/trenaferragens.com.br\/index.php?rest_route=%2Fwp%2Fv2%2Fmedia&parent=4895"}],"wp:term":[{"taxonomy":"product_cat","embeddable":true,"href":"https:\/\/trenaferragens.com.br\/index.php?rest_route=%2Fwp%2Fv2%2Fproduct_cat&post=4895"},{"taxonomy":"product_tag","embeddable":true,"href":"https:\/\/trenaferragens.com.br\/index.php?rest_route=%2Fwp%2Fv2%2Fproduct_tag&post=4895"}],"curies":[{"name":"wp","href":"https:\/\/api.w.org\/{rel}","templated":true}]}}