{"id":4896,"date":"2018-08-01T16:23:25","date_gmt":"2018-08-01T16:23:25","guid":{"rendered":"http:\/\/trenaferragens1.hospedagemdesites.ws\/produto\/import-placeholder-for-7376\/"},"modified":"2018-08-01T16:23:48","modified_gmt":"2018-08-01T16:23:48","slug":"mangueira-jardim-amarela-gigaflex-mantac","status":"publish","type":"product","link":"https:\/\/trenaferragens.com.br\/?product=mangueira-jardim-amarela-gigaflex-mantac","title":{"rendered":"Mangueira Jardim Amarela Gigaflex Mantac"},"content":{"rendered":"<div class=\"grid-100\">\n<div>Mangueira Jardim Amarela Gigaflex Mantac<\/div>\n<div><\/div>\n<div class=\"titPg\">MANTAC<\/div>\n<\/div>\n<div>\n<div class=\"grid-50\">\n<div class=\"textoLongo\">\n<p>A Mantac \u00e9 uma f\u00e1brica especializada em mangueiras e tubos especiais, que atende todo o Brasil e tamb\u00e9m abastece o mercado sul-americano. Com sua sede em Joinville\/SC, a empresa iniciou suas atividades em 1999, mas em 2001 passou a desenvolver e construir suas pr\u00f3prias m\u00e1quinas, ferramentas e produtos, cravando de vez sua inser\u00e7\u00e3o no ramo pl\u00e1stico. A Mantac desenvolve produtos no mercado de mangueiras em PVC, acess\u00f3rios, conex\u00f5es e tubos polietileno e poliuretano.<\/p>\n<p>Atualmente a empresa possui 3 f\u00e1bricas que totalizam 12 mil m\u00b2. S\u00e3o duas em Joinville e uma em Governador Mangabeira, na Bahia. Seu corpo administrativo e produtivo possui vasta experi\u00eancia no segmento pl\u00e1stico, aptos sempre a desenvolver produtos de qualidade de acordo com a necessidade do mercado. A Mantac conquistou certificado de qualidade ISO 9001 e segue as recomenda\u00e7\u00f5es ambientais da ISO 14000, na qual tudo \u00e9 tratado sem contaminar o meio ambiente. Com isso, a empresa consegue oferecer um produto de qualidade aos seus clientes e, estes, t\u00eam a certeza que os materiais s\u00e3o produzidos sob uma forte pol\u00edtica de responsabilidade ambiental.<\/p>\n<p>A Mantac Mangueiras oferece, ainda, uma completa linha para jardinagem, uso odontol\u00f3gico, hospitalar, agr\u00edcola, industrial e para constru\u00e7\u00e3o civil. S\u00e3o produtos com maior resist\u00eancia e flexibilidade, que chegam rapidamente ao seu destino final, pois a Mantac trabalha com uma log\u00edstica diferenciada e frota pr\u00f3pria com mais sete transportadoras. Al\u00e9m disso, a empresa possui uma completa equipe de representantes espalhados por todo o territ\u00f3rio brasileiro. Procure hoje mesmo os produtos Mantac, \u00e9 mais qualidade e tecnologia para o que voc\u00ea precisar.<\/p>\n<\/div>\n<\/div>\n<\/div>\n","protected":false},"excerpt":{"rendered":"<p>Mangueira Jardim Amarela Gigaflex Mantac<\/p>\n<p>Dispon\u00edvel nas cores:<\/p>\n<p>Amarela<\/p>\n<p>Tamanhos:<\/p>\n<p>1\/2&#215;2.0MM<\/p>\n<p>APLICA\u00c7\u00c3O:<\/p>\n<p>\u00c9 indicada para jardinagem em geral, recomendada para uso dom\u00e9stico ou profissional na jardinagem. Mangueiras flex\u00edvel e de f\u00e1cil manuseio.<\/p>\n<p>MAT\u00c9RIA PRIMA:<\/p>\n<p>Fabricadas com 2 camadas em PVC e uma camada refor\u00e7ada de fios poli\u00e9ster.<\/p>\n","protected":false},"featured_media":3163,"comment_status":"open","ping_status":"closed","template":"","meta":[],"product_cat":[1094],"product_tag":[1603],"_links":{"self":[{"href":"https:\/\/trenaferragens.com.br\/index.php?rest_route=\/wp\/v2\/product\/4896"}],"collection":[{"href":"https:\/\/trenaferragens.com.br\/index.php?rest_route=\/wp\/v2\/product"}],"about":[{"href":"https:\/\/trenaferragens.com.br\/index.php?rest_route=\/wp\/v2\/types\/product"}],"replies":[{"embeddable":true,"href":"https:\/\/trenaferragens.com.br\/index.php?rest_route=%2Fwp%2Fv2%2Fcomments&post=4896"}],"wp:featuredmedia":[{"embeddable":true,"href":"https:\/\/trenaferragens.com.br\/index.php?rest_route=\/wp\/v2\/media\/3163"}],"wp:attachment":[{"href":"https:\/\/trenaferragens.com.br\/index.php?rest_route=%2Fwp%2Fv2%2Fmedia&parent=4896"}],"wp:term":[{"taxonomy":"product_cat","embeddable":true,"href":"https:\/\/trenaferragens.com.br\/index.php?rest_route=%2Fwp%2Fv2%2Fproduct_cat&post=4896"},{"taxonomy":"product_tag","embeddable":true,"href":"https:\/\/trenaferragens.com.br\/index.php?rest_route=%2Fwp%2Fv2%2Fproduct_tag&post=4896"}],"curies":[{"name":"wp","href":"https:\/\/api.w.org\/{rel}","templated":true}]}}