{"id":4899,"date":"2018-08-01T16:23:27","date_gmt":"2018-08-01T16:23:27","guid":{"rendered":"http:\/\/trenaferragens1.hospedagemdesites.ws\/produto\/import-placeholder-for-7382\/"},"modified":"2018-08-01T16:23:50","modified_gmt":"2018-08-01T16:23:50","slug":"eletrodo-p-solda-esab","status":"publish","type":"product","link":"https:\/\/trenaferragens.com.br\/?product=eletrodo-p-solda-esab","title":{"rendered":"Eletrodo P\/Solda Esab"},"content":{"rendered":"<div class=\"grid-100\">\n<div>Eletrodo P\/Solda Esab<\/div>\n<div><\/div>\n<div class=\"titPg\">ESAB<\/div>\n<\/div>\n<div>\n<div class=\"grid-50\">\n<div class=\"textoLongo\">\n<p>A hist\u00f3ria da ESAB \u00e9 a hist\u00f3ria da soldagem. Quando nosso fundador Oscar Kjellberg desenvolveu o primeiro eletrodo revestido para solda em 1904, criou a empresa cuja inova\u00e7\u00e3o e rigorosos padr\u00f5es ajudaram a construir a hist\u00f3ria da pr\u00f3pria soldagem.<\/p>\n<p>H\u00e1 mais de 100 anos a ESAB \u00e9 impulsionada pelo desejo de buscar continuamente maneiras novas e melhores de atender aos nossos clientes. Isto tornou a ESAB l\u00edder mundial em produtos e solu\u00e7\u00f5es para soldagem e sistemas de corte.<\/p>\n<p>Em 2012, a ESAB \u00e9 adquirida pela Colfax Corporation, uma empresa l\u00edder mundial em fabrica\u00e7\u00e3o industrial diversa. A Colfax, assim com a ESAB, \u00e9 uma empresa s\u00f3lida e com foco no cliente, que enfatiza a constante inova\u00e7\u00e3o e melhoria cont\u00ednua.<\/p>\n<\/div>\n<\/div>\n<\/div>\n","protected":false},"excerpt":{"rendered":"<p>Eletrodo P\/Solda Esab<\/p>\n<p>Tamanhos:<\/p>\n<p>2.50x350MM \/ 3.25x350MM<\/p>\n","protected":false},"featured_media":3166,"comment_status":"open","ping_status":"closed","template":"","meta":[],"product_cat":[1854],"product_tag":[1606],"_links":{"self":[{"href":"https:\/\/trenaferragens.com.br\/index.php?rest_route=\/wp\/v2\/product\/4899"}],"collection":[{"href":"https:\/\/trenaferragens.com.br\/index.php?rest_route=\/wp\/v2\/product"}],"about":[{"href":"https:\/\/trenaferragens.com.br\/index.php?rest_route=\/wp\/v2\/types\/product"}],"replies":[{"embeddable":true,"href":"https:\/\/trenaferragens.com.br\/index.php?rest_route=%2Fwp%2Fv2%2Fcomments&post=4899"}],"wp:featuredmedia":[{"embeddable":true,"href":"https:\/\/trenaferragens.com.br\/index.php?rest_route=\/wp\/v2\/media\/3166"}],"wp:attachment":[{"href":"https:\/\/trenaferragens.com.br\/index.php?rest_route=%2Fwp%2Fv2%2Fmedia&parent=4899"}],"wp:term":[{"taxonomy":"product_cat","embeddable":true,"href":"https:\/\/trenaferragens.com.br\/index.php?rest_route=%2Fwp%2Fv2%2Fproduct_cat&post=4899"},{"taxonomy":"product_tag","embeddable":true,"href":"https:\/\/trenaferragens.com.br\/index.php?rest_route=%2Fwp%2Fv2%2Fproduct_tag&post=4899"}],"curies":[{"name":"wp","href":"https:\/\/api.w.org\/{rel}","templated":true}]}}