{"id":4900,"date":"2018-08-01T16:23:28","date_gmt":"2018-08-01T16:23:28","guid":{"rendered":"http:\/\/trenaferragens1.hospedagemdesites.ws\/produto\/import-placeholder-for-7384\/"},"modified":"2018-08-01T16:23:51","modified_gmt":"2018-08-01T16:23:51","slug":"abracadeira-tipo-copo-jandrigues","status":"publish","type":"product","link":"https:\/\/trenaferragens.com.br\/?product=abracadeira-tipo-copo-jandrigues","title":{"rendered":"Abra\u00e7adeira Tipo Copo Jandrigues"},"content":{"rendered":"<div class=\"grid-100\">\n<div>Abra\u00e7adeira Tipo Copo Jandrigues<\/div>\n<div><\/div>\n<div class=\"titPg\">JANDRIGUES<\/div>\n<\/div>\n<div>\n<div class=\"grid-50\">\n<div class=\"textoLongo\">\n<p>A Jandrigues Industrial Ltda, fundada em Junho de 2001 na cidade de Chapec\u00f3, atuando inicialmente no mercado de abra\u00e7adeiras met\u00e1licas. Atendendo a necessidade e expans\u00e3o do mercado nacional, investiu no aprimoramento tecnol\u00f3gico dos produtos e diversificou sua \u00e1rea de atua\u00e7\u00e3o, lan\u00e7ando novos produtos e iniciando em uma nova linha de produtos polim\u00e9ricos.<br \/>\nTransferiu-se em Julho de 2013 para nova e moderna f\u00e1brica, em uma \u00e1rea de 37.000 m2, com 2.500 m2 de \u00e1rea constru\u00edda, para dar continuidade a seu projeto de expans\u00e3o, tendo como objetivo a excel\u00eancia em todos os processos, desde o projeto, desenvolvimento do produto, produ\u00e7\u00e3o, atendimento ao cliente e p\u00f3s venda.<br \/>\nAcreditamos que a qualidade \u00e9 um fator fundamental a qualquer organiza\u00e7\u00e3o, pois est\u00e1 diretamente ligada \u00e0 satisfa\u00e7\u00e3o e fideliza\u00e7\u00e3o do cliente, por isso a JANDRIGUES tem como miss\u00e3o reconhecer sempre a necessidade de seus clientes e busca satisfaz\u00ea-las inovando e mantendo sempre a qualidade de seus produtos.<\/p>\n<\/div>\n<\/div>\n<\/div>\n","protected":false},"excerpt":{"rendered":"<p>Abra\u00e7adeira Tipo Copo Jandrigues<\/p>\n<p>Tamanhos:<\/p>\n<p>1\/2 \/ 3\/4 \/ 1 \/ 1 1\/4 \/ 1 1\/2 \/ 2 \/ 2 1\/2 \/ 2 \/ 3 \/ 4<\/p>\n","protected":false},"featured_media":3167,"comment_status":"open","ping_status":"closed","template":"","meta":[],"product_cat":[198],"product_tag":[1607],"_links":{"self":[{"href":"https:\/\/trenaferragens.com.br\/index.php?rest_route=\/wp\/v2\/product\/4900"}],"collection":[{"href":"https:\/\/trenaferragens.com.br\/index.php?rest_route=\/wp\/v2\/product"}],"about":[{"href":"https:\/\/trenaferragens.com.br\/index.php?rest_route=\/wp\/v2\/types\/product"}],"replies":[{"embeddable":true,"href":"https:\/\/trenaferragens.com.br\/index.php?rest_route=%2Fwp%2Fv2%2Fcomments&post=4900"}],"wp:featuredmedia":[{"embeddable":true,"href":"https:\/\/trenaferragens.com.br\/index.php?rest_route=\/wp\/v2\/media\/3167"}],"wp:attachment":[{"href":"https:\/\/trenaferragens.com.br\/index.php?rest_route=%2Fwp%2Fv2%2Fmedia&parent=4900"}],"wp:term":[{"taxonomy":"product_cat","embeddable":true,"href":"https:\/\/trenaferragens.com.br\/index.php?rest_route=%2Fwp%2Fv2%2Fproduct_cat&post=4900"},{"taxonomy":"product_tag","embeddable":true,"href":"https:\/\/trenaferragens.com.br\/index.php?rest_route=%2Fwp%2Fv2%2Fproduct_tag&post=4900"}],"curies":[{"name":"wp","href":"https:\/\/api.w.org\/{rel}","templated":true}]}}