{"id":4906,"date":"2018-08-01T16:23:33","date_gmt":"2018-08-01T16:23:33","guid":{"rendered":"http:\/\/trenaferragens1.hospedagemdesites.ws\/produto\/import-placeholder-for-7403\/"},"modified":"2018-08-01T16:24:18","modified_gmt":"2018-08-01T16:24:18","slug":"arco-de-serra-mini","status":"publish","type":"product","link":"https:\/\/trenaferragens.com.br\/?product=arco-de-serra-mini","title":{"rendered":"Arco de Serra Mini"},"content":{"rendered":"<p>Arco de Serra Mini<\/p>\n<p>STARRETT<\/p>\n<p>A Starrett, uma das maiores fabricantes de serras, ferramentas e instrumentos de medi\u00e7\u00e3o do mundo, iniciou sua opera\u00e7\u00e3o no Brasil em 1956. Sua primeira f\u00e1brica foi constru\u00edda na cidade de S\u00e3o Paulo e, depois, a planta industrial foi transferida para o interior, na cidade de Itu\/SP, onde continua at\u00e9 hoje produzindo ferramentas, serras e instrumentos de medi\u00e7\u00e3o.<\/p>\n<p>O hist\u00f3rico da Starrett teve in\u00edcio em 1878, quando Laroy S. Starrett inventou o esquadro combinado, que continua sendo uma das mais pr\u00e1ticas e vers\u00e1teis inven\u00e7\u00f5es em ferramentas de todo o mundo.<\/p>\n<p>Em 1880, foi constru\u00edda a primeira f\u00e1brica em Athol, Massachusetts nos Estados Unidos. Hoje, a Starrett conta com 09 f\u00e1bricas, sendo 06 nos Estados Unidos, 01 na Esc\u00f3cia, 01 na China e 01 em Itu, no Brasil.<\/p>\n<p>A empresa produz mais de cinco mil produtos, tais como l\u00e2minas de serras de fita para corte de metais, madeira e carne, ferramentas de precis\u00e3o e instrumentos de medi\u00e7\u00e3o.<\/p>\n<p>Os produtos Starrett s\u00e3o vendidos em mais de 100 pa\u00edses por meio de uma rede de distribuidores atendendo a uma variada gama de segmentos que vai desde ferramentas para a ind\u00fastria automobil\u00edstica, avia\u00e7\u00e3o, marinha, at\u00e9 equipamentos agr\u00edcolas, ferramentas para trabalhos manuais (fa\u00e7a voc\u00ea mesmo!) para construtores, carpinteiros, encanadores, eletricistas etc.<\/p>\n","protected":false},"excerpt":{"rendered":"<div>Arco de Serra Extra Tens\u00e3o<\/div>\n<div>\n<p>Mini Arco de Serra N\u00ba 146<\/p>\n<p>Ideal para executar trabalhos leves de corte e em locais de dif\u00edcil acesso. Este arco possibilita o uso de l\u00e2minas de 200mm (8&#8243;), 250mm (10&#8243;) e 300mm (12&#8243;).<\/p>\n<ul>\n<li>Leve e robusto.<\/li>\n<li>\u00c1rea da l\u00e2mina exposta ajust\u00e1vel para diferentes necessidades.<\/li>\n<li>\n<div>F\u00e1cil troca de l\u00e2mina atrav\u00e9s da borboleta de aperto.<\/div>\n<\/li>\n<li>Compacto, ocupa pouco espa\u00e7o na caixa de ferramentas.<\/li>\n<\/ul>\n<\/div>\n","protected":false},"featured_media":3187,"comment_status":"open","ping_status":"closed","template":"","meta":[],"product_cat":[188,189],"product_tag":[1613],"_links":{"self":[{"href":"https:\/\/trenaferragens.com.br\/index.php?rest_route=\/wp\/v2\/product\/4906"}],"collection":[{"href":"https:\/\/trenaferragens.com.br\/index.php?rest_route=\/wp\/v2\/product"}],"about":[{"href":"https:\/\/trenaferragens.com.br\/index.php?rest_route=\/wp\/v2\/types\/product"}],"replies":[{"embeddable":true,"href":"https:\/\/trenaferragens.com.br\/index.php?rest_route=%2Fwp%2Fv2%2Fcomments&post=4906"}],"wp:featuredmedia":[{"embeddable":true,"href":"https:\/\/trenaferragens.com.br\/index.php?rest_route=\/wp\/v2\/media\/3187"}],"wp:attachment":[{"href":"https:\/\/trenaferragens.com.br\/index.php?rest_route=%2Fwp%2Fv2%2Fmedia&parent=4906"}],"wp:term":[{"taxonomy":"product_cat","embeddable":true,"href":"https:\/\/trenaferragens.com.br\/index.php?rest_route=%2Fwp%2Fv2%2Fproduct_cat&post=4906"},{"taxonomy":"product_tag","embeddable":true,"href":"https:\/\/trenaferragens.com.br\/index.php?rest_route=%2Fwp%2Fv2%2Fproduct_tag&post=4906"}],"curies":[{"name":"wp","href":"https:\/\/api.w.org\/{rel}","templated":true}]}}