{"id":4907,"date":"2018-08-01T16:23:34","date_gmt":"2018-08-01T16:23:34","guid":{"rendered":"http:\/\/trenaferragens1.hospedagemdesites.ws\/produto\/import-placeholder-for-7405\/"},"modified":"2018-08-01T16:24:20","modified_gmt":"2018-08-01T16:24:20","slug":"arco-de-serra-r-140","status":"publish","type":"product","link":"https:\/\/trenaferragens.com.br\/?product=arco-de-serra-r-140","title":{"rendered":"Arco de Serra R.140"},"content":{"rendered":"<p>Arco de Serra R.140<\/p>\n<p>STARRETT<\/p>\n<p>A Starrett, uma das maiores fabricantes de serras, ferramentas e instrumentos de medi\u00e7\u00e3o do mundo, iniciou sua opera\u00e7\u00e3o no Brasil em 1956. Sua primeira f\u00e1brica foi constru\u00edda na cidade de S\u00e3o Paulo e, depois, a planta industrial foi transferida para o interior, na cidade de Itu\/SP, onde continua at\u00e9 hoje produzindo ferramentas, serras e instrumentos de medi\u00e7\u00e3o.<\/p>\n<p>O hist\u00f3rico da Starrett teve in\u00edcio em 1878, quando Laroy S. Starrett inventou o esquadro combinado, que continua sendo uma das mais pr\u00e1ticas e vers\u00e1teis inven\u00e7\u00f5es em ferramentas de todo o mundo.<\/p>\n<p>Em 1880, foi constru\u00edda a primeira f\u00e1brica em Athol, Massachusetts nos Estados Unidos. Hoje, a Starrett conta com 09 f\u00e1bricas, sendo 06 nos Estados Unidos, 01 na Esc\u00f3cia, 01 na China e 01 em Itu, no Brasil.<\/p>\n<p>A empresa produz mais de cinco mil produtos, tais como l\u00e2minas de serras de fita para corte de metais, madeira e carne, ferramentas de precis\u00e3o e instrumentos de medi\u00e7\u00e3o.<\/p>\n<p>Os produtos Starrett s\u00e3o vendidos em mais de 100 pa\u00edses por meio de uma rede de distribuidores atendendo a uma variada gama de segmentos que vai desde ferramentas para a ind\u00fastria automobil\u00edstica, avia\u00e7\u00e3o, marinha, at\u00e9 equipamentos agr\u00edcolas, ferramentas para trabalhos manuais (fa\u00e7a voc\u00ea mesmo!) para construtores, carpinteiros, encanadores, eletricistas etc.<\/p>\n","protected":false},"excerpt":{"rendered":"<div>Arco de Serra R.140<\/div>\n<div>\n<p>Arco de serra 140<\/p>\n<p>Compacto e resistente, o arco 140 \u00e9 a melhor ferramenta para executar servi\u00e7os em locais de dif\u00edcil acesso. Um arco mais leve permite que o usu\u00e1rio efetue cortes mais r\u00e1pidos e precisos, em especial nos ambientes que dificultam o desenvolvimento do trabalho.<\/p>\n<p>Ideal para profissionais aut\u00f4nomos como pedreiro, encanador e eletricista.<\/p>\n<p>O arco 140 possui cabo com empunhadura anat\u00f4mica, otimizando o esfor\u00e7o empregado na opera\u00e7\u00e3o de corte. Melhor para o profissional, que emprega menos esfor\u00e7o e ainda prolonga a vida \u00fatil da sua l\u00e2mina de serra Starrett.<\/p>\n<p><strong>Caracter\u00edsticas<\/strong><\/p>\n<ul>\n<li>Este arco \u00e9 fabricado com tecnologia inovadora, pois uma pe\u00e7a de Zamac \u00e9 sobreinjetada no cabo pl\u00e1stico para garantir maior resist\u00eancia, robustez e permitir que o conjunto permane\u00e7a leve, um diferencial e tanto, especialmente nas opera\u00e7\u00f5es de corte de dif\u00edcil acesso.<\/li>\n<li>Cabo anat\u00f4mico, fechado, de pl\u00e1stico resistente assegura comodidade e firmeza no manuseio.<\/li>\n<li>Projetado para serras de 300mm, cuja tens\u00e3o se d\u00e1 por uma porca borboleta localizada na parte frontal do arco, facilitando o tensionamento da l\u00e2mina.<\/li>\n<\/ul>\n<\/div>\n","protected":false},"featured_media":3188,"comment_status":"open","ping_status":"closed","template":"","meta":[],"product_cat":[188,189],"product_tag":[1614],"_links":{"self":[{"href":"https:\/\/trenaferragens.com.br\/index.php?rest_route=\/wp\/v2\/product\/4907"}],"collection":[{"href":"https:\/\/trenaferragens.com.br\/index.php?rest_route=\/wp\/v2\/product"}],"about":[{"href":"https:\/\/trenaferragens.com.br\/index.php?rest_route=\/wp\/v2\/types\/product"}],"replies":[{"embeddable":true,"href":"https:\/\/trenaferragens.com.br\/index.php?rest_route=%2Fwp%2Fv2%2Fcomments&post=4907"}],"wp:featuredmedia":[{"embeddable":true,"href":"https:\/\/trenaferragens.com.br\/index.php?rest_route=\/wp\/v2\/media\/3188"}],"wp:attachment":[{"href":"https:\/\/trenaferragens.com.br\/index.php?rest_route=%2Fwp%2Fv2%2Fmedia&parent=4907"}],"wp:term":[{"taxonomy":"product_cat","embeddable":true,"href":"https:\/\/trenaferragens.com.br\/index.php?rest_route=%2Fwp%2Fv2%2Fproduct_cat&post=4907"},{"taxonomy":"product_tag","embeddable":true,"href":"https:\/\/trenaferragens.com.br\/index.php?rest_route=%2Fwp%2Fv2%2Fproduct_tag&post=4907"}],"curies":[{"name":"wp","href":"https:\/\/api.w.org\/{rel}","templated":true}]}}