{"id":4910,"date":"2018-08-01T16:23:59","date_gmt":"2018-08-01T16:23:59","guid":{"rendered":"http:\/\/trenaferragens1.hospedagemdesites.ws\/produto\/import-placeholder-for-7413\/"},"modified":"2025-04-09T12:48:27","modified_gmt":"2025-04-09T12:48:27","slug":"broca-de-vimea-para-concreto-starrett","status":"publish","type":"product","link":"https:\/\/trenaferragens.com.br\/?product=broca-de-vimea-para-concreto-starrett","title":{"rendered":"Broca de V\u00edmea para Concreto Starrett"},"content":{"rendered":"<p>Broca de V\u00edmea para Concreto Starrett<\/p>\n<p>STARRETT<\/p>\n<p>A Starrett, uma das maiores fabricantes de serras, ferramentas e instrumentos de medi\u00e7\u00e3o do mundo, iniciou sua opera\u00e7\u00e3o no Brasil em 1956. Sua primeira f\u00e1brica foi constru\u00edda na cidade de S\u00e3o Paulo e, depois, a planta industrial foi transferida para o interior, na cidade de Itu\/SP, onde continua at\u00e9 hoje produzindo ferramentas, serras e instrumentos de medi\u00e7\u00e3o.<\/p>\n<p>O hist\u00f3rico da Starrett teve in\u00edcio em 1878, quando Laroy S. Starrett inventou o esquadro combinado, que continua sendo uma das mais pr\u00e1ticas e vers\u00e1teis inven\u00e7\u00f5es em ferramentas de todo o mundo.<\/p>\n<p>Em 1880, foi constru\u00edda a primeira f\u00e1brica em Athol, Massachusetts nos Estados Unidos. Hoje, a Starrett conta com 09 f\u00e1bricas, sendo 06 nos Estados Unidos, 01 na Esc\u00f3cia, 01 na China e 01 em Itu, no Brasil.<\/p>\n<p>A empresa produz mais de cinco mil produtos, tais como l\u00e2minas de serras de fita para corte de metais, madeira e carne, ferramentas de precis\u00e3o e instrumentos de medi\u00e7\u00e3o.<\/p>\n<p>Os produtos Starrett s\u00e3o vendidos em mais de 100 pa\u00edses por meio de uma rede de distribuidores atendendo a uma variada gama de segmentos que vai desde ferramentas para a ind\u00fastria automobil\u00edstica, avia\u00e7\u00e3o, marinha, at\u00e9 equipamentos agr\u00edcolas, ferramentas para trabalhos manuais (fa\u00e7a voc\u00ea mesmo!) para construtores, carpinteiros, encanadores, eletricistas etc.<\/p>\n","protected":false},"excerpt":{"rendered":"<div>Broca de V\u00edmea para Concreto Starrett<\/div>\n<div><\/div>\n<div>Tamanhos:<\/div>\n<div><\/div>\n<div>10MM \/ 5MM \/ 6MM \/ 7MM \/ 8MM<\/div>\n<div><\/div>\n<div>\n<div>Com 15 modelos, a nova linha de Brocas para Concreto da Starrett<sup>\u00ae<\/sup>\u00a0foi criada para otimizar ainda mais o desempenho dos usu\u00e1rios na perfura\u00e7\u00e3o de paredes de concreto, alvenarias, azulejos, granitos e m\u00e1rmores.<\/div>\n<div>S\u00e3o diversas op\u00e7\u00f5es, com di\u00e2metros e formatos espec\u00edficos para atender cada tipo de necessidade. Ideal para uso caseiro, em pequenas manuten\u00e7\u00f5es e reparos, e tamb\u00e9m para uso profissional.<\/div>\n<div>\n<div><strong>Caracter\u00edsitcas<\/strong><\/div>\n<ul>\n<li>Fabricada em a\u00e7o com ponta de metal duro.<\/li>\n<li>Alta dureza.<\/li>\n<li>Canais amplos e longos.<\/li>\n<li>Excel\u00eancia na geometria de corte.<\/li>\n<li>Resist\u00eancia \u00e0 fadiga.<\/li>\n<\/ul>\n<div><strong>Vantagens<\/strong><\/div>\n<ul>\n<li>Agilidade e facilidade de manuseio.<\/li>\n<li>Maior durabilidade.<\/li>\n<li>Precis\u00e3o.<\/li>\n<li>Seguran\u00e7a.<\/li>\n<\/ul>\n<div>DICAS PARA FURAR CONCRETO<\/div>\n<ul>\n<li>Antes de iniciar a opera\u00e7\u00e3o, vale entender que \u00e9 a ponta da pe\u00e7a que realiza a perfura\u00e7\u00e3o. Por isso ela \u00e9 fabricada em carboneto de Tungst\u00eanio, um metal de alta dureza capaz de suportar altas temperaturas. J\u00e1 os canais da broca atuam removendo o p\u00f3 de dentro do furo.<\/li>\n<li>Puncione o local que se pretende perfurar antes de iniciar a opera\u00e7\u00e3o para impedir o deslizamento da broca e, assim, garantir a sua seguran\u00e7a.<\/li>\n<li>Nunca utilize \u00e1gua para limpar o furo durante a opera\u00e7\u00e3o, pois este procedimento pode danificar a ponta da pe\u00e7a e prejudicar o seu desempenho<\/li>\n<li>Uma boa dica para retirar o excesso de p\u00f3 \u00e9 movimentar a broca de dentro para fora do furo, ainda durante a opera\u00e7\u00e3o.<\/li>\n<li>Tenha o comprimento dos canais da broca como limite para a profundidade do furo. Desta forma voc\u00ea garante a sua seguran\u00e7a e n\u00e3o corre o risco de perder a pe\u00e7a caso ela venha a quebrar dentro do furo.<\/li>\n<li>Utilize sempre a fun\u00e7\u00e3o \u201cMartelo\u201d em sua furadeira.<\/li>\n<li><em><strong>Use \u00f3culos, luvas de prote\u00e7\u00e3o e equipamentos de seguran\u00e7a em qualquer atividade.<\/strong><\/em><\/li>\n<\/ul>\n<\/div>\n<\/div>\n","protected":false},"featured_media":3193,"comment_status":"open","ping_status":"closed","template":"","meta":[],"product_cat":[188,189],"product_tag":[1617],"_links":{"self":[{"href":"https:\/\/trenaferragens.com.br\/index.php?rest_route=\/wp\/v2\/product\/4910"}],"collection":[{"href":"https:\/\/trenaferragens.com.br\/index.php?rest_route=\/wp\/v2\/product"}],"about":[{"href":"https:\/\/trenaferragens.com.br\/index.php?rest_route=\/wp\/v2\/types\/product"}],"replies":[{"embeddable":true,"href":"https:\/\/trenaferragens.com.br\/index.php?rest_route=%2Fwp%2Fv2%2Fcomments&post=4910"}],"wp:featuredmedia":[{"embeddable":true,"href":"https:\/\/trenaferragens.com.br\/index.php?rest_route=\/wp\/v2\/media\/3193"}],"wp:attachment":[{"href":"https:\/\/trenaferragens.com.br\/index.php?rest_route=%2Fwp%2Fv2%2Fmedia&parent=4910"}],"wp:term":[{"taxonomy":"product_cat","embeddable":true,"href":"https:\/\/trenaferragens.com.br\/index.php?rest_route=%2Fwp%2Fv2%2Fproduct_cat&post=4910"},{"taxonomy":"product_tag","embeddable":true,"href":"https:\/\/trenaferragens.com.br\/index.php?rest_route=%2Fwp%2Fv2%2Fproduct_tag&post=4910"}],"curies":[{"name":"wp","href":"https:\/\/api.w.org\/{rel}","templated":true}]}}