{"id":4913,"date":"2018-08-01T16:24:01","date_gmt":"2018-08-01T16:24:01","guid":{"rendered":"http:\/\/trenaferragens1.hospedagemdesites.ws\/produto\/import-placeholder-for-7424\/"},"modified":"2018-08-01T16:24:23","modified_gmt":"2018-08-01T16:24:23","slug":"disco-diamantado-turbo-ddt-110-starrett","status":"publish","type":"product","link":"https:\/\/trenaferragens.com.br\/?product=disco-diamantado-turbo-ddt-110-starrett","title":{"rendered":"Disco Diamantado Turbo DDT 110 Starrett"},"content":{"rendered":"<p>Disco Diamantado Turbo DDT 110 Starrett<\/p>\n<p>STARRETT<\/p>\n<p>A Starrett, uma das maiores fabricantes de serras, ferramentas e instrumentos de medi\u00e7\u00e3o do mundo, iniciou sua opera\u00e7\u00e3o no Brasil em 1956. Sua primeira f\u00e1brica foi constru\u00edda na cidade de S\u00e3o Paulo e, depois, a planta industrial foi transferida para o interior, na cidade de Itu\/SP, onde continua at\u00e9 hoje produzindo ferramentas, serras e instrumentos de medi\u00e7\u00e3o.<\/p>\n<p>O hist\u00f3rico da Starrett teve in\u00edcio em 1878, quando Laroy S. Starrett inventou o esquadro combinado, que continua sendo uma das mais pr\u00e1ticas e vers\u00e1teis inven\u00e7\u00f5es em ferramentas de todo o mundo.<\/p>\n<p>Em 1880, foi constru\u00edda a primeira f\u00e1brica em Athol, Massachusetts nos Estados Unidos. Hoje, a Starrett conta com 09 f\u00e1bricas, sendo 06 nos Estados Unidos, 01 na Esc\u00f3cia, 01 na China e 01 em Itu, no Brasil.<\/p>\n<p>A empresa produz mais de cinco mil produtos, tais como l\u00e2minas de serras de fita para corte de metais, madeira e carne, ferramentas de precis\u00e3o e instrumentos de medi\u00e7\u00e3o.<\/p>\n<p>Os produtos Starrett s\u00e3o vendidos em mais de 100 pa\u00edses por meio de uma rede de distribuidores atendendo a uma variada gama de segmentos que vai desde ferramentas para a ind\u00fastria automobil\u00edstica, avia\u00e7\u00e3o, marinha, at\u00e9 equipamentos agr\u00edcolas, ferramentas para trabalhos manuais (fa\u00e7a voc\u00ea mesmo!) para construtores, carpinteiros, encanadores, eletricistas etc.<\/p>\n","protected":false},"excerpt":{"rendered":"<div>Disco Diamantado Turbo DDT 110 Starrett<\/div>\n<div>\n<p>Disco Diamantado DDT 110<\/p>\n<p>O Disco Turbo (DDT110) com borda lisa e segmentada, tem sulcos que ajudam a resfriar o disco proporcionando cortes suaves e mais r\u00e1pidos.<\/p>\n<p><strong>Caracter\u00edsticas:<\/strong><br \/>\nDisco turbo para granitos, pedras decorativas, m\u00e1rmores, alvenaria e telhas de fibrocimento..<\/p>\n<p><strong>Informa\u00e7\u00f5es:<\/strong><\/p>\n<ul>\n<li>N\u00ba cat\u00e1logo: DDT110.<\/li>\n<li>Di\u00e2metro Externo: 110 mm.<\/li>\n<li>Di\u00e2metro Interno: 20 mm.<\/li>\n<li>Rota\u00e7\u00e3o RPM: 13.900.<\/li>\n<li>Rota\u00e7\u00e3o m\/seg: 80.<\/li>\n<\/ul>\n<p><strong>Embalagem 6 Pe\u00e7as:<\/strong><\/p>\n<ul>\n<li>M\u00faltiplo: 6 pe\u00e7as.<\/li>\n<li>C\u00f3digo de Barras: 67891265148751.<\/li>\n<li>Dimens\u00f5es: 115 x 115 x 33 mm.<\/li>\n<li>Peso: 72 g.<\/li>\n<\/ul>\n<p><strong>Embalagem 36 Pe\u00e7as:<\/strong><\/p>\n<ul>\n<li>M\u00faltiplo: 36 pe\u00e7as.<\/li>\n<li>C\u00f3digo de Barras: 57891265148754.<\/li>\n<li>Dimens\u00f5es: 235 x 165 x 120 mm.<\/li>\n<li>Peso: 4,44 Kg.<\/li>\n<\/ul>\n<p><strong>Informa\u00e7\u00f5es de Seguran\u00e7a<\/strong><br \/>\n\u2022 Para acessar informa\u00e7\u00f5es de seguran\u00e7a a respeito deste disco, clique\u00a0<a href=\"http:\/\/www.starrett.com.br\/discos\/Informacoes-de-seguranca-discos-starrett-01.pdf\" target=\"_blank\" rel=\"noopener\">aqui<\/a><\/p>\n<\/div>\n","protected":false},"featured_media":3204,"comment_status":"closed","ping_status":"closed","template":"","meta":[],"product_cat":[188,189],"product_tag":[1620],"_links":{"self":[{"href":"https:\/\/trenaferragens.com.br\/index.php?rest_route=\/wp\/v2\/product\/4913"}],"collection":[{"href":"https:\/\/trenaferragens.com.br\/index.php?rest_route=\/wp\/v2\/product"}],"about":[{"href":"https:\/\/trenaferragens.com.br\/index.php?rest_route=\/wp\/v2\/types\/product"}],"replies":[{"embeddable":true,"href":"https:\/\/trenaferragens.com.br\/index.php?rest_route=%2Fwp%2Fv2%2Fcomments&post=4913"}],"wp:featuredmedia":[{"embeddable":true,"href":"https:\/\/trenaferragens.com.br\/index.php?rest_route=\/wp\/v2\/media\/3204"}],"wp:attachment":[{"href":"https:\/\/trenaferragens.com.br\/index.php?rest_route=%2Fwp%2Fv2%2Fmedia&parent=4913"}],"wp:term":[{"taxonomy":"product_cat","embeddable":true,"href":"https:\/\/trenaferragens.com.br\/index.php?rest_route=%2Fwp%2Fv2%2Fproduct_cat&post=4913"},{"taxonomy":"product_tag","embeddable":true,"href":"https:\/\/trenaferragens.com.br\/index.php?rest_route=%2Fwp%2Fv2%2Fproduct_tag&post=4913"}],"curies":[{"name":"wp","href":"https:\/\/api.w.org\/{rel}","templated":true}]}}