{"id":4914,"date":"2018-08-01T16:24:02","date_gmt":"2018-08-01T16:24:02","guid":{"rendered":"http:\/\/trenaferragens1.hospedagemdesites.ws\/produto\/import-placeholder-for-7430\/"},"modified":"2018-08-01T16:24:24","modified_gmt":"2018-08-01T16:24:24","slug":"disco-flap-fibra-conico-starrett","status":"publish","type":"product","link":"https:\/\/trenaferragens.com.br\/?product=disco-flap-fibra-conico-starrett","title":{"rendered":"Disco Flap Fibra C\u00f4nico Starrett"},"content":{"rendered":"<p>Disco Flap Fibra C\u00f4nico Starrett<\/p>\n<p>STARRETT<\/p>\n<p>A Starrett, uma das maiores fabricantes de serras, ferramentas e instrumentos de medi\u00e7\u00e3o do mundo, iniciou sua opera\u00e7\u00e3o no Brasil em 1956. Sua primeira f\u00e1brica foi constru\u00edda na cidade de S\u00e3o Paulo e, depois, a planta industrial foi transferida para o interior, na cidade de Itu\/SP, onde continua at\u00e9 hoje produzindo ferramentas, serras e instrumentos de medi\u00e7\u00e3o.<\/p>\n<p>O hist\u00f3rico da Starrett teve in\u00edcio em 1878, quando Laroy S. Starrett inventou o esquadro combinado, que continua sendo uma das mais pr\u00e1ticas e vers\u00e1teis inven\u00e7\u00f5es em ferramentas de todo o mundo.<\/p>\n<p>Em 1880, foi constru\u00edda a primeira f\u00e1brica em Athol, Massachusetts nos Estados Unidos. Hoje, a Starrett conta com 09 f\u00e1bricas, sendo 06 nos Estados Unidos, 01 na Esc\u00f3cia, 01 na China e 01 em Itu, no Brasil.<\/p>\n<p>A empresa produz mais de cinco mil produtos, tais como l\u00e2minas de serras de fita para corte de metais, madeira e carne, ferramentas de precis\u00e3o e instrumentos de medi\u00e7\u00e3o.<\/p>\n<p>Os produtos Starrett s\u00e3o vendidos em mais de 100 pa\u00edses por meio de uma rede de distribuidores atendendo a uma variada gama de segmentos que vai desde ferramentas para a ind\u00fastria automobil\u00edstica, avia\u00e7\u00e3o, marinha, at\u00e9 equipamentos agr\u00edcolas, ferramentas para trabalhos manuais (fa\u00e7a voc\u00ea mesmo!) para construtores, carpinteiros, encanadores, eletricistas etc.<\/p>\n","protected":false},"excerpt":{"rendered":"<div>Disco Flap Fibra C\u00f4nico Starrett<\/div>\n<div><\/div>\n<div>Tamanhos:<\/div>\n<div>115&#215;22 23MM GR40 \/ 115&#215;22 23MM GR80 \/ 115&#215;22 23MM GR 120 \/ 180&#215;22 23MM GR 60 \/ 180&#215;22 23MM GR80<\/div>\n<div>\n<p>Discos de Flap Categoria Starrett<sup>\u00ae<\/sup><\/p>\n<p>Os Discos de Flap Starrett<sup>\u00ae<\/sup>\u00a0s\u00e3o fabricados de acordo com as Normas ABNT NBR 16195 e ABNT NBR ISO 15635 com gr\u00e3os de zirc\u00f4nio de alta performance proporcionando \u00f3tima taxa de remo\u00e7\u00e3o e excelente acabamento.<\/p>\n<div><strong>Caracter\u00edsticas<\/strong><\/div>\n<ul>\n<li>Discos com suporte em fibra de vidro e formato c\u00f4nico.<\/li>\n<li>Gr\u00e3os de zirc\u00f4nio proporcionam maior vida \u00fatil.<\/li>\n<li>\u00d3timo custo-benef\u00edcio com excelente taxa de remo\u00e7\u00e3o de material.<\/li>\n<li>Desbaste e acabamento na mesma opera\u00e7\u00e3o, reduzindo o tempo e custo no processo.<\/li>\n<li>Menor ru\u00eddo e vibra\u00e7\u00e3o.<\/li>\n<\/ul>\n<p><strong>Aplica\u00e7\u00f5es<\/strong><\/p>\n<ul>\n<li>Aplic\u00e1vel em opera\u00e7\u00f5es de desbaste, remo\u00e7\u00e3o de solda e acabamento em a\u00e7o inox, alum\u00ednio, metais ferrosos e n\u00e3o ferrosos com esmerilhadeiras angulares.<\/li>\n<li>Preferencialmente utilizado em superf\u00edcies curvas e cantos devido ao seu formato c\u00f4nico, proporcionando \u00f3timo acabamento.<\/li>\n<li>\u00c2ngulo de trabalho de 15\u00b0 a 25\u00b0.<\/li>\n<\/ul>\n<\/div>\n","protected":false},"featured_media":3205,"comment_status":"closed","ping_status":"closed","template":"","meta":[],"product_cat":[188,189],"product_tag":[1621],"_links":{"self":[{"href":"https:\/\/trenaferragens.com.br\/index.php?rest_route=\/wp\/v2\/product\/4914"}],"collection":[{"href":"https:\/\/trenaferragens.com.br\/index.php?rest_route=\/wp\/v2\/product"}],"about":[{"href":"https:\/\/trenaferragens.com.br\/index.php?rest_route=\/wp\/v2\/types\/product"}],"replies":[{"embeddable":true,"href":"https:\/\/trenaferragens.com.br\/index.php?rest_route=%2Fwp%2Fv2%2Fcomments&post=4914"}],"wp:featuredmedia":[{"embeddable":true,"href":"https:\/\/trenaferragens.com.br\/index.php?rest_route=\/wp\/v2\/media\/3205"}],"wp:attachment":[{"href":"https:\/\/trenaferragens.com.br\/index.php?rest_route=%2Fwp%2Fv2%2Fmedia&parent=4914"}],"wp:term":[{"taxonomy":"product_cat","embeddable":true,"href":"https:\/\/trenaferragens.com.br\/index.php?rest_route=%2Fwp%2Fv2%2Fproduct_cat&post=4914"},{"taxonomy":"product_tag","embeddable":true,"href":"https:\/\/trenaferragens.com.br\/index.php?rest_route=%2Fwp%2Fv2%2Fproduct_tag&post=4914"}],"curies":[{"name":"wp","href":"https:\/\/api.w.org\/{rel}","templated":true}]}}