{"id":4918,"date":"2018-08-01T16:24:05","date_gmt":"2018-08-01T16:24:05","guid":{"rendered":"http:\/\/trenaferragens1.hospedagemdesites.ws\/produto\/import-placeholder-for-7443\/"},"modified":"2018-08-01T16:24:27","modified_gmt":"2018-08-01T16:24:27","slug":"kit-3-discos-diamantados-continuos-starrett","status":"publish","type":"product","link":"https:\/\/trenaferragens.com.br\/?product=kit-3-discos-diamantados-continuos-starrett","title":{"rendered":"Kit 3 Discos Diamantados Cont\u00ednuos Starrett"},"content":{"rendered":"<p>Kit 3 Discos Diamantados Cont\u00ednuos Starrett<\/p>\n<p>STARRETT<\/p>\n<p>A Starrett, uma das maiores fabricantes de serras, ferramentas e instrumentos de medi\u00e7\u00e3o do mundo, iniciou sua opera\u00e7\u00e3o no Brasil em 1956. Sua primeira f\u00e1brica foi constru\u00edda na cidade de S\u00e3o Paulo e, depois, a planta industrial foi transferida para o interior, na cidade de Itu\/SP, onde continua at\u00e9 hoje produzindo ferramentas, serras e instrumentos de medi\u00e7\u00e3o.<\/p>\n<p>O hist\u00f3rico da Starrett teve in\u00edcio em 1878, quando Laroy S. Starrett inventou o esquadro combinado, que continua sendo uma das mais pr\u00e1ticas e vers\u00e1teis inven\u00e7\u00f5es em ferramentas de todo o mundo.<\/p>\n<p>Em 1880, foi constru\u00edda a primeira f\u00e1brica em Athol, Massachusetts nos Estados Unidos. Hoje, a Starrett conta com 09 f\u00e1bricas, sendo 06 nos Estados Unidos, 01 na Esc\u00f3cia, 01 na China e 01 em Itu, no Brasil.<\/p>\n<p>A empresa produz mais de cinco mil produtos, tais como l\u00e2minas de serras de fita para corte de metais, madeira e carne, ferramentas de precis\u00e3o e instrumentos de medi\u00e7\u00e3o.<\/p>\n<p>Os produtos Starrett s\u00e3o vendidos em mais de 100 pa\u00edses por meio de uma rede de distribuidores atendendo a uma variada gama de segmentos que vai desde ferramentas para a ind\u00fastria automobil\u00edstica, avia\u00e7\u00e3o, marinha, at\u00e9 equipamentos agr\u00edcolas, ferramentas para trabalhos manuais (fa\u00e7a voc\u00ea mesmo!) para construtores, carpinteiros, encanadores, eletricistas etc.<\/p>\n","protected":false},"excerpt":{"rendered":"<div>Kit 3 Discos Diamantados Cont\u00ednuos Starrett<\/div>\n<div><\/div>\n<div>Modelos:<\/div>\n<div>Disco Diamantado Turbo DDT 110 \/ Disco Diamantado Segmentando DDS 110 \/ Disco Diamantado Cont\u00ednuo DDC 110<\/div>\n<div>\n<p>O Disco Turbo (DDT110) com borda lisa e segmentada, tem sulcos que ajudam a resfriar o disco proporcionando cortes suaves e mais r\u00e1pidos.<\/p>\n<p><strong>Caracter\u00edsticas:<\/strong><br \/>\nDisco turbo para granitos, pedras decorativas, m\u00e1rmores, alvenaria e telhas de fibrocimento<\/p>\n<p>O Disco Segmentado (DDS110) tem a capacidade de dissipar melhor o calor gerado durante o corte, esfriando o disco, aumentando a vida \u00fatil e gerando menor custo por corte.<\/p>\n<p><strong>Caracter\u00edsticas:<\/strong><br \/>\nDisco segmentado para concreto, alvenaria, tijolos e telhas.<\/p>\n<p>O Disco Cont\u00ednuo (DDC110) com borda lisa, oferece um corte suave e um bom acabamento no material.<\/p>\n<p><strong>Caracter\u00edsticas:<\/strong><br \/>\nDisco cont\u00ednuo para pisos cer\u00e2micos, azulejos, porcelanatos e ard\u00f3sia.<\/p>\n<\/div>\n<div><\/div>\n<p>&nbsp;<\/p>\n","protected":false},"featured_media":3213,"comment_status":"closed","ping_status":"closed","template":"","meta":[],"product_cat":[188,189],"product_tag":[1624],"_links":{"self":[{"href":"https:\/\/trenaferragens.com.br\/index.php?rest_route=\/wp\/v2\/product\/4918"}],"collection":[{"href":"https:\/\/trenaferragens.com.br\/index.php?rest_route=\/wp\/v2\/product"}],"about":[{"href":"https:\/\/trenaferragens.com.br\/index.php?rest_route=\/wp\/v2\/types\/product"}],"replies":[{"embeddable":true,"href":"https:\/\/trenaferragens.com.br\/index.php?rest_route=%2Fwp%2Fv2%2Fcomments&post=4918"}],"wp:featuredmedia":[{"embeddable":true,"href":"https:\/\/trenaferragens.com.br\/index.php?rest_route=\/wp\/v2\/media\/3213"}],"wp:attachment":[{"href":"https:\/\/trenaferragens.com.br\/index.php?rest_route=%2Fwp%2Fv2%2Fmedia&parent=4918"}],"wp:term":[{"taxonomy":"product_cat","embeddable":true,"href":"https:\/\/trenaferragens.com.br\/index.php?rest_route=%2Fwp%2Fv2%2Fproduct_cat&post=4918"},{"taxonomy":"product_tag","embeddable":true,"href":"https:\/\/trenaferragens.com.br\/index.php?rest_route=%2Fwp%2Fv2%2Fproduct_tag&post=4918"}],"curies":[{"name":"wp","href":"https:\/\/api.w.org\/{rel}","templated":true}]}}