{"id":4926,"date":"2018-08-01T16:24:11","date_gmt":"2018-08-01T16:24:11","guid":{"rendered":"http:\/\/trenaferragens1.hospedagemdesites.ws\/produto\/import-placeholder-for-7464\/"},"modified":"2018-08-01T16:24:32","modified_gmt":"2018-08-01T16:24:32","slug":"lima-quadrada-murca-starrett","status":"publish","type":"product","link":"https:\/\/trenaferragens.com.br\/?product=lima-quadrada-murca-starrett","title":{"rendered":"Lima Quadrada Murca Starrett"},"content":{"rendered":"<p>Lima Quadrada Murca Starrett<\/p>\n<p>STARRETT<\/p>\n<p>A Starrett, uma das maiores fabricantes de serras, ferramentas e instrumentos de medi\u00e7\u00e3o do mundo, iniciou sua opera\u00e7\u00e3o no Brasil em 1956. Sua primeira f\u00e1brica foi constru\u00edda na cidade de S\u00e3o Paulo e, depois, a planta industrial foi transferida para o interior, na cidade de Itu\/SP, onde continua at\u00e9 hoje produzindo ferramentas, serras e instrumentos de medi\u00e7\u00e3o.<\/p>\n<p>O hist\u00f3rico da Starrett teve in\u00edcio em 1878, quando Laroy S. Starrett inventou o esquadro combinado, que continua sendo uma das mais pr\u00e1ticas e vers\u00e1teis inven\u00e7\u00f5es em ferramentas de todo o mundo.<\/p>\n<p>Em 1880, foi constru\u00edda a primeira f\u00e1brica em Athol, Massachusetts nos Estados Unidos. Hoje, a Starrett conta com 09 f\u00e1bricas, sendo 06 nos Estados Unidos, 01 na Esc\u00f3cia, 01 na China e 01 em Itu, no Brasil.<\/p>\n<p>A empresa produz mais de cinco mil produtos, tais como l\u00e2minas de serras de fita para corte de metais, madeira e carne, ferramentas de precis\u00e3o e instrumentos de medi\u00e7\u00e3o.<\/p>\n<p>Os produtos Starrett s\u00e3o vendidos em mais de 100 pa\u00edses por meio de uma rede de distribuidores atendendo a uma variada gama de segmentos que vai desde ferramentas para a ind\u00fastria automobil\u00edstica, avia\u00e7\u00e3o, marinha, at\u00e9 equipamentos agr\u00edcolas, ferramentas para trabalhos manuais (fa\u00e7a voc\u00ea mesmo!) para construtores, carpinteiros, encanadores, eletricistas etc.<\/p>\n","protected":false},"excerpt":{"rendered":"<div>Lima Quadrada Murca Starrett<\/div>\n<div><\/div>\n<div>\n<p>Para limagem de ranhuras quadradas ou superf\u00edcies planas em geral. Possuem quatro faces com picado duplo. Possuem extremidade ligeiramente afilada. A lima bastarda \u00e9 usada para desbastes e a mur\u00e7a \u00e9 usada para acabamentos.<\/p>\n<\/div>\n","protected":false},"featured_media":3232,"comment_status":"closed","ping_status":"closed","template":"","meta":[],"product_cat":[1094,189],"product_tag":[1632],"_links":{"self":[{"href":"https:\/\/trenaferragens.com.br\/index.php?rest_route=\/wp\/v2\/product\/4926"}],"collection":[{"href":"https:\/\/trenaferragens.com.br\/index.php?rest_route=\/wp\/v2\/product"}],"about":[{"href":"https:\/\/trenaferragens.com.br\/index.php?rest_route=\/wp\/v2\/types\/product"}],"replies":[{"embeddable":true,"href":"https:\/\/trenaferragens.com.br\/index.php?rest_route=%2Fwp%2Fv2%2Fcomments&post=4926"}],"wp:featuredmedia":[{"embeddable":true,"href":"https:\/\/trenaferragens.com.br\/index.php?rest_route=\/wp\/v2\/media\/3232"}],"wp:attachment":[{"href":"https:\/\/trenaferragens.com.br\/index.php?rest_route=%2Fwp%2Fv2%2Fmedia&parent=4926"}],"wp:term":[{"taxonomy":"product_cat","embeddable":true,"href":"https:\/\/trenaferragens.com.br\/index.php?rest_route=%2Fwp%2Fv2%2Fproduct_cat&post=4926"},{"taxonomy":"product_tag","embeddable":true,"href":"https:\/\/trenaferragens.com.br\/index.php?rest_route=%2Fwp%2Fv2%2Fproduct_tag&post=4926"}],"curies":[{"name":"wp","href":"https:\/\/api.w.org\/{rel}","templated":true}]}}