{"id":4932,"date":"2018-08-01T16:24:15","date_gmt":"2018-08-01T16:24:15","guid":{"rendered":"http:\/\/trenaferragens1.hospedagemdesites.ws\/produto\/import-placeholder-for-7478\/"},"modified":"2018-08-01T16:24:36","modified_gmt":"2018-08-01T16:24:36","slug":"serra-fita-duratec-fb-starrett","status":"publish","type":"product","link":"https:\/\/trenaferragens.com.br\/?product=serra-fita-duratec-fb-starrett","title":{"rendered":"Serra Fita Duratec FB Starrett"},"content":{"rendered":"<p>Serra Fita Duratec FB Starrett<\/p>\n<p>STARRETT<\/p>\n<p>A Starrett, uma das maiores fabricantes de serras, ferramentas e instrumentos de medi\u00e7\u00e3o do mundo, iniciou sua opera\u00e7\u00e3o no Brasil em 1956. Sua primeira f\u00e1brica foi constru\u00edda na cidade de S\u00e3o Paulo e, depois, a planta industrial foi transferida para o interior, na cidade de Itu\/SP, onde continua at\u00e9 hoje produzindo ferramentas, serras e instrumentos de medi\u00e7\u00e3o.<\/p>\n<p>O hist\u00f3rico da Starrett teve in\u00edcio em 1878, quando Laroy S. Starrett inventou o esquadro combinado, que continua sendo uma das mais pr\u00e1ticas e vers\u00e1teis inven\u00e7\u00f5es em ferramentas de todo o mundo.<\/p>\n<p>Em 1880, foi constru\u00edda a primeira f\u00e1brica em Athol, Massachusetts nos Estados Unidos. Hoje, a Starrett conta com 09 f\u00e1bricas, sendo 06 nos Estados Unidos, 01 na Esc\u00f3cia, 01 na China e 01 em Itu, no Brasil.<\/p>\n<p>A empresa produz mais de cinco mil produtos, tais como l\u00e2minas de serras de fita para corte de metais, madeira e carne, ferramentas de precis\u00e3o e instrumentos de medi\u00e7\u00e3o.<\/p>\n<p>Os produtos Starrett s\u00e3o vendidos em mais de 100 pa\u00edses por meio de uma rede de distribuidores atendendo a uma variada gama de segmentos que vai desde ferramentas para a ind\u00fastria automobil\u00edstica, avia\u00e7\u00e3o, marinha, at\u00e9 equipamentos agr\u00edcolas, ferramentas para trabalhos manuais (fa\u00e7a voc\u00ea mesmo!) para construtores, carpinteiros, encanadores, eletricistas etc.<\/p>\n","protected":false},"excerpt":{"rendered":"<div>Serra Fita Duratec FB Starrett<\/div>\n<div><\/div>\n<div>Modelos:<\/div>\n<div>10&#215;18\/W-30<\/div>\n<div>\n<h4>Duratec&#x2122; Super FB<\/h4>\n<p>Duratec&#x2122; Super FB, uma linha completa com diversas larguras, denti\u00e7\u00f5es e perfis de dentes para atender as mais variadas necessidades de cortes.<\/p>\n<p><strong>Caracter\u00edsticas<\/strong><\/p>\n<ul>\n<li>Fabricadas com a\u00e7o especial de alto teor de carbono.<\/li>\n<li>Dentes temperados<\/li>\n<li>Corpo flex\u00edvel.<\/li>\n<\/ul>\n<div><strong>Vantagens<\/strong><\/div>\n<ul>\n<li>Realiza cortes retos e em contorno.<\/li>\n<li>Cortes econ\u00f4micos.<\/li>\n<li>Pode ser soldada com equipamento \u201cstandard\u201d de solda.<\/li>\n<\/ul>\n<div><strong>Aplica\u00e7\u00f5es<\/strong><\/div>\n<ul>\n<li>Madeiras<\/li>\n<li>Compensado e MDF<\/li>\n<li>A\u00e7o carbono de usinagem f\u00e1cil<\/li>\n<li>Metalon<\/li>\n<li>Metais n\u00e3o ferrosos<\/li>\n<li>Celeron e pl\u00e1sticos<\/li>\n<li>Papel\u00e3o<\/li>\n<li>Ideal para m\u00e1quinas verticais<\/li>\n<li>Para cortes em oficinas mec\u00e2nicas, serralherias, ferramentarias, marcenarias etc.<\/li>\n<\/ul>\n<\/div>\n","protected":false},"featured_media":3249,"comment_status":"closed","ping_status":"closed","template":"","meta":[],"product_cat":[1094,189],"product_tag":[1638],"_links":{"self":[{"href":"https:\/\/trenaferragens.com.br\/index.php?rest_route=\/wp\/v2\/product\/4932"}],"collection":[{"href":"https:\/\/trenaferragens.com.br\/index.php?rest_route=\/wp\/v2\/product"}],"about":[{"href":"https:\/\/trenaferragens.com.br\/index.php?rest_route=\/wp\/v2\/types\/product"}],"replies":[{"embeddable":true,"href":"https:\/\/trenaferragens.com.br\/index.php?rest_route=%2Fwp%2Fv2%2Fcomments&post=4932"}],"wp:featuredmedia":[{"embeddable":true,"href":"https:\/\/trenaferragens.com.br\/index.php?rest_route=\/wp\/v2\/media\/3249"}],"wp:attachment":[{"href":"https:\/\/trenaferragens.com.br\/index.php?rest_route=%2Fwp%2Fv2%2Fmedia&parent=4932"}],"wp:term":[{"taxonomy":"product_cat","embeddable":true,"href":"https:\/\/trenaferragens.com.br\/index.php?rest_route=%2Fwp%2Fv2%2Fproduct_cat&post=4932"},{"taxonomy":"product_tag","embeddable":true,"href":"https:\/\/trenaferragens.com.br\/index.php?rest_route=%2Fwp%2Fv2%2Fproduct_tag&post=4932"}],"curies":[{"name":"wp","href":"https:\/\/api.w.org\/{rel}","templated":true}]}}