{"id":4935,"date":"2018-08-01T16:24:17","date_gmt":"2018-08-01T16:24:17","guid":{"rendered":"http:\/\/trenaferragens1.hospedagemdesites.ws\/produto\/import-placeholder-for-7484\/"},"modified":"2018-08-01T16:24:37","modified_gmt":"2018-08-01T16:24:37","slug":"serra-tico-tico-ferro-starrett","status":"publish","type":"product","link":"https:\/\/trenaferragens.com.br\/?product=serra-tico-tico-ferro-starrett","title":{"rendered":"Serra Tico-Tico Ferro Starrett"},"content":{"rendered":"<p>Serra Tico-Tico Ferro Starrett<\/p>\n<p>STARRETT<\/p>\n<p>A Starrett, uma das maiores fabricantes de serras, ferramentas e instrumentos de medi\u00e7\u00e3o do mundo, iniciou sua opera\u00e7\u00e3o no Brasil em 1956. Sua primeira f\u00e1brica foi constru\u00edda na cidade de S\u00e3o Paulo e, depois, a planta industrial foi transferida para o interior, na cidade de Itu\/SP, onde continua at\u00e9 hoje produzindo ferramentas, serras e instrumentos de medi\u00e7\u00e3o.<\/p>\n<p>O hist\u00f3rico da Starrett teve in\u00edcio em 1878, quando Laroy S. Starrett inventou o esquadro combinado, que continua sendo uma das mais pr\u00e1ticas e vers\u00e1teis inven\u00e7\u00f5es em ferramentas de todo o mundo.<\/p>\n<p>Em 1880, foi constru\u00edda a primeira f\u00e1brica em Athol, Massachusetts nos Estados Unidos. Hoje, a Starrett conta com 09 f\u00e1bricas, sendo 06 nos Estados Unidos, 01 na Esc\u00f3cia, 01 na China e 01 em Itu, no Brasil.<\/p>\n<p>A empresa produz mais de cinco mil produtos, tais como l\u00e2minas de serras de fita para corte de metais, madeira e carne, ferramentas de precis\u00e3o e instrumentos de medi\u00e7\u00e3o.<\/p>\n<p>Os produtos Starrett s\u00e3o vendidos em mais de 100 pa\u00edses por meio de uma rede de distribuidores atendendo a uma variada gama de segmentos que vai desde ferramentas para a ind\u00fastria automobil\u00edstica, avia\u00e7\u00e3o, marinha, at\u00e9 equipamentos agr\u00edcolas, ferramentas para trabalhos manuais (fa\u00e7a voc\u00ea mesmo!) para construtores, carpinteiros, encanadores, eletricistas etc.<\/p>\n","protected":false},"excerpt":{"rendered":"<div>Serra Tico-Tico Ferro Starrett<\/div>\n<div><\/div>\n<div>Modelos:<\/div>\n<div>BS324 \/ BBS103P-5 \/ KGF105P-5 \/ KRS1021-5 \/ KRS109P-5 \/ KRS155P-5 \/ KRS1P-5<\/div>\n<div>\n<p>Utilizadas em m\u00e1quinas Makita, modelos 4320, 4321, 4300BA e 4300BV. S\u00e3o tr\u00eas l\u00e2minas para cortes em madeiras &#8211; derivados em geral, duas l\u00e2minas para cortes de a\u00e7o e uma multi.<\/p>\n<p><strong>Caracter\u00edsticas<\/strong><\/p>\n<ul>\n<li>L\u00e2minas de a\u00e7o r\u00e1pido bi-metal.<\/li>\n<li>L\u00e2minas \u00e0 prova de estilha\u00e7amento.<\/li>\n<li>Cortes r\u00e1pidos, suaves e precisos.<\/li>\n<li>Dentes 170% mais resistentes.<\/li>\n<\/ul>\n<\/div>\n","protected":false},"featured_media":3252,"comment_status":"closed","ping_status":"closed","template":"","meta":[],"product_cat":[1094,189],"product_tag":[1641],"_links":{"self":[{"href":"https:\/\/trenaferragens.com.br\/index.php?rest_route=\/wp\/v2\/product\/4935"}],"collection":[{"href":"https:\/\/trenaferragens.com.br\/index.php?rest_route=\/wp\/v2\/product"}],"about":[{"href":"https:\/\/trenaferragens.com.br\/index.php?rest_route=\/wp\/v2\/types\/product"}],"replies":[{"embeddable":true,"href":"https:\/\/trenaferragens.com.br\/index.php?rest_route=%2Fwp%2Fv2%2Fcomments&post=4935"}],"wp:featuredmedia":[{"embeddable":true,"href":"https:\/\/trenaferragens.com.br\/index.php?rest_route=\/wp\/v2\/media\/3252"}],"wp:attachment":[{"href":"https:\/\/trenaferragens.com.br\/index.php?rest_route=%2Fwp%2Fv2%2Fmedia&parent=4935"}],"wp:term":[{"taxonomy":"product_cat","embeddable":true,"href":"https:\/\/trenaferragens.com.br\/index.php?rest_route=%2Fwp%2Fv2%2Fproduct_cat&post=4935"},{"taxonomy":"product_tag","embeddable":true,"href":"https:\/\/trenaferragens.com.br\/index.php?rest_route=%2Fwp%2Fv2%2Fproduct_tag&post=4935"}],"curies":[{"name":"wp","href":"https:\/\/api.w.org\/{rel}","templated":true}]}}