{"id":4939,"date":"2018-08-01T16:24:44","date_gmt":"2018-08-01T16:24:44","guid":{"rendered":"http:\/\/trenaferragens1.hospedagemdesites.ws\/produto\/import-placeholder-for-7492\/"},"modified":"2018-08-01T16:25:04","modified_gmt":"2018-08-01T16:25:04","slug":"trena-laser-30mt-starrett","status":"publish","type":"product","link":"https:\/\/trenaferragens.com.br\/?product=trena-laser-30mt-starrett","title":{"rendered":"Trena Laser 30MT Starrett"},"content":{"rendered":"<p>Trena Laser 30MT Starrett<\/p>\n<p>STARRETT<\/p>\n<p>A Starrett, uma das maiores fabricantes de serras, ferramentas e instrumentos de medi\u00e7\u00e3o do mundo, iniciou sua opera\u00e7\u00e3o no Brasil em 1956. Sua primeira f\u00e1brica foi constru\u00edda na cidade de S\u00e3o Paulo e, depois, a planta industrial foi transferida para o interior, na cidade de Itu\/SP, onde continua at\u00e9 hoje produzindo ferramentas, serras e instrumentos de medi\u00e7\u00e3o.<\/p>\n<p>O hist\u00f3rico da Starrett teve in\u00edcio em 1878, quando Laroy S. Starrett inventou o esquadro combinado, que continua sendo uma das mais pr\u00e1ticas e vers\u00e1teis inven\u00e7\u00f5es em ferramentas de todo o mundo.<\/p>\n<p>Em 1880, foi constru\u00edda a primeira f\u00e1brica em Athol, Massachusetts nos Estados Unidos. Hoje, a Starrett conta com 09 f\u00e1bricas, sendo 06 nos Estados Unidos, 01 na Esc\u00f3cia, 01 na China e 01 em Itu, no Brasil.<\/p>\n<p>A empresa produz mais de cinco mil produtos, tais como l\u00e2minas de serras de fita para corte de metais, madeira e carne, ferramentas de precis\u00e3o e instrumentos de medi\u00e7\u00e3o.<\/p>\n<p>Os produtos Starrett s\u00e3o vendidos em mais de 100 pa\u00edses por meio de uma rede de distribuidores atendendo a uma variada gama de segmentos que vai desde ferramentas para a ind\u00fastria automobil\u00edstica, avia\u00e7\u00e3o, marinha, at\u00e9 equipamentos agr\u00edcolas, ferramentas para trabalhos manuais (fa\u00e7a voc\u00ea mesmo!) para construtores, carpinteiros, encanadores, eletricistas etc.<\/p>\n","protected":false},"excerpt":{"rendered":"<div>Trena Laser 30MT Starrett<\/div>\n<div>\n<p>A Starrett lan\u00e7a duas vers\u00f5es da linha mais compacta de medidores de dist\u00e2ncia a laser.<br \/>\nCom software intuitivo o novo KLMS-30 \u00e9 compacto e apresenta diversas fun\u00e7\u00f5es que s\u00f3 ele proporciona em sua categoria.<\/p>\n<p><strong>KLMS-30 Vers\u00e3o 01<\/strong><\/p>\n<ul>\n<li>Multifun\u00e7\u00e3o (c\u00e1lculo de \u00e1rea e volume)<\/li>\n<li>Medi\u00e7\u00e3o indireta (Pit\u00e1goras)<\/li>\n<li>Adi\u00e7\u00e3o e subtra\u00e7\u00e3o<\/li>\n<li>Medi\u00e7\u00e3o cont\u00ednua<\/li>\n<li>Refer\u00eancia de medi\u00e7\u00e3o frontal e traseira<\/li>\n<li>Capacidade de medi\u00e7\u00e3o em metros, polegadas e p\u00e9s<\/li>\n<li>Faixa de medi\u00e7\u00e3o de 0,05m a 40m<\/li>\n<li>Laser 660 nm, classe 2, &lt;1mW<\/li>\n<\/ul>\n<div><u>Vantagens<\/u><\/div>\n<ul>\n<li>Alta precis\u00e3o<\/li>\n<li>Facilidade de leitura atrav\u00e9s de painel com luz de LED<\/li>\n<li>Prote\u00e7\u00e3o IP54*<\/li>\n<li>Desligamento autom\u00e1tico<\/li>\n<li>Velocidade de medi\u00e7\u00e3o de 0,5 segundos<\/li>\n<\/ul>\n<div><u>Acess\u00f3rios:<\/u><\/div>\n<ul>\n<li>01 Estojo<\/li>\n<li>02 Pilhas AAA<\/li>\n<li>01 Al\u00e7a de m\u00e3o<\/li>\n<\/ul>\n<p><strong>KLMS-30 Vers\u00e3o 02<\/strong><\/p>\n<ul>\n<li>Medi\u00e7\u00e3o de volume (largura x comprimento x altura)<\/li>\n<li>Medi\u00e7\u00e3o de \u00e1rea (largura x comprimento)<\/li>\n<li>Adi\u00e7\u00e3o e subtra\u00e7\u00e3o<\/li>\n<li>Medi\u00e7\u00e3o cont\u00ednua<\/li>\n<li>Capacidade de medi\u00e7\u00e3o em metros, polegadas e p\u00e9s<\/li>\n<li>Exatid\u00e3o de \u00b12mm<\/li>\n<li>Faixa de medi\u00e7\u00e3o de 0,05m a 30m<\/li>\n<li>Laser 650 nm, classe 2, &lt;1mW<\/li>\n<\/ul>\n<div><u>Vantagens<\/u><\/div>\n<ul>\n<li>Compacto<\/li>\n<li>Oferece diversos recursos que s\u00f3 ele pode proporcionar em sua categoria<\/li>\n<li>Prote\u00e7\u00e3o IP54*<\/li>\n<li>Desligamento autom\u00e1tico do Medidor (180s)<\/li>\n<li>Velocidade de medi\u00e7\u00e3o de 0,5 segundos<\/li>\n<li>Garantia de 01 ano contra defeitos de fabrica\u00e7\u00e3o<\/li>\n<\/ul>\n<div><u>Acess\u00f3rios:<\/u><\/div>\n<ul>\n<li>02 Pilhas AAA: permite at\u00e9 10.000 medi\u00e7\u00f5es!<\/li>\n<\/ul>\n<p>*Prote\u00e7\u00e3o IP54: contra poeira e proje\u00e7\u00f5es de \u00e1gua.<\/p>\n<\/div>\n","protected":false},"featured_media":3262,"comment_status":"closed","ping_status":"closed","template":"","meta":[],"product_cat":[1094,189],"product_tag":[1645],"_links":{"self":[{"href":"https:\/\/trenaferragens.com.br\/index.php?rest_route=\/wp\/v2\/product\/4939"}],"collection":[{"href":"https:\/\/trenaferragens.com.br\/index.php?rest_route=\/wp\/v2\/product"}],"about":[{"href":"https:\/\/trenaferragens.com.br\/index.php?rest_route=\/wp\/v2\/types\/product"}],"replies":[{"embeddable":true,"href":"https:\/\/trenaferragens.com.br\/index.php?rest_route=%2Fwp%2Fv2%2Fcomments&post=4939"}],"wp:featuredmedia":[{"embeddable":true,"href":"https:\/\/trenaferragens.com.br\/index.php?rest_route=\/wp\/v2\/media\/3262"}],"wp:attachment":[{"href":"https:\/\/trenaferragens.com.br\/index.php?rest_route=%2Fwp%2Fv2%2Fmedia&parent=4939"}],"wp:term":[{"taxonomy":"product_cat","embeddable":true,"href":"https:\/\/trenaferragens.com.br\/index.php?rest_route=%2Fwp%2Fv2%2Fproduct_cat&post=4939"},{"taxonomy":"product_tag","embeddable":true,"href":"https:\/\/trenaferragens.com.br\/index.php?rest_route=%2Fwp%2Fv2%2Fproduct_tag&post=4939"}],"curies":[{"name":"wp","href":"https:\/\/api.w.org\/{rel}","templated":true}]}}