{"id":4940,"date":"2018-08-01T16:24:44","date_gmt":"2018-08-01T16:24:44","guid":{"rendered":"http:\/\/trenaferragens1.hospedagemdesites.ws\/produto\/import-placeholder-for-7494\/"},"modified":"2018-08-01T16:25:05","modified_gmt":"2018-08-01T16:25:05","slug":"trena-de-bolso-starrett","status":"publish","type":"product","link":"https:\/\/trenaferragens.com.br\/?product=trena-de-bolso-starrett","title":{"rendered":"Trena de Bolso Starrett"},"content":{"rendered":"<p>Trena de Bolso Starrett<\/p>\n<p>STARRETT<\/p>\n<p>A Starrett, uma das maiores fabricantes de serras, ferramentas e instrumentos de medi\u00e7\u00e3o do mundo, iniciou sua opera\u00e7\u00e3o no Brasil em 1956. Sua primeira f\u00e1brica foi constru\u00edda na cidade de S\u00e3o Paulo e, depois, a planta industrial foi transferida para o interior, na cidade de Itu\/SP, onde continua at\u00e9 hoje produzindo ferramentas, serras e instrumentos de medi\u00e7\u00e3o.<\/p>\n<p>O hist\u00f3rico da Starrett teve in\u00edcio em 1878, quando Laroy S. Starrett inventou o esquadro combinado, que continua sendo uma das mais pr\u00e1ticas e vers\u00e1teis inven\u00e7\u00f5es em ferramentas de todo o mundo.<\/p>\n<p>Em 1880, foi constru\u00edda a primeira f\u00e1brica em Athol, Massachusetts nos Estados Unidos. Hoje, a Starrett conta com 09 f\u00e1bricas, sendo 06 nos Estados Unidos, 01 na Esc\u00f3cia, 01 na China e 01 em Itu, no Brasil.<\/p>\n<p>A empresa produz mais de cinco mil produtos, tais como l\u00e2minas de serras de fita para corte de metais, madeira e carne, ferramentas de precis\u00e3o e instrumentos de medi\u00e7\u00e3o.<\/p>\n<p>Os produtos Starrett s\u00e3o vendidos em mais de 100 pa\u00edses por meio de uma rede de distribuidores atendendo a uma variada gama de segmentos que vai desde ferramentas para a ind\u00fastria automobil\u00edstica, avia\u00e7\u00e3o, marinha, at\u00e9 equipamentos agr\u00edcolas, ferramentas para trabalhos manuais (fa\u00e7a voc\u00ea mesmo!) para construtores, carpinteiros, encanadores, eletricistas etc.<\/p>\n","protected":false},"excerpt":{"rendered":"<div>Trena de Bolso Starrett<\/div>\n<div>\n<p>Trena de Bolso S\u00e9rie Starrett<\/p>\n<p>A linha de trenas da Starrett<sup>\u00ae<\/sup>, S\u00e9rie TS, foi desenvolvida trazendo a mais alta tecnologia e durabilidade que s\u00f3 as trenas Starrett<sup>\u00ae<\/sup>\u00a0podem oferecer. \u00c9 a solu\u00e7\u00e3o ideal para quem busca o melhor custo-benef\u00edcio!<\/p>\n<p><strong>Caracter\u00edsticas:<\/strong><\/p>\n<ul>\n<li>Design anat\u00f4mico.<\/li>\n<li>Caixa mais resistente em caso de queda.<\/li>\n<li>4 tamanhos dispon\u00edveis: 3, 5, 8 e 10 metros.<\/li>\n<li>Gradua\u00e7\u00e3o s\u00f3 em mil\u00edmetros e mil\u00edmetros e polegadas.<\/li>\n<li>Classe II, ABNT NBR 10123, pass\u00edveis de aferi\u00e7\u00e3o<\/li>\n<\/ul>\n<\/div>\n","protected":false},"featured_media":3263,"comment_status":"closed","ping_status":"closed","template":"","meta":[],"product_cat":[1094,189],"product_tag":[1646],"_links":{"self":[{"href":"https:\/\/trenaferragens.com.br\/index.php?rest_route=\/wp\/v2\/product\/4940"}],"collection":[{"href":"https:\/\/trenaferragens.com.br\/index.php?rest_route=\/wp\/v2\/product"}],"about":[{"href":"https:\/\/trenaferragens.com.br\/index.php?rest_route=\/wp\/v2\/types\/product"}],"replies":[{"embeddable":true,"href":"https:\/\/trenaferragens.com.br\/index.php?rest_route=%2Fwp%2Fv2%2Fcomments&post=4940"}],"wp:featuredmedia":[{"embeddable":true,"href":"https:\/\/trenaferragens.com.br\/index.php?rest_route=\/wp\/v2\/media\/3263"}],"wp:attachment":[{"href":"https:\/\/trenaferragens.com.br\/index.php?rest_route=%2Fwp%2Fv2%2Fmedia&parent=4940"}],"wp:term":[{"taxonomy":"product_cat","embeddable":true,"href":"https:\/\/trenaferragens.com.br\/index.php?rest_route=%2Fwp%2Fv2%2Fproduct_cat&post=4940"},{"taxonomy":"product_tag","embeddable":true,"href":"https:\/\/trenaferragens.com.br\/index.php?rest_route=%2Fwp%2Fv2%2Fproduct_tag&post=4940"}],"curies":[{"name":"wp","href":"https:\/\/api.w.org\/{rel}","templated":true}]}}