{"id":4947,"date":"2018-08-01T16:24:48","date_gmt":"2018-08-01T16:24:48","guid":{"rendered":"http:\/\/trenaferragens1.hospedagemdesites.ws\/produto\/import-placeholder-for-7514\/"},"modified":"2018-08-01T16:25:10","modified_gmt":"2018-08-01T16:25:10","slug":"disjuntor-tripolar-ca-eletromar","status":"publish","type":"product","link":"https:\/\/trenaferragens.com.br\/?product=disjuntor-tripolar-ca-eletromar","title":{"rendered":"Disjuntor Tripolar CA Eletromar"},"content":{"rendered":"<p>Disjuntor Tripolar CA Eletromar<\/p>\n<p>ELETROMAR\/HAGER<\/p>\n<p>A Hager Brasil integra o Grupo Hager, o qual est\u00e1 presente em escala internacional no campo dos sistemas de instala\u00e7\u00e3o el\u00e9trica.<br \/>\nO nome Hager \u00e9 sin\u00f4nimo de inova\u00e7\u00e3o t\u00e9cnica e de produtos de alta qualidade.<br \/>\nA nossa ambi\u00e7\u00e3o, resumida em algumas palavras, \u00e9 de contribuir para que a distribui\u00e7\u00e3o de energia el\u00e9trica seja segura e eficiente, e participar na melhoria do conforto nos edif\u00edcios residenciais e comerciais. Esta ambi\u00e7\u00e3o est\u00e1 na base da atividade que escolhemos: a de propor ao mercado um conjunto de produtos e servi\u00e7os necess\u00e1rios para a concep\u00e7\u00e3o e realiza\u00e7\u00e3o de uma instala\u00e7\u00e3o el\u00e9trica completa e integrada.<\/p>\n","protected":false},"excerpt":{"rendered":"<p>Disjuntor Tripolar CA Eletromar<\/p>\n<p>Varia\u00e7\u00f5es: 3 X100A VCA 10KA \/\u00a03 X120A VCA 10KA \/\u00a03 X125A VCA 10KA \/\u00a03 X125A 25KA \/\u00a03 X125A VCA 10KA \/\u00a03 X150A VCA 10KA \/\u00a03 X150A 25KA \/\u00a03 X150AB2 VCA 10KA \/\u00a03 X175A VCA 10KA \/\u00a03 X175A 25KA \/\u00a03 X200A VCA 10KA \/\u00a03 X200A 25KA \/\u00a03 X225A VCA 10KA \/\u00a03 X225A 25KA \/\u00a03 X250 VCA 10KA \/\u00a03 X250A 25KA<\/p>\n","protected":false},"featured_media":3270,"comment_status":"open","ping_status":"closed","template":"","meta":[],"product_cat":[1857,1845,196],"product_tag":[1654],"_links":{"self":[{"href":"https:\/\/trenaferragens.com.br\/index.php?rest_route=\/wp\/v2\/product\/4947"}],"collection":[{"href":"https:\/\/trenaferragens.com.br\/index.php?rest_route=\/wp\/v2\/product"}],"about":[{"href":"https:\/\/trenaferragens.com.br\/index.php?rest_route=\/wp\/v2\/types\/product"}],"replies":[{"embeddable":true,"href":"https:\/\/trenaferragens.com.br\/index.php?rest_route=%2Fwp%2Fv2%2Fcomments&post=4947"}],"wp:featuredmedia":[{"embeddable":true,"href":"https:\/\/trenaferragens.com.br\/index.php?rest_route=\/wp\/v2\/media\/3270"}],"wp:attachment":[{"href":"https:\/\/trenaferragens.com.br\/index.php?rest_route=%2Fwp%2Fv2%2Fmedia&parent=4947"}],"wp:term":[{"taxonomy":"product_cat","embeddable":true,"href":"https:\/\/trenaferragens.com.br\/index.php?rest_route=%2Fwp%2Fv2%2Fproduct_cat&post=4947"},{"taxonomy":"product_tag","embeddable":true,"href":"https:\/\/trenaferragens.com.br\/index.php?rest_route=%2Fwp%2Fv2%2Fproduct_tag&post=4947"}],"curies":[{"name":"wp","href":"https:\/\/api.w.org\/{rel}","templated":true}]}}