{"id":4952,"date":"2018-08-01T16:24:51","date_gmt":"2018-08-01T16:24:51","guid":{"rendered":"http:\/\/trenaferragens1.hospedagemdesites.ws\/produto\/import-placeholder-for-7532\/"},"modified":"2018-08-01T16:25:13","modified_gmt":"2018-08-01T16:25:13","slug":"disjuntor-jw-dim-curva-c-eletromar","status":"publish","type":"product","link":"https:\/\/trenaferragens.com.br\/?product=disjuntor-jw-dim-curva-c-eletromar","title":{"rendered":"Disjuntor JW Dim Curva C Eletromar"},"content":{"rendered":"<p>Disjuntor JW Dim Curva C Eletromar<\/p>\n<p>ELETROMAR\/HAGER<\/p>\n<p>A Hager Brasil integra o Grupo Hager, o qual est\u00e1 presente em escala internacional no campo dos sistemas de instala\u00e7\u00e3o el\u00e9trica.<br \/>\nO nome Hager \u00e9 sin\u00f4nimo de inova\u00e7\u00e3o t\u00e9cnica e de produtos de alta qualidade.<br \/>\nA nossa ambi\u00e7\u00e3o, resumida em algumas palavras, \u00e9 de contribuir para que a distribui\u00e7\u00e3o de energia el\u00e9trica seja segura e eficiente, e participar na melhoria do conforto nos edif\u00edcios residenciais e comerciais. Esta ambi\u00e7\u00e3o est\u00e1 na base da atividade que escolhemos: a de propor ao mercado um conjunto de produtos e servi\u00e7os necess\u00e1rios para a concep\u00e7\u00e3o e realiza\u00e7\u00e3o de uma instala\u00e7\u00e3o el\u00e9trica completa e integrada.<\/p>\n","protected":false},"excerpt":{"rendered":"<p>Disjuntor JW Dim Curva C Eletromar<\/p>\n<p>Varia\u00e7\u00f5es:\u00a01X10A \/\u00a01X16A \/\u00a01X20A \/\u00a01X25A \/\u00a01X32A \/\u00a01X40A \/\u00a01X50A \/\u00a01X63A \/\u00a02X10A \/\u00a02X16A \/\u00a02X20A \/\u00a02X25A \/\u00a02X32A \/\u00a02X40A \/\u00a02X50A \/\u00a02X63A \/\u00a03X10A \/\u00a03X16A \/\u00a03X20A \/\u00a03X25A \/\u00a03X32A \/\u00a03X40A \/\u00a03X50A \/\u00a03X63A<\/p>\n","protected":false},"featured_media":3290,"comment_status":"open","ping_status":"closed","template":"","meta":[],"product_cat":[1857,1845,196],"product_tag":[1659],"_links":{"self":[{"href":"https:\/\/trenaferragens.com.br\/index.php?rest_route=\/wp\/v2\/product\/4952"}],"collection":[{"href":"https:\/\/trenaferragens.com.br\/index.php?rest_route=\/wp\/v2\/product"}],"about":[{"href":"https:\/\/trenaferragens.com.br\/index.php?rest_route=\/wp\/v2\/types\/product"}],"replies":[{"embeddable":true,"href":"https:\/\/trenaferragens.com.br\/index.php?rest_route=%2Fwp%2Fv2%2Fcomments&post=4952"}],"wp:featuredmedia":[{"embeddable":true,"href":"https:\/\/trenaferragens.com.br\/index.php?rest_route=\/wp\/v2\/media\/3290"}],"wp:attachment":[{"href":"https:\/\/trenaferragens.com.br\/index.php?rest_route=%2Fwp%2Fv2%2Fmedia&parent=4952"}],"wp:term":[{"taxonomy":"product_cat","embeddable":true,"href":"https:\/\/trenaferragens.com.br\/index.php?rest_route=%2Fwp%2Fv2%2Fproduct_cat&post=4952"},{"taxonomy":"product_tag","embeddable":true,"href":"https:\/\/trenaferragens.com.br\/index.php?rest_route=%2Fwp%2Fv2%2Fproduct_tag&post=4952"}],"curies":[{"name":"wp","href":"https:\/\/api.w.org\/{rel}","templated":true}]}}