{"id":4954,"date":"2018-08-01T16:24:53","date_gmt":"2018-08-01T16:24:53","guid":{"rendered":"http:\/\/trenaferragens1.hospedagemdesites.ws\/produto\/import-placeholder-for-7536\/"},"modified":"2018-08-01T16:25:14","modified_gmt":"2018-08-01T16:25:14","slug":"limitador-de-sobret-eletromar","status":"publish","type":"product","link":"https:\/\/trenaferragens.com.br\/?product=limitador-de-sobret-eletromar","title":{"rendered":"Limitador de Sobret. Eletromar"},"content":{"rendered":"<p>Limitador de Sobret. Eletromar<\/p>\n<p>ELETROMAR\/HAGER<\/p>\n<p>A Hager Brasil integra o Grupo Hager, o qual est\u00e1 presente em escala internacional no campo dos sistemas de instala\u00e7\u00e3o el\u00e9trica.<br \/>\nO nome Hager \u00e9 sin\u00f4nimo de inova\u00e7\u00e3o t\u00e9cnica e de produtos de alta qualidade.<br \/>\nA nossa ambi\u00e7\u00e3o, resumida em algumas palavras, \u00e9 de contribuir para que a distribui\u00e7\u00e3o de energia el\u00e9trica seja segura e eficiente, e participar na melhoria do conforto nos edif\u00edcios residenciais e comerciais. Esta ambi\u00e7\u00e3o est\u00e1 na base da atividade que escolhemos: a de propor ao mercado um conjunto de produtos e servi\u00e7os necess\u00e1rios para a concep\u00e7\u00e3o e realiza\u00e7\u00e3o de uma instala\u00e7\u00e3o el\u00e9trica completa e integrada.<\/p>\n","protected":false},"excerpt":{"rendered":"<p>Limitador de Sobret. Eletromar<\/p>\n<p>Varia\u00e7\u00f5es: SPM115B &#8211; 15KA \/\u00a0SPM130B &#8211; 30KA \/\u00a0SPM140B &#8211; 40KA<\/p>\n","protected":false},"featured_media":3292,"comment_status":"open","ping_status":"closed","template":"","meta":[],"product_cat":[194,196],"product_tag":[1661],"_links":{"self":[{"href":"https:\/\/trenaferragens.com.br\/index.php?rest_route=\/wp\/v2\/product\/4954"}],"collection":[{"href":"https:\/\/trenaferragens.com.br\/index.php?rest_route=\/wp\/v2\/product"}],"about":[{"href":"https:\/\/trenaferragens.com.br\/index.php?rest_route=\/wp\/v2\/types\/product"}],"replies":[{"embeddable":true,"href":"https:\/\/trenaferragens.com.br\/index.php?rest_route=%2Fwp%2Fv2%2Fcomments&post=4954"}],"wp:featuredmedia":[{"embeddable":true,"href":"https:\/\/trenaferragens.com.br\/index.php?rest_route=\/wp\/v2\/media\/3292"}],"wp:attachment":[{"href":"https:\/\/trenaferragens.com.br\/index.php?rest_route=%2Fwp%2Fv2%2Fmedia&parent=4954"}],"wp:term":[{"taxonomy":"product_cat","embeddable":true,"href":"https:\/\/trenaferragens.com.br\/index.php?rest_route=%2Fwp%2Fv2%2Fproduct_cat&post=4954"},{"taxonomy":"product_tag","embeddable":true,"href":"https:\/\/trenaferragens.com.br\/index.php?rest_route=%2Fwp%2Fv2%2Fproduct_tag&post=4954"}],"curies":[{"name":"wp","href":"https:\/\/api.w.org\/{rel}","templated":true}]}}