{"id":4956,"date":"2018-08-01T16:24:54","date_gmt":"2018-08-01T16:24:54","guid":{"rendered":"http:\/\/trenaferragens1.hospedagemdesites.ws\/produto\/import-placeholder-for-7549\/"},"modified":"2018-08-01T16:25:15","modified_gmt":"2018-08-01T16:25:15","slug":"fita-veda-trinca-3m","status":"publish","type":"product","link":"https:\/\/trenaferragens.com.br\/?product=fita-veda-trinca-3m","title":{"rendered":"Fita Veda Trinca 3M"},"content":{"rendered":"<p>Fita Veda Trinca 3M<\/p>\n<p>3M<\/p>\n<p>A 3M \u00e9 fundamentalmente uma companhia de base cient\u00edfica. Produzimos milhares de produtos imaginativos e somos l\u00edderes em n\u00fameros de mercados de atua\u00e7\u00e3o &#8211; de cuidados com a sa\u00fade e seguran\u00e7a no tr\u00e1fego a produtos para escrit\u00f3rio,\u00a0abrasivos e adesivos. O sucesso da companhia come\u00e7a com a habilidade de aplicar nossas tecnologias &#8211; freq\u00fcentemente por meio de combina\u00e7\u00f5es &#8211; em uma variedade infinita de necessidades dos nossos clientes. Obviamente, tudo isso \u00e9 poss\u00edvel devido \u00e0s pessoas da 3M e ao seu compromisso \u00fanico de tornar a vida das pessoas mais f\u00e1cil e melhor no mundo todo.<\/p>\n","protected":false},"excerpt":{"rendered":"<p>Fita Veda Trinca 3M<\/p>\n<p>Tamanhos:<\/p>\n<p>50MMx10MT<\/p>\n<div class=\"MMM--hdg MMM--hdg_2 SNAPS--hdg_2 MMM--tabHeader\">\n<div class=\"MMM--hdg MMM--hdg_2 SNAPS--hdg_2 MMM--tabHeader\">Detalhes<\/div>\n<div class=\"tabContentContainer MMM--contentToggle-target MMM--isActive\">\n<div class=\"MMM--contentPadded MMM--accordionPanel\">\n<div class=\"MMM--grids\">\n<div class=\"MMM--grids-col MMM--grids-col_pdpMain\">\n<ul class=\"MMM--pdpList SNAPS--bullets\">\n<li>Repara trincas e fissuras com menos de dois mil\u00edmetros de profundidade<\/li>\n<li>Acompanha as movimenta\u00e7\u00f5es da fissura sem se romper<\/li>\n<li>Possui tratamento antimofo<\/li>\n<li>\u00c9 flex\u00edvel e f\u00e1cil de ser aplicada<\/li>\n<li>Possui boa resist\u00eancia \u00e0 tra\u00e7\u00e3o, \u00e9 perme\u00e1vel \u00e0s argamassas e seu adesivo \u00e9 resistente a intemp\u00e9ries<\/li>\n<li>Garantia: N\u00e3o<\/li>\n<\/ul>\n<p class=\"SNAPS--pdpTabDes\">A Fita Veda Trinca 3M Scotch\u00ae auxilia no reparo de trincas e fissuras com menos de dois mil\u00edmetros de profundidade, impedindo o reaparecimento da trinca. Flex\u00edvel e f\u00e1cil de ser aplicada, ela pode ser utilizada em paredes, forros com massa corrida ou gesso e paredes de gesso acartonado (drywall).<\/p>\n<p class=\"SNAPS--pdpTabDes\">Conhe\u00e7a a Fita Scotch\u00ae que \u00e9 o produto certo para acompanhar as movimenta\u00e7\u00f5es da fissura sem se romper. A Veda Trinca 3M Scotch\u00ae possui boa resist\u00eancia \u00e0 tra\u00e7\u00e3o, \u00e9 perme\u00e1vel \u00e0s argamassas e seu adesivo \u00e9 resistente a intemp\u00e9ries. Por possuir tratamento antimofo, ela pode ser usada em ambientes internos e externos e deve ser coberta por duas dem\u00e3os de massa corrida. \u00c9 uma fita que pode ser cortada sem aux\u00edlio de tesoura ou outro objeto cortante. Como usar: Para aplicar o produto, raspe aproximadamente 5 cent\u00edmetros de cada lado da trinca com uma esp\u00e1tula. Nivele com Lixa Massa 3M gr\u00e3os 120 ou 150 ou com esponja Abrasiva M\u00e9dia. Remova a poeira e os res\u00edduos. Com a superf\u00edcie seca, aplique a fita pressionando-a sobre a trinca, na dire\u00e7\u00e3o da mesma. Procure centralizar a fita sobre a trinca. N\u00e3o deixe nenhuma prega ou ondula\u00e7\u00e3o pois, caso contr\u00e1rio, a massa corrida ou gesso de acabamento tender\u00e3o a arrancar a fita. Aplique a massa corrida sobre o reparo, deixe secar e depois nivele a superf\u00edcie com Lixa Massa 3M gr\u00e3os 180 ou 220 ou a esponja Abrasiva Fina. Pinte a superf\u00edcie. Observa\u00e7\u00e3o: n\u00e3o indicada para trincas estruturais.<\/p>\n<h4 class=\"MMM--hdg MMM--pdpTabVr SNAPS--pdpTabVr\">Aplica\u00e7\u00f5es sugeridas<\/h4>\n<ul class=\"MMM--pdpList SNAPS--bullets\">\n<li>Indicada para reparos de fissuras em paredes de alvenaria, de gesso acartonado (drywall) e forros com massa corrida ou gesso<\/li>\n<li>Pode ser usada em ambientes internos e externos<\/li>\n<\/ul>\n<\/div>\n<\/div>\n<\/div>\n<\/div>\n<\/div>\n","protected":false},"featured_media":3294,"comment_status":"open","ping_status":"closed","template":"","meta":[],"product_cat":[192,1048],"product_tag":[1663],"_links":{"self":[{"href":"https:\/\/trenaferragens.com.br\/index.php?rest_route=\/wp\/v2\/product\/4956"}],"collection":[{"href":"https:\/\/trenaferragens.com.br\/index.php?rest_route=\/wp\/v2\/product"}],"about":[{"href":"https:\/\/trenaferragens.com.br\/index.php?rest_route=\/wp\/v2\/types\/product"}],"replies":[{"embeddable":true,"href":"https:\/\/trenaferragens.com.br\/index.php?rest_route=%2Fwp%2Fv2%2Fcomments&post=4956"}],"wp:featuredmedia":[{"embeddable":true,"href":"https:\/\/trenaferragens.com.br\/index.php?rest_route=\/wp\/v2\/media\/3294"}],"wp:attachment":[{"href":"https:\/\/trenaferragens.com.br\/index.php?rest_route=%2Fwp%2Fv2%2Fmedia&parent=4956"}],"wp:term":[{"taxonomy":"product_cat","embeddable":true,"href":"https:\/\/trenaferragens.com.br\/index.php?rest_route=%2Fwp%2Fv2%2Fproduct_cat&post=4956"},{"taxonomy":"product_tag","embeddable":true,"href":"https:\/\/trenaferragens.com.br\/index.php?rest_route=%2Fwp%2Fv2%2Fproduct_tag&post=4956"}],"curies":[{"name":"wp","href":"https:\/\/api.w.org\/{rel}","templated":true}]}}