{"id":4957,"date":"2018-08-01T16:24:55","date_gmt":"2018-08-01T16:24:55","guid":{"rendered":"http:\/\/trenaferragens1.hospedagemdesites.ws\/produto\/import-placeholder-for-7551\/"},"modified":"2018-08-01T16:25:16","modified_gmt":"2018-08-01T16:25:16","slug":"fita-silver-tape-3m","status":"publish","type":"product","link":"https:\/\/trenaferragens.com.br\/?product=fita-silver-tape-3m","title":{"rendered":"Fita Silver Tape 3M"},"content":{"rendered":"<p>Fita Silver Tape 3M<\/p>\n<p>3M<\/p>\n<p>A 3M \u00e9 fundamentalmente uma companhia de base cient\u00edfica. Produzimos milhares de produtos imaginativos e somos l\u00edderes em n\u00fameros de mercados de atua\u00e7\u00e3o &#8211; de cuidados com a sa\u00fade e seguran\u00e7a no tr\u00e1fego a produtos para escrit\u00f3rio,\u00a0abrasivos e adesivos. O sucesso da companhia come\u00e7a com a habilidade de aplicar nossas tecnologias &#8211; freq\u00fcentemente por meio de combina\u00e7\u00f5es &#8211; em uma variedade infinita de necessidades dos nossos clientes. Obviamente, tudo isso \u00e9 poss\u00edvel devido \u00e0s pessoas da 3M e ao seu compromisso \u00fanico de tornar a vida das pessoas mais f\u00e1cil e melhor no mundo todo.<\/p>\n","protected":false},"excerpt":{"rendered":"<p>Fita Silver Tape 3M<\/p>\n<p>Tamanhos:<\/p>\n<p>45MMx5MT<\/p>\n<div class=\"MMM--hdg MMM--hdg_2 SNAPS--hdg_2 MMM--tabHeader\">\n<div class=\"MMM--hdg MMM--hdg_2 SNAPS--hdg_2 MMM--tabHeader\">\n<div class=\"MMM--hdg MMM--hdg_2 SNAPS--hdg_2 MMM--tabHeader\">Detalhes<\/div>\n<div class=\"tabContentContainer MMM--contentToggle-target MMM--isActive\">\n<div class=\"MMM--contentPadded MMM--accordionPanel\">\n<div class=\"MMM--grids\">\n<div class=\"MMM--grids-col MMM--grids-col_pdpMain\">\n<ul class=\"MMM--pdpList SNAPS--bullets\">\n<li>Maior resist\u00eancia ao rasgamento<\/li>\n<li>N\u00e3o \u00e9 atacada por umidade ou a\u00e7\u00e3o direta da \u00e1gua<\/li>\n<li>Maior conformabilidade, alta resist\u00eancia e \u00f3timo poder de ades\u00e3o<\/li>\n<li>Seguran\u00e7a na aplica\u00e7\u00e3o e multiplicidade de uso<\/li>\n<li>Alto poder ades\u00e3o na maioria das superf\u00edcies<\/li>\n<li>Cuidados: as superf\u00edcies devem estar limpas, secas e, sempre que poss\u00edvel, em condi\u00e7\u00f5es normais de temperatura e umidade relativa (20\u00ba C a 25\u00ba C e 50 a 55% respectivamente). Deve-se aplicar com uma press\u00e3o forte e uniforme. Nas condi\u00e7\u00f5es acima, a validade do produto ser\u00e1 de um ano<\/li>\n<li>Garantia: N\u00e3o<\/li>\n<li>Cuidados: As superf\u00edcies devem estar limpas, secas e, sempre que poss\u00edvel, em condi\u00e7\u00f5es normais de temperatura e umidade relativa (20 oC a 25 oC e 50 a 55% respectivamente). Aplicar com uma press\u00e3o forte e uniforme. Nas condi\u00e7\u00f5es acima a validade do produto ser\u00e1 de 01 ano.<\/li>\n<\/ul>\n<p class=\"SNAPS--pdpTabDes\">A Fita 3M Scotch\u00ae Silver Tape \u00e9 um produto de alta resist\u00eancia para m\u00faltiplas aplica\u00e7\u00f5es, tais como: reparos provis\u00f3rios, fixa\u00e7\u00f5es diversas, prote\u00e7\u00e3o, enfaixamentos e outros. Com maior conformabilidade, alta resist\u00eancia e \u00f3timo poder de ades\u00e3o na maioria das superf\u00edcies, ela n\u00e3o \u00e9 atacada por umidade ou a\u00e7\u00e3o direta da \u00e1gua.<\/p>\n<p class=\"SNAPS--pdpTabDes\">At\u00e9 seis meses sem sujeiras! Esta Fita 3M Scotch\u00ae sem res\u00edduos fornece for\u00e7a m\u00e1xima para todas as aplica\u00e7\u00f5es, sem afetar na limpeza ap\u00f3s a opera\u00e7\u00e3o. Ela \u00e9 resistente e pode ser removida com pouco ou nenhum res\u00edduo nas superf\u00edcies mais opacas mesmo depois de seis meses ap\u00f3s a aplica\u00e7\u00e3o. Al\u00e9m disso, \u00e9 imperme\u00e1vel, resistente \u00e0s intemp\u00e9ries para melhor durabilidade e f\u00e1cil de ser rasgada, tornando a aplica\u00e7\u00e3o mais simples. Conhe\u00e7a a Fita 3M Scotch\u00ae Silver Tape, ideal para solu\u00e7\u00f5es tempor\u00e1rias e permanentes! Como usar: Para a aplica\u00e7\u00e3o, as superf\u00edcies devem estar limpas, secas e, sempre que poss\u00edvel, em condi\u00e7\u00f5es normais de temperatura e umidade relativa (20\u00ba C a 25\u00ba C e 50 a 55% respectivamente). Deve-se aplicar com uma press\u00e3o forte e uniforme. Nestas condi\u00e7\u00f5es, a validade do produto ser\u00e1 de um ano.<\/p>\n<h4 class=\"MMM--hdg MMM--pdpTabVr SNAPS--pdpTabVr\">Aplica\u00e7\u00f5es sugeridas<\/h4>\n<ul class=\"MMM--pdpList SNAPS--bullets\">\n<li>Utilizada para aplica\u00e7\u00f5es como: reparos provis\u00f3rios, fixa\u00e7\u00f5es diversas, prote\u00e7\u00e3o e enfaixamentos<\/li>\n<\/ul>\n<\/div>\n<\/div>\n<\/div>\n<\/div>\n<\/div>\n<\/div>\n","protected":false},"featured_media":3304,"comment_status":"open","ping_status":"closed","template":"","meta":[],"product_cat":[192,1048],"product_tag":[1664],"_links":{"self":[{"href":"https:\/\/trenaferragens.com.br\/index.php?rest_route=\/wp\/v2\/product\/4957"}],"collection":[{"href":"https:\/\/trenaferragens.com.br\/index.php?rest_route=\/wp\/v2\/product"}],"about":[{"href":"https:\/\/trenaferragens.com.br\/index.php?rest_route=\/wp\/v2\/types\/product"}],"replies":[{"embeddable":true,"href":"https:\/\/trenaferragens.com.br\/index.php?rest_route=%2Fwp%2Fv2%2Fcomments&post=4957"}],"wp:featuredmedia":[{"embeddable":true,"href":"https:\/\/trenaferragens.com.br\/index.php?rest_route=\/wp\/v2\/media\/3304"}],"wp:attachment":[{"href":"https:\/\/trenaferragens.com.br\/index.php?rest_route=%2Fwp%2Fv2%2Fmedia&parent=4957"}],"wp:term":[{"taxonomy":"product_cat","embeddable":true,"href":"https:\/\/trenaferragens.com.br\/index.php?rest_route=%2Fwp%2Fv2%2Fproduct_cat&post=4957"},{"taxonomy":"product_tag","embeddable":true,"href":"https:\/\/trenaferragens.com.br\/index.php?rest_route=%2Fwp%2Fv2%2Fproduct_tag&post=4957"}],"curies":[{"name":"wp","href":"https:\/\/api.w.org\/{rel}","templated":true}]}}