{"id":4958,"date":"2018-08-01T16:24:55","date_gmt":"2018-08-01T16:24:55","guid":{"rendered":"http:\/\/trenaferragens1.hospedagemdesites.ws\/produto\/import-placeholder-for-7553\/"},"modified":"2018-08-01T16:25:17","modified_gmt":"2018-08-01T16:25:17","slug":"fita-dupla-face-fixa-forte-vhb-3m","status":"publish","type":"product","link":"https:\/\/trenaferragens.com.br\/?product=fita-dupla-face-fixa-forte-vhb-3m","title":{"rendered":"Fita Dupla Face Fixa Forte VHB 3M"},"content":{"rendered":"<p>Fita Dupla Face Fixa Forte VHB 3M<\/p>\n<p>3M<\/p>\n<p>A 3M \u00e9 fundamentalmente uma companhia de base cient\u00edfica. Produzimos milhares de produtos imaginativos e somos l\u00edderes em n\u00fameros de mercados de atua\u00e7\u00e3o &#8211; de cuidados com a sa\u00fade e seguran\u00e7a no tr\u00e1fego a produtos para escrit\u00f3rio,\u00a0abrasivos e adesivos. O sucesso da companhia come\u00e7a com a habilidade de aplicar nossas tecnologias &#8211; freq\u00fcentemente por meio de combina\u00e7\u00f5es &#8211; em uma variedade infinita de necessidades dos nossos clientes. Obviamente, tudo isso \u00e9 poss\u00edvel devido \u00e0s pessoas da 3M e ao seu compromisso \u00fanico de tornar a vida das pessoas mais f\u00e1cil e melhor no mundo todo.<\/p>\n","protected":false},"excerpt":{"rendered":"<p>Fita Dupla Face Fixa Forte VHB 3M<\/p>\n<p>Tamanhos:<\/p>\n<p>12MMx20MT \/ 12MMx2MT \/ 12MMx5MT \/ 19MMx20MT \/ 19MMx2MT \/ 19MMx5MT \/ 24MMx2MT \/ 25MMx2MT<\/p>\n<div class=\"MMM--hdg MMM--hdg_2 SNAPS--hdg_2 MMM--tabHeader\">\n<div class=\"MMM--hdg MMM--hdg_2 SNAPS--hdg_2 MMM--tabHeader\">\n<div class=\"MMM--hdg MMM--hdg_2 SNAPS--hdg_2 MMM--tabHeader\">\n<div class=\"MMM--hdg MMM--hdg_2 SNAPS--hdg_2 MMM--tabHeader\">Detalhes<\/div>\n<div class=\"tabContentContainer MMM--contentToggle-target MMM--isActive\">\n<div class=\"MMM--contentPadded MMM--accordionPanel\">\n<div class=\"MMM--grids\">\n<div class=\"MMM--grids-col MMM--grids-col_pdpMain\">\n<ul class=\"MMM--pdpList SNAPS--bullets\">\n<li>Ideal para materiais transparentes<\/li>\n<li>Fixa\u00e7\u00e3o invis\u00edvel sem tempo de secagem<\/li>\n<li>Indicada para v\u00e1rios materiais e superf\u00edcies<\/li>\n<li>Conformidade e liga\u00e7\u00e3o forte e permanente<\/li>\n<\/ul>\n<p class=\"SNAPS--pdpTabDes\">A Fita VHB&#x2122; Dupla-Face de Adesivo Transfer\u00edvel 3M 4910 \u00e9 ideal para substituir parafusos e pregos em todas as situa\u00e7\u00f5es que exijam fixa\u00e7\u00e3o permanente. Por ser transparente, ela \u00e9 perfeita para fixar objetos de maneira discreta.<\/p>\n<p class=\"SNAPS--pdpTabDes\">O alt\u00edssimo poder de ader\u00eancia da Fita VHB permite que ela seja aplicada nos mais diversos tipos de materiais de maneira permanente. Quando colada sobre uma superf\u00edcie, a fita dupla-face espalha o peso dos objetos por todo o seu comprimento, formando uma solda praticamente indestrut\u00edvel. Dependendo da aplica\u00e7\u00e3o, apenas 55 cm\u00b2 da fita podem sustentar 1 kg de carga est\u00e1tica, sem precisar fazer furos ou esperar o tempo de cura de um adesivo l\u00edquido, o que torna esse produto uma excelente op\u00e7\u00e3o para substituir pregos, tachas, parafusos e rebites. Vidro, metal, PVC r\u00edgido, acr\u00edlico, policarbonato, ABS, poliestireno, tintas eletrost\u00e1ticas, madeira e concreto s\u00e3o algumas das superf\u00edcies em que a fita da 3M pode ser utilizada. \u00c9 ideal para montagem de pain\u00e9is, placas, fixa\u00e7\u00e3o de componentes e reparos, al\u00e9m de apresentar a mesma efic\u00e1cia tanto em ambientes internos quanto externos.<\/p>\n<h4 class=\"MMM--hdg MMM--pdpTabVr SNAPS--pdpTabVr\">Aplica\u00e7\u00f5es sugeridas<\/h4>\n<ul class=\"MMM--pdpList SNAPS--bullets\">\n<li>Metal<\/li>\n<li>Madeira<\/li>\n<li>Vidro<\/li>\n<li>Pl\u00e1stico<\/li>\n<li>Veda\u00e7\u00e3o em tampa de vidro em freezer<\/li>\n<li>Fixa\u00e7\u00e3o de canaletas de fia\u00e7\u00e3o e conectores<\/li>\n<\/ul>\n<\/div>\n<\/div>\n<\/div>\n<\/div>\n<\/div>\n<\/div>\n<\/div>\n","protected":false},"featured_media":3305,"comment_status":"open","ping_status":"closed","template":"","meta":[],"product_cat":[192,1048],"product_tag":[1665],"_links":{"self":[{"href":"https:\/\/trenaferragens.com.br\/index.php?rest_route=\/wp\/v2\/product\/4958"}],"collection":[{"href":"https:\/\/trenaferragens.com.br\/index.php?rest_route=\/wp\/v2\/product"}],"about":[{"href":"https:\/\/trenaferragens.com.br\/index.php?rest_route=\/wp\/v2\/types\/product"}],"replies":[{"embeddable":true,"href":"https:\/\/trenaferragens.com.br\/index.php?rest_route=%2Fwp%2Fv2%2Fcomments&post=4958"}],"wp:featuredmedia":[{"embeddable":true,"href":"https:\/\/trenaferragens.com.br\/index.php?rest_route=\/wp\/v2\/media\/3305"}],"wp:attachment":[{"href":"https:\/\/trenaferragens.com.br\/index.php?rest_route=%2Fwp%2Fv2%2Fmedia&parent=4958"}],"wp:term":[{"taxonomy":"product_cat","embeddable":true,"href":"https:\/\/trenaferragens.com.br\/index.php?rest_route=%2Fwp%2Fv2%2Fproduct_cat&post=4958"},{"taxonomy":"product_tag","embeddable":true,"href":"https:\/\/trenaferragens.com.br\/index.php?rest_route=%2Fwp%2Fv2%2Fproduct_tag&post=4958"}],"curies":[{"name":"wp","href":"https:\/\/api.w.org\/{rel}","templated":true}]}}