{"id":4960,"date":"2018-08-01T16:24:56","date_gmt":"2018-08-01T16:24:56","guid":{"rendered":"http:\/\/trenaferragens1.hospedagemdesites.ws\/produto\/import-placeholder-for-7558\/"},"modified":"2018-08-01T16:25:18","modified_gmt":"2018-08-01T16:25:18","slug":"fita-isolante-autofusao-3m","status":"publish","type":"product","link":"https:\/\/trenaferragens.com.br\/?product=fita-isolante-autofusao-3m","title":{"rendered":"Fita Isolante Autofus\u00e3o 3M"},"content":{"rendered":"<p>Fita Isolante Autofus\u00e3o 3M<\/p>\n<p>3M<\/p>\n<p>A 3M \u00e9 fundamentalmente uma companhia de base cient\u00edfica. Produzimos milhares de produtos imaginativos e somos l\u00edderes em n\u00fameros de mercados de atua\u00e7\u00e3o &#8211; de cuidados com a sa\u00fade e seguran\u00e7a no tr\u00e1fego a produtos para escrit\u00f3rio,\u00a0abrasivos e adesivos. O sucesso da companhia come\u00e7a com a habilidade de aplicar nossas tecnologias &#8211; freq\u00fcentemente por meio de combina\u00e7\u00f5es &#8211; em uma variedade infinita de necessidades dos nossos clientes. Obviamente, tudo isso \u00e9 poss\u00edvel devido \u00e0s pessoas da 3M e ao seu compromisso \u00fanico de tornar a vida das pessoas mais f\u00e1cil e melhor no mundo todo.<\/p>\n","protected":false},"excerpt":{"rendered":"<p>Fita Isolante Autofus\u00e3o 3M<\/p>\n<p>Tamanhos:<\/p>\n<p>19MMx2MT \/ 19MMx10MT<\/p>\n<div class=\"MMM--hdg MMM--hdg_2 SNAPS--hdg_2 MMM--tabHeader\">\n<div class=\"MMM--hdg MMM--hdg_2 SNAPS--hdg_2 MMM--tabHeader\">\n<div class=\"MMM--hdg MMM--hdg_2 SNAPS--hdg_2 MMM--tabHeader\">\n<div class=\"MMM--hdg MMM--hdg_2 SNAPS--hdg_2 MMM--tabHeader\">\n<div class=\"MMM--hdg MMM--hdg_2 SNAPS--hdg_2 MMM--tabHeader\">\n<div class=\"MMM--hdg MMM--hdg_2 SNAPS--hdg_2 MMM--tabHeader\">Detalhes<\/div>\n<div class=\"tabContentContainer MMM--contentToggle-target MMM--isActive\">\n<div class=\"MMM--contentPadded MMM--accordionPanel\">\n<div class=\"MMM--grids\">\n<div class=\"MMM--grids-col MMM--grids-col_pdpMain\">\n<ul class=\"MMM--pdpList SNAPS--bullets\">\n<li>Fita de alta isola\u00e7\u00e3o para emendas e termina\u00e7\u00f5es de cabos de baixa,m\u00e9dia e alta voltagem<\/li>\n<li>Atua como isolante el\u00e9trico nas emendas e termina\u00e7\u00f5es de cabos que possam atingir a temperatura de 90\u00b0 C<\/li>\n<li>Pode ser alongada em at\u00e9 100% para proporcionar isola\u00e7\u00e3o inviol\u00e1vel<\/li>\n<li>Possui alta ader\u00eancia e veda\u00e7\u00e3o<\/li>\n<li>Excelente adapta\u00e7\u00e3o em qualquer superf\u00edcie<\/li>\n<li>Resistente \u00e0 umidade<\/li>\n<li>\u00d3tima e r\u00e1pida fus\u00e3o sem presen\u00e7a de bolhas<\/li>\n<li>Conte\u00fado da Embalagem: 1 Rolo de Fita de Autofus\u00e3o Scotch 23<\/li>\n<li>Garantia: 5 anos<\/li>\n<li>Temperatura M\u00e1xima de Opera\u00e7\u00e3o 90\u00baC em regime cont\u00ednuo e 130\u00baC em regime de emerg\u00eancia<\/li>\n<\/ul>\n<p class=\"SNAPS--pdpTabDes\">A Fita de Autofus\u00e3o 3M&#x2122; Scotch&#x2122; 23 cria uma conex\u00e3o segura e firme, fundindo-se a ela mesma. Pode ser alongada em at\u00e9 100% para proporcionar isola\u00e7\u00e3o inviol\u00e1vel. \u00c9 resistente \u00e0 umidade e as propriedades f\u00edsicas e el\u00e9tricas n\u00e3o s\u00e3o afetadas pelo grau de alongamento.<\/p>\n<p class=\"SNAPS--pdpTabDes\">A Fita de Autofus\u00e3o 3M&#x2122; Scotch&#x2122; 23 \u00e9 uma fita de alta isola\u00e7\u00e3o para emendas e termina\u00e7\u00f5es de cabos de m\u00e9dia voltagem. Esta fita auto-amalgamante cria uma conex\u00e3o segura e firme, fundindo-se a ela mesma. Um dorso altamente conform\u00e1vel de borracha de etileno propileno se enrolar\u00e1 firmemente sobre a maioria dos perfis, mesmo em formas irregulares e complicadas. A fita pode ser alongada em at\u00e9 100% para proporcionar isola\u00e7\u00e3o inviol\u00e1vel e resistente \u00e0 umidade. As propriedades f\u00edsicas e el\u00e9tricas n\u00e3o s\u00e3o afetadas pelo grau de alongamento. Esta fita preta destinada a eletricistas, com espessura de 0,76 mm, proporciona isola\u00e7\u00e3o el\u00e9trica prim\u00e1ria para jun\u00e7\u00e3o e termina\u00e7\u00e3o de cabos at\u00e9 69 kV com at\u00e9 90\u00b0C de temperatura cont\u00ednua de opera\u00e7\u00e3o, admitindo uma temperatura emergencial de sobrecarga de at\u00e9 130\u00b0C. Ela tamb\u00e9m oferece isola\u00e7\u00e3o prim\u00e1ria para montar cones de estresse em cabos de at\u00e9 35 kV. Modo de aplicar: remova o filme protetor (liner) alongando a Fita de Autofus\u00e3o 3M\u00ae Scotch\u00ae 23 de forma que a sua largura se reduza em aproximadamente 20%. Ap\u00f3s a remo\u00e7\u00e3o do filme protetor, alongue a fita de forma que sua largura se reduza em aproximadamente 40%. Aplique a fita sobre a superf\u00edcie, sempre alongada de forma que a sobreposi\u00e7\u00e3o seja de 50%. As caracter\u00edsticas especiais far\u00e3o com que as camadas da fita fundam-se entre si, tornando-se uma prote\u00e7\u00e3o imperme\u00e1vel e altamente resistente. Aplique a quantidade exata at\u00e9 atingir a espessura do cabo. Esta fita deve sempre ser coberta com uma camada da Fita Isolante Scotch\u00ae 33  para prote\u00e7\u00e3o contra intemp\u00e9ries e a\u00e7\u00e3o do tempo.<\/p>\n<h4 class=\"MMM--hdg MMM--pdpTabVr SNAPS--pdpTabVr\">Aplica\u00e7\u00f5es sugeridas<\/h4>\n<ul class=\"MMM--pdpList SNAPS--bullets\">\n<li>Destinada a eletricistas;<\/li>\n<li>Pode ser utilizada para isola\u00e7\u00e3o prim\u00e1ria de fios e cabos para baixa,m\u00e9dia e alta tens\u00e3o;<\/li>\n<li>Isola\u00e7\u00e3o prim\u00e1ria de fios, cabos, emendas, terminais e termina\u00e7\u00f5es com classe de tens\u00e3o de at\u00e9 69 kV;<\/li>\n<li>Atua como isolante el\u00e9trico nas Emendas e termina\u00e7\u00f5es de cabos que possam atingir a temperatura de 90\u00b0 C;<\/li>\n<li>Instala\u00e7\u00f5es resid\u00eanciais como: jardins, chuveiros e ar condicionado.<\/li>\n<\/ul>\n<\/div>\n<\/div>\n<\/div>\n<\/div>\n<\/div>\n<\/div>\n<\/div>\n<\/div>\n<\/div>\n","protected":false},"featured_media":3308,"comment_status":"open","ping_status":"closed","template":"","meta":[],"product_cat":[192,1048],"product_tag":[1667],"_links":{"self":[{"href":"https:\/\/trenaferragens.com.br\/index.php?rest_route=\/wp\/v2\/product\/4960"}],"collection":[{"href":"https:\/\/trenaferragens.com.br\/index.php?rest_route=\/wp\/v2\/product"}],"about":[{"href":"https:\/\/trenaferragens.com.br\/index.php?rest_route=\/wp\/v2\/types\/product"}],"replies":[{"embeddable":true,"href":"https:\/\/trenaferragens.com.br\/index.php?rest_route=%2Fwp%2Fv2%2Fcomments&post=4960"}],"wp:featuredmedia":[{"embeddable":true,"href":"https:\/\/trenaferragens.com.br\/index.php?rest_route=\/wp\/v2\/media\/3308"}],"wp:attachment":[{"href":"https:\/\/trenaferragens.com.br\/index.php?rest_route=%2Fwp%2Fv2%2Fmedia&parent=4960"}],"wp:term":[{"taxonomy":"product_cat","embeddable":true,"href":"https:\/\/trenaferragens.com.br\/index.php?rest_route=%2Fwp%2Fv2%2Fproduct_cat&post=4960"},{"taxonomy":"product_tag","embeddable":true,"href":"https:\/\/trenaferragens.com.br\/index.php?rest_route=%2Fwp%2Fv2%2Fproduct_tag&post=4960"}],"curies":[{"name":"wp","href":"https:\/\/api.w.org\/{rel}","templated":true}]}}