{"id":4963,"date":"2018-08-01T16:24:58","date_gmt":"2018-08-01T16:24:58","guid":{"rendered":"http:\/\/trenaferragens1.hospedagemdesites.ws\/produto\/import-placeholder-for-7564\/"},"modified":"2018-08-01T16:25:20","modified_gmt":"2018-08-01T16:25:20","slug":"gancho-c-adesivo-command-utensilios-3m","status":"publish","type":"product","link":"https:\/\/trenaferragens.com.br\/?product=gancho-c-adesivo-command-utensilios-3m","title":{"rendered":"Gancho C\/Adesivo Command Utens\u00edlios 3M"},"content":{"rendered":"<p>Gancho C\/Adesivo Command Utens\u00edlios 3M<\/p>\n<p>3M<\/p>\n<p>A 3M \u00e9 fundamentalmente uma companhia de base cient\u00edfica. Produzimos milhares de produtos imaginativos e somos l\u00edderes em n\u00fameros de mercados de atua\u00e7\u00e3o &#8211; de cuidados com a sa\u00fade e seguran\u00e7a no tr\u00e1fego a produtos para escrit\u00f3rio,\u00a0abrasivos e adesivos. O sucesso da companhia come\u00e7a com a habilidade de aplicar nossas tecnologias &#8211; freq\u00fcentemente por meio de combina\u00e7\u00f5es &#8211; em uma variedade infinita de necessidades dos nossos clientes. Obviamente, tudo isso \u00e9 poss\u00edvel devido \u00e0s pessoas da 3M e ao seu compromisso \u00fanico de tornar a vida das pessoas mais f\u00e1cil e melhor no mundo todo.<\/p>\n","protected":false},"excerpt":{"rendered":"<p>Gancho C\/Adesivo Command Utens\u00edlios 3M<\/p>\n<p>Tamanhos:<\/p>\n<p>Gancho Adesivo Command C\/ 2 unidades<\/p>\n<div class=\"MMM--hdg MMM--hdg_2 SNAPS--hdg_2 MMM--tabHeader\">\n<div class=\"MMM--hdg MMM--hdg_2 SNAPS--hdg_2 MMM--tabHeader\">\n<div class=\"MMM--hdg MMM--hdg_2 SNAPS--hdg_2 MMM--tabHeader\">\n<div class=\"MMM--hdg MMM--hdg_2 SNAPS--hdg_2 MMM--tabHeader\">\n<div class=\"MMM--hdg MMM--hdg_2 SNAPS--hdg_2 MMM--tabHeader\">\n<div class=\"MMM--hdg MMM--hdg_2 SNAPS--hdg_2 MMM--tabHeader\">\n<div class=\"MMM--hdg MMM--hdg_2 SNAPS--hdg_2 MMM--tabHeader\">\n<div class=\"MMM--hdg MMM--hdg_2 SNAPS--hdg_2 MMM--tabHeader\">Detalhes<\/div>\n<div class=\"tabContentContainer MMM--contentToggle-target MMM--isActive\">\n<div class=\"MMM--contentPadded MMM--accordionPanel\">\n<div class=\"MMM--grids\">\n<div class=\"MMM--grids-col MMM--grids-col_pdpMain\">\n<ul class=\"MMM--pdpList SNAPS--bullets\">\n<li>N\u00e3o estraga as paredes, servindo para pendurar sem furar<\/li>\n<li>N\u00e3o deixa res\u00edduos<\/li>\n<li>Gancho para pendurar f\u00e1cil de aplicar e ser removido<\/li>\n<li>Suporta at\u00e9 450 g<\/li>\n<li>No tamanho certo para que voc\u00ea mostre apenas o que mais importa: sua decora\u00e7\u00e3o<\/li>\n<li>Garantia: N\u00e3o<\/li>\n<\/ul>\n<p class=\"SNAPS--pdpTabDes\">Pendure-os para que n\u00e3o sejam vistos! O Gancho Adesivo 3M Command&#x2122; Transparente \u00e9 um adesivo remov\u00edvel com ganchos para decorar e organizar a sua casa de forma pr\u00e1tica, sem sujeira e sem furos na parede. A tecnologia do adesivo Command&#x2122; permite trocar o gancho de lugar sem danificar as paredes. \u00c9 ideal para pendurar pequenos objetos e organizar cozinhas, lavanderias e quartos.<\/p>\n<p class=\"SNAPS--pdpTabDes\">Aplica\u00e7\u00e3o forte, remo\u00e7\u00e3o limpa, resultados sem danos na parede Sem deixar res\u00edduos e sujeira, o Gancho Adesivo 3M Command&#x2122; Transparente pode ser aplicado em v\u00e1rias superf\u00edcies. Vers\u00e1til e discreto, \u00e9 ideal para quem quer deixar \u00e0 mostra apenas o que mais importa: sua decora\u00e7\u00e3o. Cada embalagem cont\u00e9m dois ganchos pequenos transparentes com quatro adesivos pequenos, sendo que cada gancho suporta at\u00e9 450 g. Esque\u00e7a os pregos, parafusos ou tachas. O Gancho Adesivo 3M Command&#x2122; Transparente \u00e9 muito mais f\u00e1cil e r\u00e1pido de pendurar! Ele possui ades\u00e3o firme em muitas superf\u00edcies, como pinturas, madeiras, azulejos e muitas outras. Al\u00e9m disso, pode ser removido sem deixar furos, marcas ou res\u00edduos. Est\u00e1 no tamanho certo para que voc\u00ea mostre apenas o que mais importa: a sua decora\u00e7\u00e3o \u2013 e n\u00e3o como ela foi colocada no lugar. Remov\u00ea-lo \u00e9 t\u00e3o simples quanto sua aplica\u00e7\u00e3o: basta puxar para baixo, mover e reutiliz\u00e1-lo novamente! Como usar: Para aplicar estes ganchos de parede, limpe a parede com \u00e1lcool e um pano seco. N\u00e3o use produtos de limpeza, aeross\u00f3is ou toalhinhas de limpeza, pois elas deixam um res\u00edduo escorregadio que impede a ader\u00eancia. Separe as tiras e remova o recobrimento preto. Depois, pressione a tira diretamente sobre a parede que voc\u00ea quer colocar o seu gancho e pressione ao longo de toda a tira durante 30 segundos. Finalmente, remova o recobrimento azul e pressione firmemente durante 30 segundos. Lembre-se que quanto maior a press\u00e3o, mais forte ser\u00e1 a ader\u00eancia. Espere por uma hora antes de pendurar qualquer coisa no gancho; dessa maneira, a uni\u00e3o adesiva atingir\u00e1 sua m\u00e1xima resist\u00eancia. Para remover, segure o gancho suavemente com seus dedos sem pressionar. Lembre-se que voc\u00ea n\u00e3o deve puxar as tiras para voc\u00ea, pois isso danificaria a parede. Fa\u00e7a-o sempre para baixo, o mais devagar poss\u00edvel. Pressione com o polegar a tira grudada na parede e com a outra m\u00e3o puxe lentamente para baixo esticando-a at\u00e9 atingir os 30 cent\u00edmetros ou at\u00e9 que a tira desgrude da parede.<\/p>\n<h4 class=\"MMM--hdg MMM--pdpTabVr SNAPS--pdpTabVr\">Aplica\u00e7\u00f5es sugeridas<\/h4>\n<ul class=\"MMM--pdpList SNAPS--bullets\">\n<li>Ideal para organizar cozinhas, lavanderias, quartos e banheiros sem sujeira<\/li>\n<li>Pode ser aplicado em diversas superf\u00edcies<\/li>\n<\/ul>\n<\/div>\n<\/div>\n<\/div>\n<\/div>\n<\/div>\n<\/div>\n<\/div>\n<\/div>\n<\/div>\n<\/div>\n<\/div>\n","protected":false},"featured_media":3311,"comment_status":"open","ping_status":"closed","template":"","meta":[],"product_cat":[192,1094],"product_tag":[1670],"_links":{"self":[{"href":"https:\/\/trenaferragens.com.br\/index.php?rest_route=\/wp\/v2\/product\/4963"}],"collection":[{"href":"https:\/\/trenaferragens.com.br\/index.php?rest_route=\/wp\/v2\/product"}],"about":[{"href":"https:\/\/trenaferragens.com.br\/index.php?rest_route=\/wp\/v2\/types\/product"}],"replies":[{"embeddable":true,"href":"https:\/\/trenaferragens.com.br\/index.php?rest_route=%2Fwp%2Fv2%2Fcomments&post=4963"}],"wp:featuredmedia":[{"embeddable":true,"href":"https:\/\/trenaferragens.com.br\/index.php?rest_route=\/wp\/v2\/media\/3311"}],"wp:attachment":[{"href":"https:\/\/trenaferragens.com.br\/index.php?rest_route=%2Fwp%2Fv2%2Fmedia&parent=4963"}],"wp:term":[{"taxonomy":"product_cat","embeddable":true,"href":"https:\/\/trenaferragens.com.br\/index.php?rest_route=%2Fwp%2Fv2%2Fproduct_cat&post=4963"},{"taxonomy":"product_tag","embeddable":true,"href":"https:\/\/trenaferragens.com.br\/index.php?rest_route=%2Fwp%2Fv2%2Fproduct_tag&post=4963"}],"curies":[{"name":"wp","href":"https:\/\/api.w.org\/{rel}","templated":true}]}}