{"id":4964,"date":"2018-08-01T16:24:59","date_gmt":"2018-08-01T16:24:59","guid":{"rendered":"http:\/\/trenaferragens1.hospedagemdesites.ws\/produto\/import-placeholder-for-7566\/"},"modified":"2018-08-01T16:25:20","modified_gmt":"2018-08-01T16:25:20","slug":"gancho-c-adesivo-command-design-3m","status":"publish","type":"product","link":"https:\/\/trenaferragens.com.br\/?product=gancho-c-adesivo-command-design-3m","title":{"rendered":"Gancho C\/Adesivo Command Design 3M"},"content":{"rendered":"<p>Gancho C\/Adesivo Command Design 3M<\/p>\n<p>3M<\/p>\n<p>A 3M \u00e9 fundamentalmente uma companhia de base cient\u00edfica. Produzimos milhares de produtos imaginativos e somos l\u00edderes em n\u00fameros de mercados de atua\u00e7\u00e3o &#8211; de cuidados com a sa\u00fade e seguran\u00e7a no tr\u00e1fego a produtos para escrit\u00f3rio,\u00a0abrasivos e adesivos. O sucesso da companhia come\u00e7a com a habilidade de aplicar nossas tecnologias &#8211; freq\u00fcentemente por meio de combina\u00e7\u00f5es &#8211; em uma variedade infinita de necessidades dos nossos clientes. Obviamente, tudo isso \u00e9 poss\u00edvel devido \u00e0s pessoas da 3M e ao seu compromisso \u00fanico de tornar a vida das pessoas mais f\u00e1cil e melhor no mundo todo.<\/p>\n","protected":false},"excerpt":{"rendered":"<p>Gancho C\/Adesivo Command Design 3M<\/p>\n<p>Tamanhos:<\/p>\n<p>Gancho Adesivo Command C\/ 2 unidades<\/p>\n<div class=\"MMM--hdg MMM--hdg_2 SNAPS--hdg_2 MMM--tabHeader\">\n<div class=\"MMM--hdg MMM--hdg_2 SNAPS--hdg_2 MMM--tabHeader\">\n<div class=\"MMM--hdg MMM--hdg_2 SNAPS--hdg_2 MMM--tabHeader\">\n<div class=\"MMM--hdg MMM--hdg_2 SNAPS--hdg_2 MMM--tabHeader\">\n<div class=\"MMM--hdg MMM--hdg_2 SNAPS--hdg_2 MMM--tabHeader\">\n<div class=\"MMM--hdg MMM--hdg_2 SNAPS--hdg_2 MMM--tabHeader\">\n<div class=\"MMM--hdg MMM--hdg_2 SNAPS--hdg_2 MMM--tabHeader\">\n<div class=\"MMM--hdg MMM--hdg_2 SNAPS--hdg_2 MMM--tabHeader\">\n<div class=\"MMM--hdg MMM--hdg_2 SNAPS--hdg_2 MMM--tabHeader\">Detalhes<\/div>\n<div class=\"tabContentContainer MMM--contentToggle-target MMM--isActive\">\n<div class=\"MMM--contentPadded MMM--accordionPanel\">\n<div class=\"MMM--grids\">\n<div class=\"MMM--grids-col MMM--grids-col_pdpMain\">\n<ul class=\"MMM--pdpList SNAPS--bullets\">\n<li>N\u00e3o estraga as paredes, servindo para pendurar sem furar<\/li>\n<li>N\u00e3o deixa res\u00edduos<\/li>\n<li>Gancho para pendurar f\u00e1cil de aplicar e ser removido<\/li>\n<li>Suporta at\u00e9 1,3 kg<\/li>\n<li>Dispon\u00edvel em v\u00e1rios desenhos para combinar com sua decora\u00e7\u00e3o e seu estilo<\/li>\n<li>Garantia: N\u00e3o<\/li>\n<\/ul>\n<p class=\"SNAPS--pdpTabDes\">Organize e pendure o que quiser e quando quiser! O Gancho Adesivo 3M Command&#x2122; Design Utilidade \u00e9 um adesivo remov\u00edvel com ganchos para decorar e organizar a sua casa de forma pr\u00e1tica, sem sujeira e sem furos na parede. A tecnologia do adesivo Command&#x2122; permite trocar o gancho de lugar sem danificar as paredes. \u00c9 ideal para organizar utens\u00edlios de cozinhas, lavanderias e banheiros, como vassouras, rodos, p\u00e1s, rodinhos e panelas. Possui haste met\u00e1lica.<\/p>\n<p class=\"SNAPS--pdpTabDes\">Aplica\u00e7\u00e3o forte, remo\u00e7\u00e3o limpa, resultados sem danos na parede Sem deixar res\u00edduos e sujeira, o Gancho Adesivo 3M Command&#x2122; Design Utilidade pode ser aplicado em v\u00e1rias superf\u00edcies. Ele \u00e9 muito f\u00e1cil de ser colocado e pode ser grudado e desgrudado da forma que voc\u00ea quiser, sem danificar a parede. \u00c9 ideal para superf\u00edcies como paredes pintadas, vidros, azulejos, madeira e metal. Cada embalagem cont\u00e9m dois ganchos utens\u00edlios m\u00e9dios com quatro adesivos Command&#x2122; m\u00e9dios, sendo que cada gancho suporta at\u00e9 1,3 kg. O Gancho Adesivo 3M Command&#x2122; Design Utilidade est\u00e1 dispon\u00edvel em v\u00e1rios desenhos para combinar com sua decora\u00e7\u00e3o e seu estilo. Tamb\u00e9m pode ser encontrado em diversos tamanhos, segurando uma quantidade surpreendente de peso \u2013 dependendo do modelo, at\u00e9 sete quilos e meio! Esque\u00e7a os pregos, parafusos e tachas: esses ganchos adesivos 3M s\u00e3o r\u00e1pidos e f\u00e1ceis de pendurar, podem ser utilizados em diversas superf\u00edcies e s\u00e3o removidos de forma limpa sempre que voc\u00ea desejar. Como usar: Para aplicar estes ganchos de parede, limpe a parede com \u00e1lcool e um pano seco. N\u00e3o use produtos de limpeza, aeross\u00f3is ou toalhinhas de limpeza, pois elas deixam um res\u00edduo escorregadio que impede a ader\u00eancia. Separe as tiras e remova o recobrimento do adesivo. Pressione a tira sobre a parte posterior do gancho. Agora, pressione o gancho firmemente contra a parede ou superf\u00edcie durante mais ou menos 30 segundos. Quanto maior for a press\u00e3o, mais forte ser\u00e1 a ades\u00e3o. Para que realmente exista uma ader\u00eancia, voc\u00ea tem que deslizar o gancho para cima, fora da base de montagem. Voc\u00ea tem algum gancho pequeno ou de uma s\u00f3 pe\u00e7a? Se a resposta for sim, omita os passos restantes, mas n\u00e3o esque\u00e7a de esperar uma hora antes de pendurar qualquer coisa no gancho. Depois, pressione a base firmemente contra a parede durante 30 segundos. Deslize o gancho outra vez pela superf\u00edcie da base e espere uma hora antes de pendurar algum artigo. Isso permitir\u00e1 que a uni\u00e3o adesiva fixe corretamente na superf\u00edcie ou parede e assim atinja a m\u00e1xima resist\u00eancia. Verifique sempre na embalagem os limites de peso corretos de cada Gancho Command&#x2122;.<\/p>\n<h4 class=\"MMM--hdg MMM--pdpTabVr SNAPS--pdpTabVr\">Aplica\u00e7\u00f5es sugeridas<\/h4>\n<ul class=\"MMM--pdpList SNAPS--bullets\">\n<li>Ideal para organizar utens\u00edlios de cozinhas, lavanderias e banheiros, como vassouras, rodos, p\u00e1s, rodinhos e panelas<\/li>\n<li>Pode ser aplicado em diversas superf\u00edcies<\/li>\n<\/ul>\n<\/div>\n<\/div>\n<\/div>\n<\/div>\n<\/div>\n<\/div>\n<\/div>\n<\/div>\n<\/div>\n<\/div>\n<\/div>\n<\/div>\n","protected":false},"featured_media":3312,"comment_status":"open","ping_status":"closed","template":"","meta":[],"product_cat":[192,1094],"product_tag":[1671],"_links":{"self":[{"href":"https:\/\/trenaferragens.com.br\/index.php?rest_route=\/wp\/v2\/product\/4964"}],"collection":[{"href":"https:\/\/trenaferragens.com.br\/index.php?rest_route=\/wp\/v2\/product"}],"about":[{"href":"https:\/\/trenaferragens.com.br\/index.php?rest_route=\/wp\/v2\/types\/product"}],"replies":[{"embeddable":true,"href":"https:\/\/trenaferragens.com.br\/index.php?rest_route=%2Fwp%2Fv2%2Fcomments&post=4964"}],"wp:featuredmedia":[{"embeddable":true,"href":"https:\/\/trenaferragens.com.br\/index.php?rest_route=\/wp\/v2\/media\/3312"}],"wp:attachment":[{"href":"https:\/\/trenaferragens.com.br\/index.php?rest_route=%2Fwp%2Fv2%2Fmedia&parent=4964"}],"wp:term":[{"taxonomy":"product_cat","embeddable":true,"href":"https:\/\/trenaferragens.com.br\/index.php?rest_route=%2Fwp%2Fv2%2Fproduct_cat&post=4964"},{"taxonomy":"product_tag","embeddable":true,"href":"https:\/\/trenaferragens.com.br\/index.php?rest_route=%2Fwp%2Fv2%2Fproduct_tag&post=4964"}],"curies":[{"name":"wp","href":"https:\/\/api.w.org\/{rel}","templated":true}]}}