{"id":4965,"date":"2018-08-01T16:25:00","date_gmt":"2018-08-01T16:25:00","guid":{"rendered":"http:\/\/trenaferragens1.hospedagemdesites.ws\/produto\/import-placeholder-for-7568\/"},"modified":"2018-08-01T16:25:49","modified_gmt":"2018-08-01T16:25:49","slug":"luva-protecao-p-uso-geral-3m","status":"publish","type":"product","link":"https:\/\/trenaferragens.com.br\/?product=luva-protecao-p-uso-geral-3m","title":{"rendered":"Luva Prote\u00e7\u00e3o P\/Uso Geral 3M"},"content":{"rendered":"<p>Luva Prote\u00e7\u00e3o P\/Uso Geral 3M<\/p>\n<p>3M<\/p>\n<p>A 3M \u00e9 fundamentalmente uma companhia de base cient\u00edfica. Produzimos milhares de produtos imaginativos e somos l\u00edderes em n\u00fameros de mercados de atua\u00e7\u00e3o &#8211; de cuidados com a sa\u00fade e seguran\u00e7a no tr\u00e1fego a produtos para escrit\u00f3rio,\u00a0abrasivos e adesivos. O sucesso da companhia come\u00e7a com a habilidade de aplicar nossas tecnologias &#8211; freq\u00fcentemente por meio de combina\u00e7\u00f5es &#8211; em uma variedade infinita de necessidades dos nossos clientes. Obviamente, tudo isso \u00e9 poss\u00edvel devido \u00e0s pessoas da 3M e ao seu compromisso \u00fanico de tornar a vida das pessoas mais f\u00e1cil e melhor no mundo todo.<\/p>\n","protected":false},"excerpt":{"rendered":"<p>Luva Prote\u00e7\u00e3o P\/Uso Geral 3M<\/p>\n<p>Tamanhos:<\/p>\n<p>n\u00ba 9<\/p>\n<div class=\"MMM--hdg MMM--hdg_2 SNAPS--hdg_2 MMM--tabHeader\">\n<div class=\"MMM--hdg MMM--hdg_2 SNAPS--hdg_2 MMM--tabHeader\">\n<div class=\"MMM--hdg MMM--hdg_2 SNAPS--hdg_2 MMM--tabHeader\">\n<div class=\"MMM--hdg MMM--hdg_2 SNAPS--hdg_2 MMM--tabHeader\">\n<div class=\"MMM--hdg MMM--hdg_2 SNAPS--hdg_2 MMM--tabHeader\">\n<div class=\"MMM--hdg MMM--hdg_2 SNAPS--hdg_2 MMM--tabHeader\">\n<div class=\"MMM--hdg MMM--hdg_2 SNAPS--hdg_2 MMM--tabHeader\">\n<div class=\"MMM--hdg MMM--hdg_2 SNAPS--hdg_2 MMM--tabHeader\">\n<div class=\"MMM--hdg MMM--hdg_2 SNAPS--hdg_2 MMM--tabHeader\">\n<div class=\"MMM--hdg MMM--hdg_2 SNAPS--hdg_2 MMM--tabHeader\">Detalhes<\/div>\n<div class=\"tabContentContainer MMM--contentToggle-target MMM--isActive\">\n<div class=\"MMM--contentPadded MMM--accordionPanel\">\n<div class=\"MMM--grids\">\n<div class=\"MMM--grids-col MMM--grids-col_pdpMain\">\n<ul class=\"MMM--pdpList SNAPS--bullets\">\n<li>Alta durabilidade: \u00f3tima prote\u00e7\u00e3o abrasiva e a rasgamento<\/li>\n<li>Resist\u00eancia a \u00f3leos e graxas<\/li>\n<li>Excelente tato para manuseio de pe\u00e7as pequenas<\/li>\n<li>Utiliza\u00e7\u00e3o confort\u00e1vel, ajusta-se ao formato da m\u00e3o<\/li>\n<li>Lav\u00e1vel<\/li>\n<li>Oferece conforto e permite a respira\u00e7\u00e3o da pele<\/li>\n<li>Conte\u00fado da Embalagem: 1 Par de Luva de Uso Geral<\/li>\n<li>Garantia: 3 anos<\/li>\n<li>Modelos dispon\u00edveis: -Tamanho 7,5 -Tamanho 8 -Tamanho 8,5 -Tamanho 9<\/li>\n<\/ul>\n<p class=\"SNAPS--pdpTabDes\">Com precis\u00e3o e alta sensibilidade para os mais diversos tipos de trabalho, a Luva de Uso Geral 3M&#x2122; Tamanho 7,5 \u00e9 vers\u00e1til e excelente para manuseio de pequenas pe\u00e7as e ferramentas. \u00c9 utilizada na constru\u00e7\u00e3o civil e em manuten\u00e7\u00f5es el\u00e9tricas e mec\u00e2nicas em geral.<\/p>\n<p class=\"SNAPS--pdpTabDes\">A Luva de Uso Geral 3M&#x2122; com prote\u00e7\u00e3o nitr\u00edlica \u00e9 excelente para manuseio de pequenas pe\u00e7as, puxamento de cabos n\u00e3o energizados, manuseio de ferramentas e manuten\u00e7\u00e3o el\u00e9trica. Tamb\u00e9m pode ser usada para reparos dom\u00e9sticos e na jardinagem. \u00c9 resistente a \u00f3leos e graxas e promove excelente respira\u00e7\u00e3o da pele com alta sensibilidade de tato, dando melhor precis\u00e3o e destreza ao seu trabalho. A utiliza\u00e7\u00e3o desta luva para eletricistas \u00e9 confort\u00e1vel, ajustando-se ao formato da m\u00e3o. Possui alta durabilidade e \u00e9 apropriada para uso cont\u00ednuo. \u00c9 revestida de espuma nitr\u00edlica CA 30515. Tenha versatilidade, precis\u00e3o e alta sensibilidade para os mais diversos tipos de trabalho!<\/p>\n<h4 class=\"MMM--hdg MMM--pdpTabVr SNAPS--pdpTabVr\">Aplica\u00e7\u00f5es sugeridas<\/h4>\n<ul class=\"MMM--pdpList SNAPS--bullets\">\n<li>Puxamento de cabos n\u00e3o energizados<\/li>\n<li>Manuseio de ferramentas em geral<\/li>\n<li>Manuten\u00e7\u00e3o el\u00e9trica e mec\u00e2nica em geral<\/li>\n<li>Constru\u00e7\u00e3o civil<\/li>\n<li>Reparos dom\u00e9sticos e jardinagem<\/li>\n<li>Ind\u00fastria eletroel\u00eatronica e ind\u00fastria automotiva<\/li>\n<\/ul>\n<\/div>\n<\/div>\n<\/div>\n<\/div>\n<\/div>\n<\/div>\n<\/div>\n<\/div>\n<\/div>\n<\/div>\n<\/div>\n<\/div>\n<\/div>\n","protected":false},"featured_media":3313,"comment_status":"open","ping_status":"closed","template":"","meta":[],"product_cat":[192,1132],"product_tag":[1672],"_links":{"self":[{"href":"https:\/\/trenaferragens.com.br\/index.php?rest_route=\/wp\/v2\/product\/4965"}],"collection":[{"href":"https:\/\/trenaferragens.com.br\/index.php?rest_route=\/wp\/v2\/product"}],"about":[{"href":"https:\/\/trenaferragens.com.br\/index.php?rest_route=\/wp\/v2\/types\/product"}],"replies":[{"embeddable":true,"href":"https:\/\/trenaferragens.com.br\/index.php?rest_route=%2Fwp%2Fv2%2Fcomments&post=4965"}],"wp:featuredmedia":[{"embeddable":true,"href":"https:\/\/trenaferragens.com.br\/index.php?rest_route=\/wp\/v2\/media\/3313"}],"wp:attachment":[{"href":"https:\/\/trenaferragens.com.br\/index.php?rest_route=%2Fwp%2Fv2%2Fmedia&parent=4965"}],"wp:term":[{"taxonomy":"product_cat","embeddable":true,"href":"https:\/\/trenaferragens.com.br\/index.php?rest_route=%2Fwp%2Fv2%2Fproduct_cat&post=4965"},{"taxonomy":"product_tag","embeddable":true,"href":"https:\/\/trenaferragens.com.br\/index.php?rest_route=%2Fwp%2Fv2%2Fproduct_tag&post=4965"}],"curies":[{"name":"wp","href":"https:\/\/api.w.org\/{rel}","templated":true}]}}