{"id":4967,"date":"2018-08-01T16:25:24","date_gmt":"2018-08-01T16:25:24","guid":{"rendered":"http:\/\/trenaferragens1.hospedagemdesites.ws\/produto\/import-placeholder-for-7572\/"},"modified":"2018-08-01T16:25:50","modified_gmt":"2018-08-01T16:25:50","slug":"respirador-verde-pff-1-9901-3m","status":"publish","type":"product","link":"https:\/\/trenaferragens.com.br\/?product=respirador-verde-pff-1-9901-3m","title":{"rendered":"Respirador Verde PFF-1 9901 3M"},"content":{"rendered":"<p>Respirador Verde PFF-1 9901 3M<\/p>\n<p>3M<\/p>\n<p>A 3M \u00e9 fundamentalmente uma companhia de base cient\u00edfica. Produzimos milhares de produtos imaginativos e somos l\u00edderes em n\u00fameros de mercados de atua\u00e7\u00e3o &#8211; de cuidados com a sa\u00fade e seguran\u00e7a no tr\u00e1fego a produtos para escrit\u00f3rio,\u00a0abrasivos e adesivos. O sucesso da companhia come\u00e7a com a habilidade de aplicar nossas tecnologias &#8211; freq\u00fcentemente por meio de combina\u00e7\u00f5es &#8211; em uma variedade infinita de necessidades dos nossos clientes. Obviamente, tudo isso \u00e9 poss\u00edvel devido \u00e0s pessoas da 3M e ao seu compromisso \u00fanico de tornar a vida das pessoas mais f\u00e1cil e melhor no mundo todo.<\/p>\n","protected":false},"excerpt":{"rendered":"<p>Respirador Verde PFF-1 9901 3M<\/p>\n<p>Tamanhos:<\/p>\n<p>\u00fanico<\/p>\n<div class=\"MMM--hdg MMM--hdg_2 SNAPS--hdg_2 MMM--tabHeader\">\n<div class=\"MMM--hdg MMM--hdg_2 SNAPS--hdg_2 MMM--tabHeader\">\n<div class=\"MMM--hdg MMM--hdg_2 SNAPS--hdg_2 MMM--tabHeader\">\n<div class=\"MMM--hdg MMM--hdg_2 SNAPS--hdg_2 MMM--tabHeader\">\n<div class=\"MMM--hdg MMM--hdg_2 SNAPS--hdg_2 MMM--tabHeader\">\n<div class=\"MMM--hdg MMM--hdg_2 SNAPS--hdg_2 MMM--tabHeader\">\n<div class=\"MMM--hdg MMM--hdg_2 SNAPS--hdg_2 MMM--tabHeader\">\n<div class=\"MMM--hdg MMM--hdg_2 SNAPS--hdg_2 MMM--tabHeader\">\n<div class=\"MMM--hdg MMM--hdg_2 SNAPS--hdg_2 MMM--tabHeader\">\n<div class=\"MMM--hdg MMM--hdg_2 SNAPS--hdg_2 MMM--tabHeader\">\n<div class=\"MMM--hdg MMM--hdg_2 SNAPS--hdg_2 MMM--tabHeader\">\n<div class=\"MMM--hdg MMM--hdg_2 SNAPS--hdg_2 MMM--tabHeader\">Detalhes<\/div>\n<div class=\"tabContentContainer MMM--contentToggle-target MMM--isActive\">\n<div class=\"MMM--contentPadded MMM--accordionPanel\">\n<div class=\"MMM--grids\">\n<div class=\"MMM--grids-col MMM--grids-col_pdpMain\">\n<ul class=\"MMM--pdpList SNAPS--bullets\">\n<li>Classe PFF-1 (S)<\/li>\n<li>Filtro 3M com tratamento eletrost\u00e1tico: f\u00e1cil para respirar com alta capacidade de reten\u00e7\u00e3o de part\u00edculas<\/li>\n<li>Formato dobr\u00e1vel em dois pain\u00e9is, dando praticidade ao produto<\/li>\n<li>Embalado individualmente<\/li>\n<li>Garantia 3 anos ap\u00f3s a fabrica\u00e7\u00e3o<\/li>\n<\/ul>\n<p class=\"SNAPS--pdpTabDes\">O Respirador Descart\u00e1vel Dobr\u00e1vel 3M&#x2122; 9901 oferece prote\u00e7\u00e3o contra poeiras e n\u00e9voas. Seu formato dobr\u00e1vel \u00e9 pr\u00e1tico de usar e armazenar.O respirador \u00e9 composto basicamente por dois pain\u00e9is de n\u00e3o-tecido e um meio filtrante em microfibras sint\u00e9ticas tratadas eletrostaticamente. A parte externa do respirador \u00e9 recoberta por um n\u00e3o-tecido na cor verde escuro, que protege o meio filtrante evitando que as fibras se soltem. Nas laterais externas da pe\u00e7a, s\u00e3o fixados 04 (quatro) grampos met\u00e1licos, sendo dois de cada lado, aos quais est\u00e3o presas as pontas de 02 (dois) tirantes el\u00e1sticos amarelos. A parte superior externa da pe\u00e7a possui uma tira de material met\u00e1lico mold\u00e1vel utilizada para ajuste nasal, que confere ao respirador uma veda\u00e7\u00e3o facial eficiente e segura. Instru\u00e7\u00f5es de uso: antes de utilizar o produto, conforme exig\u00eancia da NR. 6 da C.L.T. e da Instru\u00e7\u00e3o Normativa no. 1 do Minist\u00e9rio do Trabalho e Emprego de 11 de abril de 1994, o usu\u00e1rio precisa ser informado pelo empregador sobre a obrigatoriedade de uso do equipamento, ser devidamente treinado para a correta utiliza\u00e7\u00e3o e ser realizado o ensaio de veda\u00e7\u00e3o, para a correta utiliza\u00e7\u00e3o do mesmo.<\/p>\n<h4 class=\"MMM--hdg MMM--pdpTabVr SNAPS--pdpTabVr\">Aplica\u00e7\u00f5es sugeridas<\/h4>\n<ul class=\"MMM--pdpList SNAPS--bullets\">\n<li>Indicado para prote\u00e7\u00e3o das vias respirat\u00f3rias contra poeiras e n\u00e9voas n\u00e3o oleosas, em concentra\u00e7\u00f5es n\u00e3o superiores a 10 (dez) vezes o limite de exposi\u00e7\u00e3o ocupacional (LT ou TLV) destes particulados podendo conter fibras t\u00eaxteis, cimento refinado (Portland\u00ae), min\u00e9rio de ferro, min\u00e9rio de carv\u00e3o, min\u00e9rio de alum\u00ednio, sab\u00e3o em p\u00f3, talco, cal, soda c\u00e1ustica, poeiras vegetais (como trigo, arroz, milho, baga\u00e7o de cana, etc.), poeiras de lixamento e esmerilhamento, entre outros.<\/li>\n<li>N\u00e3o \u00e9 recomendado para uso hospitalar em procedimentos m\u00e9dicos ou odontol\u00f3gicos<\/li>\n<\/ul>\n<\/div>\n<\/div>\n<\/div>\n<\/div>\n<\/div>\n<\/div>\n<\/div>\n<\/div>\n<\/div>\n<\/div>\n<\/div>\n<\/div>\n<\/div>\n<\/div>\n<\/div>\n","protected":false},"featured_media":3315,"comment_status":"open","ping_status":"closed","template":"","meta":[],"product_cat":[192,1132],"product_tag":[1674],"_links":{"self":[{"href":"https:\/\/trenaferragens.com.br\/index.php?rest_route=\/wp\/v2\/product\/4967"}],"collection":[{"href":"https:\/\/trenaferragens.com.br\/index.php?rest_route=\/wp\/v2\/product"}],"about":[{"href":"https:\/\/trenaferragens.com.br\/index.php?rest_route=\/wp\/v2\/types\/product"}],"replies":[{"embeddable":true,"href":"https:\/\/trenaferragens.com.br\/index.php?rest_route=%2Fwp%2Fv2%2Fcomments&post=4967"}],"wp:featuredmedia":[{"embeddable":true,"href":"https:\/\/trenaferragens.com.br\/index.php?rest_route=\/wp\/v2\/media\/3315"}],"wp:attachment":[{"href":"https:\/\/trenaferragens.com.br\/index.php?rest_route=%2Fwp%2Fv2%2Fmedia&parent=4967"}],"wp:term":[{"taxonomy":"product_cat","embeddable":true,"href":"https:\/\/trenaferragens.com.br\/index.php?rest_route=%2Fwp%2Fv2%2Fproduct_cat&post=4967"},{"taxonomy":"product_tag","embeddable":true,"href":"https:\/\/trenaferragens.com.br\/index.php?rest_route=%2Fwp%2Fv2%2Fproduct_tag&post=4967"}],"curies":[{"name":"wp","href":"https:\/\/api.w.org\/{rel}","templated":true}]}}