{"id":4969,"date":"2018-08-01T16:25:31","date_gmt":"2018-08-01T16:25:31","guid":{"rendered":"http:\/\/trenaferragens1.hospedagemdesites.ws\/produto\/import-placeholder-for-7576\/"},"modified":"2018-08-01T16:25:51","modified_gmt":"2018-08-01T16:25:51","slug":"bota-c-elastico-c-biqueira-em-pvc-preta","status":"publish","type":"product","link":"https:\/\/trenaferragens.com.br\/?product=bota-c-elastico-c-biqueira-em-pvc-preta","title":{"rendered":"Bota C\/El\u00e1stico C\/Biqueira em PVC Preta"},"content":{"rendered":"<p>Bota C\/El\u00e1stico C\/Biqueira em PVC Preta<\/p>\n<p>IMBISEG<\/p>\n<p>A Imbiseg \u00e9 uma empresa especializada na produ\u00e7\u00e3o de cal\u00e7ados para\u00a0<strong>uso profissional<\/strong>. Preocupada com o dia-a-dia, os produtos Imbiseg s\u00e3o cuidadosamente desenvolvidos para facilitar e promover a\u00a0<strong>seguran\u00e7a no ambiente de trabalho.<\/strong><\/p>\n","protected":false},"excerpt":{"rendered":"<p>Bota C\/El\u00e1stico C\/Biqueira em PVC Preta<\/p>\n<p>Tamanhos:<\/p>\n<p>\u00fanico<\/p>\n<div class=\"MMM--hdg MMM--hdg_2 SNAPS--hdg_2 MMM--tabHeader\">\n<div class=\"MMM--hdg MMM--hdg_2 SNAPS--hdg_2 MMM--tabHeader\">\n<div class=\"MMM--hdg MMM--hdg_2 SNAPS--hdg_2 MMM--tabHeader\">\n<div class=\"MMM--hdg MMM--hdg_2 SNAPS--hdg_2 MMM--tabHeader\">\n<div class=\"MMM--hdg MMM--hdg_2 SNAPS--hdg_2 MMM--tabHeader\">\n<div class=\"MMM--hdg MMM--hdg_2 SNAPS--hdg_2 MMM--tabHeader\">\n<div class=\"MMM--hdg MMM--hdg_2 SNAPS--hdg_2 MMM--tabHeader\">\n<div class=\"MMM--hdg MMM--hdg_2 SNAPS--hdg_2 MMM--tabHeader\">\n<div class=\"MMM--hdg MMM--hdg_2 SNAPS--hdg_2 MMM--tabHeader\">\n<div class=\"MMM--hdg MMM--hdg_2 SNAPS--hdg_2 MMM--tabHeader\">\n<div class=\"MMM--hdg MMM--hdg_2 SNAPS--hdg_2 MMM--tabHeader\">\n<div class=\"MMM--hdg MMM--hdg_2 SNAPS--hdg_2 MMM--tabHeader\">Detalhes<\/div>\n<div><\/div>\n<div>Modelo:\u00a0Botina de El\u00e1stico Imbiseg<\/div>\n<div>Refer\u00eancia:\u00a031101 \/ 31102<\/div>\n<div>Tipo de couro do cabedal:\u00a0Botina em couro em com espessura de 1,8 mm a 2,2 mm<\/div>\n<div>Tipo de forro da G\u00e1spea:\u00a0STROFLEX A20CC 20 PT<\/div>\n<div>Tipo de linhas:\u00a0Costuras simples, duplas e qu\u00e1druplas na cor prata<\/div>\n<div>Certificado de aprova\u00e7\u00e3o:\u00a0C.A. N\u00ba 37414 A\u00c7O | 33689 SB<\/div>\n<div>Biqueira:\u00a0True line, polipropileno (PP) ou A\u00e7o<\/div>\n<div>Contraforte:\u00a0Fibra e EVA<\/div>\n<div>Palmilha e montagem:\u00a0EVA costurado pelo sistema strobel<\/div>\n<div>Solado:\u00a0Solado monodensidade em poliuretano (PU) injetado diretamente no cabedal, com fun\u00e7\u00e3o antiderrapante e com alta resist\u00eancia ao desgaste<\/div>\n<div>Numera\u00e7\u00e3o: 40, 41 , 42, 43, 44.<\/div>\n<div>Embalagem individual:\u00a0Saco pl\u00e1stico<\/div>\n<\/div>\n<\/div>\n<\/div>\n<\/div>\n<\/div>\n<\/div>\n<\/div>\n<\/div>\n<\/div>\n<\/div>\n<\/div>\n","protected":false},"featured_media":3328,"comment_status":"open","ping_status":"closed","template":"","meta":[],"product_cat":[1132],"product_tag":[1676],"_links":{"self":[{"href":"https:\/\/trenaferragens.com.br\/index.php?rest_route=\/wp\/v2\/product\/4969"}],"collection":[{"href":"https:\/\/trenaferragens.com.br\/index.php?rest_route=\/wp\/v2\/product"}],"about":[{"href":"https:\/\/trenaferragens.com.br\/index.php?rest_route=\/wp\/v2\/types\/product"}],"replies":[{"embeddable":true,"href":"https:\/\/trenaferragens.com.br\/index.php?rest_route=%2Fwp%2Fv2%2Fcomments&post=4969"}],"wp:featuredmedia":[{"embeddable":true,"href":"https:\/\/trenaferragens.com.br\/index.php?rest_route=\/wp\/v2\/media\/3328"}],"wp:attachment":[{"href":"https:\/\/trenaferragens.com.br\/index.php?rest_route=%2Fwp%2Fv2%2Fmedia&parent=4969"}],"wp:term":[{"taxonomy":"product_cat","embeddable":true,"href":"https:\/\/trenaferragens.com.br\/index.php?rest_route=%2Fwp%2Fv2%2Fproduct_cat&post=4969"},{"taxonomy":"product_tag","embeddable":true,"href":"https:\/\/trenaferragens.com.br\/index.php?rest_route=%2Fwp%2Fv2%2Fproduct_tag&post=4969"}],"curies":[{"name":"wp","href":"https:\/\/api.w.org\/{rel}","templated":true}]}}