{"id":4970,"date":"2018-08-01T16:25:32","date_gmt":"2018-08-01T16:25:32","guid":{"rendered":"http:\/\/trenaferragens1.hospedagemdesites.ws\/produto\/import-placeholder-for-7581\/"},"modified":"2018-08-01T16:25:51","modified_gmt":"2018-08-01T16:25:51","slug":"disjuntor-dispositivo-dr-siemens","status":"publish","type":"product","link":"https:\/\/trenaferragens.com.br\/?product=disjuntor-dispositivo-dr-siemens","title":{"rendered":"Disjuntor Dispositivo DR Siemens"},"content":{"rendered":"<p>Disjuntor Dispositivo DR Siemens<\/p>\n<div class=\"nts-comp nts-h2 container\">\n<div class=\"row\">\n<div class=\"col-md-9\">\n<p class=\"H2\">Sobre a Siemens no Brasil<\/p>\n<\/div>\n<\/div>\n<\/div>\n<div class=\"nts-comp nts-rte container\" data-ste-component=\"chapter-intro\">\n<div class=\"P1\">\n<p>H\u00e1 mais de 110 anos no pa\u00eds, a Siemens construiu uma hist\u00f3ria associada \u00e0 melhoria da infraestrutura e qualidade de vida da popula\u00e7\u00e3o, tornando-se a maior empresa de tecnologia integrada do Brasil.<\/p>\n<p>Hoje, a Siemens emprega mais de 5,5 mil colaboradores no pa\u00eds, todos focados em entregar \u00e0 popula\u00e7\u00e3o solu\u00e7\u00f5es alinhadas com os principais valores da companhia: Excel\u00eancia, Responsabilidade e Inova\u00e7\u00e3o.<\/p>\n<p>Mas al\u00e9m de ter valores claros, uma empresa que prospera precisa ter as pessoas em seu centro. E \u00e9 exatamente nisso que a estrat\u00e9gia da Siemens foca. Ela alia uma cultura empreendedora ao pensamento cr\u00edtico sobre a melhoria dos seus neg\u00f3cios e dos neg\u00f3cios de seus clientes, busca uma governan\u00e7a bem definida e estabelece um modelo de gerenciamento integrado que faz com que seus planos sejam rigorosamente executados.<\/p>\n<p>Falar em Siemens no Brasil \u00e9 falar em fazer o que importa para a sociedade. Estamos h\u00e1 mais de um s\u00e9culo trabalhando para ser refer\u00eancia em novas formas de eletrificar, automatizar e digitalizar o mundo. Afinal, o que \u00e9 importante para o Brasil, \u00e9 importante para a Siemens.<\/p>\n<\/div>\n<\/div>\n<p>&nbsp;<\/p>\n","protected":false},"excerpt":{"rendered":"<p>Disjuntor Dispositivo DR Siemens<\/p>\n<p>DISPON\u00cdVEL NOS TAMANHOS:<\/p>\n<p>&nbsp;<\/p>\n<p>16A 10KA \/\u00a02P 25A \/\u00a02P 40A \/\u00a02P 63A \/\u00a02P 80A \/\u00a04P 25A \/\u00a04P 40A \/\u00a04P 63A \/\u00a04P 80A \/\u00a04P125A<\/p>\n","protected":false},"featured_media":3329,"comment_status":"open","ping_status":"closed","template":"","meta":[],"product_cat":[194,302],"product_tag":[1677],"_links":{"self":[{"href":"https:\/\/trenaferragens.com.br\/index.php?rest_route=\/wp\/v2\/product\/4970"}],"collection":[{"href":"https:\/\/trenaferragens.com.br\/index.php?rest_route=\/wp\/v2\/product"}],"about":[{"href":"https:\/\/trenaferragens.com.br\/index.php?rest_route=\/wp\/v2\/types\/product"}],"replies":[{"embeddable":true,"href":"https:\/\/trenaferragens.com.br\/index.php?rest_route=%2Fwp%2Fv2%2Fcomments&post=4970"}],"wp:featuredmedia":[{"embeddable":true,"href":"https:\/\/trenaferragens.com.br\/index.php?rest_route=\/wp\/v2\/media\/3329"}],"wp:attachment":[{"href":"https:\/\/trenaferragens.com.br\/index.php?rest_route=%2Fwp%2Fv2%2Fmedia&parent=4970"}],"wp:term":[{"taxonomy":"product_cat","embeddable":true,"href":"https:\/\/trenaferragens.com.br\/index.php?rest_route=%2Fwp%2Fv2%2Fproduct_cat&post=4970"},{"taxonomy":"product_tag","embeddable":true,"href":"https:\/\/trenaferragens.com.br\/index.php?rest_route=%2Fwp%2Fv2%2Fproduct_tag&post=4970"}],"curies":[{"name":"wp","href":"https:\/\/api.w.org\/{rel}","templated":true}]}}