{"id":5025,"date":"2018-08-01T16:26:54","date_gmt":"2018-08-01T16:26:54","guid":{"rendered":"http:\/\/trenaferragens1.hospedagemdesites.ws\/produto\/import-placeholder-for-7695\/"},"modified":"2018-08-01T16:27:12","modified_gmt":"2018-08-01T16:27:12","slug":"cigarra-eletronica-127v-ilus","status":"publish","type":"product","link":"https:\/\/trenaferragens.com.br\/?product=cigarra-eletronica-127v-ilus","title":{"rendered":"Cigarra Eletr\u00f4nica 127V Ilus"},"content":{"rendered":"<p>Cigarra Eletr\u00f4nica 127V Ilus<\/p>\n<p>A linha Ilus \u00e9 um grande sucesso que inaugurou uma nova tend\u00eancia de interruptores e tomadas. Dessa forma, consolidou a linha junto aos consumidores, arquitetos e decoradores.<\/p>\n<p><strong>Design moderno e clean<\/strong>, cuidadosamente planejado e desenhado, seguindo pesquisas e tend\u00eancias do mercado de design, decora\u00e7\u00e3o e arquitetura. Possui placas cujo perfil integra-se perfeitamente a superf\u00edcie das paredes, conferindo leveza a todos os ambientes.<br \/>\n<strong>Praticidade,<\/strong> com superf\u00edcie lisa e com tratamento especial da mat\u00e9ria prima que facilita a limpeza e impede o ac\u00famulo de poeira.<br \/>\n<strong>Qualidade,<\/strong> com placas produzidas em ABS de alta resist\u00eancia, com o acr\u00e9scimo do aditivo UV e agente antiest\u00e1tico.<br \/>\n<strong>Conceito modular,<\/strong> permitindo flexibilidade nas instala\u00e7\u00f5es, combinando placas e uma completa gama de fun\u00e7\u00f5es e acess\u00f3rios.<br \/>\n<strong>Conjuntos montados,<\/strong> a linha tamb\u00e9m contempla uma s\u00e9rie de conjuntos montados, facilitando e satisfazendo as diferentes necessidades.<\/p>\n<p>Produzidas seguindo as diretiva ROHS e dispon\u00edveis em placas 4&#215;2 e 4&#215;4. Aus\u00eancia de parafusos aparentes e com encaixes que garantem fixa\u00e7\u00e3o r\u00e1pida e segura.<\/p>\n<p>Conhe\u00e7a tamb\u00e9m a ILUS Color. S\u00e3o 4 op\u00e7\u00f5es metalizadas: perolizada, dourada, prata e preta. As novas cores foram criadas para combinar com o seu estilo e agregar um toque a mais de classe e modernidade aos seus ambientes!<\/p>\n","protected":false},"excerpt":{"rendered":"<p>Cigarra Eletr\u00f4nica 127V Ilus<\/p>\n","protected":false},"featured_media":3437,"comment_status":"open","ping_status":"closed","template":"","meta":[],"product_cat":[194,203],"product_tag":[1732],"_links":{"self":[{"href":"https:\/\/trenaferragens.com.br\/index.php?rest_route=\/wp\/v2\/product\/5025"}],"collection":[{"href":"https:\/\/trenaferragens.com.br\/index.php?rest_route=\/wp\/v2\/product"}],"about":[{"href":"https:\/\/trenaferragens.com.br\/index.php?rest_route=\/wp\/v2\/types\/product"}],"replies":[{"embeddable":true,"href":"https:\/\/trenaferragens.com.br\/index.php?rest_route=%2Fwp%2Fv2%2Fcomments&post=5025"}],"wp:featuredmedia":[{"embeddable":true,"href":"https:\/\/trenaferragens.com.br\/index.php?rest_route=\/wp\/v2\/media\/3437"}],"wp:attachment":[{"href":"https:\/\/trenaferragens.com.br\/index.php?rest_route=%2Fwp%2Fv2%2Fmedia&parent=5025"}],"wp:term":[{"taxonomy":"product_cat","embeddable":true,"href":"https:\/\/trenaferragens.com.br\/index.php?rest_route=%2Fwp%2Fv2%2Fproduct_cat&post=5025"},{"taxonomy":"product_tag","embeddable":true,"href":"https:\/\/trenaferragens.com.br\/index.php?rest_route=%2Fwp%2Fv2%2Fproduct_tag&post=5025"}],"curies":[{"name":"wp","href":"https:\/\/api.w.org\/{rel}","templated":true}]}}