{"id":5099,"date":"2018-08-01T16:28:09","date_gmt":"2018-08-01T16:28:09","guid":{"rendered":"http:\/\/trenaferragens1.hospedagemdesites.ws\/produto\/import-placeholder-for-7893\/"},"modified":"2018-08-01T16:28:24","modified_gmt":"2018-08-01T16:28:24","slug":"caixa-4x2-sobrepor-br","status":"publish","type":"product","link":"https:\/\/trenaferragens.com.br\/?product=caixa-4x2-sobrepor-br","title":{"rendered":"Caixa 4&#215;2 Sobrepor BR"},"content":{"rendered":"<p>Caixa 4&#215;2 Sobrepor BR<\/p>\n<p>Linha de embutir elegante e econ\u00f4mica, com aplica\u00e7\u00e3o de parafusos externos.<\/p>\n<p>Sin\u00f4nimo de economia e qualidade, a Linha Stylus tem \u00f3timo acabamento, garantindo durabilidade sem perder a eleg\u00e2ncia.<br \/>\nDispon\u00edvel na cor branca, um cl\u00e1ssico que harmoniza com os mais diversos ambientes.<\/p>\n","protected":false},"excerpt":{"rendered":"<p>Caixa 4&#215;2 Sobrepor BR<\/p>\n","protected":false},"featured_media":3571,"comment_status":"open","ping_status":"closed","template":"","meta":[],"product_cat":[194,308],"product_tag":[1803],"_links":{"self":[{"href":"https:\/\/trenaferragens.com.br\/index.php?rest_route=\/wp\/v2\/product\/5099"}],"collection":[{"href":"https:\/\/trenaferragens.com.br\/index.php?rest_route=\/wp\/v2\/product"}],"about":[{"href":"https:\/\/trenaferragens.com.br\/index.php?rest_route=\/wp\/v2\/types\/product"}],"replies":[{"embeddable":true,"href":"https:\/\/trenaferragens.com.br\/index.php?rest_route=%2Fwp%2Fv2%2Fcomments&post=5099"}],"wp:featuredmedia":[{"embeddable":true,"href":"https:\/\/trenaferragens.com.br\/index.php?rest_route=\/wp\/v2\/media\/3571"}],"wp:attachment":[{"href":"https:\/\/trenaferragens.com.br\/index.php?rest_route=%2Fwp%2Fv2%2Fmedia&parent=5099"}],"wp:term":[{"taxonomy":"product_cat","embeddable":true,"href":"https:\/\/trenaferragens.com.br\/index.php?rest_route=%2Fwp%2Fv2%2Fproduct_cat&post=5099"},{"taxonomy":"product_tag","embeddable":true,"href":"https:\/\/trenaferragens.com.br\/index.php?rest_route=%2Fwp%2Fv2%2Fproduct_tag&post=5099"}],"curies":[{"name":"wp","href":"https:\/\/api.w.org\/{rel}","templated":true}]}}