{"id":5106,"date":"2018-08-01T16:28:13","date_gmt":"2018-08-01T16:28:13","guid":{"rendered":"http:\/\/trenaferragens1.hospedagemdesites.ws\/produto\/import-placeholder-for-7910\/"},"modified":"2018-08-01T16:28:27","modified_gmt":"2018-08-01T16:28:27","slug":"extensao-pp-cabo-chato-2p-t","status":"publish","type":"product","link":"https:\/\/trenaferragens.com.br\/?product=extensao-pp-cabo-chato-2p-t","title":{"rendered":"Extens\u00e3o PP Cabo Chato 2P T"},"content":{"rendered":"<p>Extens\u00e3o PP Cabo Chato 2P T<\/p>\n<p>Linha de embutir elegante e econ\u00f4mica, com aplica\u00e7\u00e3o de parafusos externos.<\/p>\n<p>Sin\u00f4nimo de economia e qualidade, a Linha Stylus tem \u00f3timo acabamento, garantindo durabilidade sem perder a eleg\u00e2ncia.<br \/>\nDispon\u00edvel na cor branca, um cl\u00e1ssico que harmoniza com os mais diversos ambientes.<\/p>\n<p>&nbsp;<\/p>\n","protected":false},"excerpt":{"rendered":"<p>Extens\u00e3o PP Cabo Chato 2P T<\/p>\n<p>DISPON\u00cdVEL NAS OP\u00c7\u00d5ES<\/p>\n<p>Extens\u00e3o PP Cabo Chato 2P T 3MTS<\/p>\n<p>Extens\u00e3o PP Cabo Chato 2P T 5MTS<\/p>\n<p>Extens\u00e3o PP Cabo Chato 2P T 10MTS<\/p>\n","protected":false},"featured_media":3578,"comment_status":"open","ping_status":"closed","template":"","meta":[],"product_cat":[194,308],"product_tag":[1810],"_links":{"self":[{"href":"https:\/\/trenaferragens.com.br\/index.php?rest_route=\/wp\/v2\/product\/5106"}],"collection":[{"href":"https:\/\/trenaferragens.com.br\/index.php?rest_route=\/wp\/v2\/product"}],"about":[{"href":"https:\/\/trenaferragens.com.br\/index.php?rest_route=\/wp\/v2\/types\/product"}],"replies":[{"embeddable":true,"href":"https:\/\/trenaferragens.com.br\/index.php?rest_route=%2Fwp%2Fv2%2Fcomments&post=5106"}],"wp:featuredmedia":[{"embeddable":true,"href":"https:\/\/trenaferragens.com.br\/index.php?rest_route=\/wp\/v2\/media\/3578"}],"wp:attachment":[{"href":"https:\/\/trenaferragens.com.br\/index.php?rest_route=%2Fwp%2Fv2%2Fmedia&parent=5106"}],"wp:term":[{"taxonomy":"product_cat","embeddable":true,"href":"https:\/\/trenaferragens.com.br\/index.php?rest_route=%2Fwp%2Fv2%2Fproduct_cat&post=5106"},{"taxonomy":"product_tag","embeddable":true,"href":"https:\/\/trenaferragens.com.br\/index.php?rest_route=%2Fwp%2Fv2%2Fproduct_tag&post=5106"}],"curies":[{"name":"wp","href":"https:\/\/api.w.org\/{rel}","templated":true}]}}