{"id":5142,"date":"2018-08-01T16:28:49","date_gmt":"2018-08-01T16:28:49","guid":{"rendered":"http:\/\/trenaferragens1.hospedagemdesites.ws\/produto\/import-placeholder-for-8015\/"},"modified":"2018-08-01T16:29:35","modified_gmt":"2018-08-01T16:29:35","slug":"interruptor-2s-paralelo-s-placa-stylus","status":"publish","type":"product","link":"https:\/\/trenaferragens.com.br\/?product=interruptor-2s-paralelo-s-placa-stylus","title":{"rendered":"Interruptor 2S Paralelo S\/Placa Stylus"},"content":{"rendered":"<p>Interruptor 2S Paralelo S\/Placa Stylus<\/p>\n<p>Linha de embutir elegante e econ\u00f4mica, com aplica\u00e7\u00e3o de parafusos externos.<\/p>\n<p>Sin\u00f4nimo de economia e qualidade, a Linha Stylus tem \u00f3timo acabamento, garantindo durabilidade sem perder a eleg\u00e2ncia.<br \/>\nDispon\u00edvel na cor branca, um cl\u00e1ssico que harmoniza com os mais diversos ambientes.<\/p>\n<p>&nbsp;<\/p>\n","protected":false},"excerpt":{"rendered":"<p>Interruptor 2S Paralelo S\/Placa Stylus<\/p>\n","protected":false},"featured_media":5185,"comment_status":"open","ping_status":"closed","template":"","meta":[],"product_cat":[194,308],"product_tag":[1864],"_links":{"self":[{"href":"https:\/\/trenaferragens.com.br\/index.php?rest_route=\/wp\/v2\/product\/5142"}],"collection":[{"href":"https:\/\/trenaferragens.com.br\/index.php?rest_route=\/wp\/v2\/product"}],"about":[{"href":"https:\/\/trenaferragens.com.br\/index.php?rest_route=\/wp\/v2\/types\/product"}],"replies":[{"embeddable":true,"href":"https:\/\/trenaferragens.com.br\/index.php?rest_route=%2Fwp%2Fv2%2Fcomments&post=5142"}],"wp:featuredmedia":[{"embeddable":true,"href":"https:\/\/trenaferragens.com.br\/index.php?rest_route=\/wp\/v2\/media\/5185"}],"wp:attachment":[{"href":"https:\/\/trenaferragens.com.br\/index.php?rest_route=%2Fwp%2Fv2%2Fmedia&parent=5142"}],"wp:term":[{"taxonomy":"product_cat","embeddable":true,"href":"https:\/\/trenaferragens.com.br\/index.php?rest_route=%2Fwp%2Fv2%2Fproduct_cat&post=5142"},{"taxonomy":"product_tag","embeddable":true,"href":"https:\/\/trenaferragens.com.br\/index.php?rest_route=%2Fwp%2Fv2%2Fproduct_tag&post=5142"}],"curies":[{"name":"wp","href":"https:\/\/api.w.org\/{rel}","templated":true}]}}