{"id":5201,"date":"2018-08-01T16:29:53","date_gmt":"2018-08-01T16:29:53","guid":{"rendered":"http:\/\/trenaferragens1.hospedagemdesites.ws\/produto\/import-placeholder-for-8100\/"},"modified":"2018-08-01T16:30:38","modified_gmt":"2018-08-01T16:30:38","slug":"3-interruptores-simples-c-placa-pialplus-2","status":"publish","type":"product","link":"https:\/\/trenaferragens.com.br\/?product=3-interruptores-simples-c-placa-pialplus-2","title":{"rendered":"3 Interruptores Simples C\/Placa Pialplus"},"content":{"rendered":"<p>3 Interruptores Simples C\/Placa Pialplus<\/p>\n<p>PIAL-LEGRAND<\/p>\n<p>O Grupo Legrand Brasil est\u00e1 consolidado por marcas de refer\u00eancia mundial e regional como Legrand, Bticino, HDL, Lorenzetti Materiais El\u00e9tricos, SMS e Daneva, al\u00e9m das linhas de produtos Pial, Cemar e Cablofil. Nossas marcas e produtos comp\u00f4em coerentes sistemas que incorporam as mais recentes inova\u00e7\u00f5es tecnol\u00f3gicas para oferecer melhorias de conforto, seguran\u00e7a e comunica\u00e7\u00e3o para todos os tipos de projetos.<\/p>\n<p><strong>Solu\u00e7\u00f5es para o conforto, efici\u00eancia energ\u00e9tica, comunica\u00e7\u00e3o, gest\u00e3o de seguran\u00e7a e controle da instala\u00e7\u00e3o: interruptores e tomadas, sistema de automa\u00e7\u00e3o residencial, interfonia, circuito fechado de televis\u00e3o e sistema de alarme antifurto.<\/strong><\/p>\n<p>Linha Pialplus: Refer\u00eancia em o todo mercado. Agrega originalidade aos seus projetos com simplicidade e modularidade.<\/p>\n<p>PENSANDO SEMPRE EM SATISFAZER AS SUAS NECESSIDADES, OFERECEMOS LINHAS ESPEC\u00cdFICAS DE INTERRUPTORES E TOMADAS.<\/p>\n","protected":false},"excerpt":{"rendered":"<p>3 Interruptores Simples C\/Placa Pialplus<\/p>\n","protected":false},"featured_media":5246,"comment_status":"open","ping_status":"closed","template":"","meta":[],"product_cat":[194,306],"product_tag":[1894],"_links":{"self":[{"href":"https:\/\/trenaferragens.com.br\/index.php?rest_route=\/wp\/v2\/product\/5201"}],"collection":[{"href":"https:\/\/trenaferragens.com.br\/index.php?rest_route=\/wp\/v2\/product"}],"about":[{"href":"https:\/\/trenaferragens.com.br\/index.php?rest_route=\/wp\/v2\/types\/product"}],"replies":[{"embeddable":true,"href":"https:\/\/trenaferragens.com.br\/index.php?rest_route=%2Fwp%2Fv2%2Fcomments&post=5201"}],"wp:featuredmedia":[{"embeddable":true,"href":"https:\/\/trenaferragens.com.br\/index.php?rest_route=\/wp\/v2\/media\/5246"}],"wp:attachment":[{"href":"https:\/\/trenaferragens.com.br\/index.php?rest_route=%2Fwp%2Fv2%2Fmedia&parent=5201"}],"wp:term":[{"taxonomy":"product_cat","embeddable":true,"href":"https:\/\/trenaferragens.com.br\/index.php?rest_route=%2Fwp%2Fv2%2Fproduct_cat&post=5201"},{"taxonomy":"product_tag","embeddable":true,"href":"https:\/\/trenaferragens.com.br\/index.php?rest_route=%2Fwp%2Fv2%2Fproduct_tag&post=5201"}],"curies":[{"name":"wp","href":"https:\/\/api.w.org\/{rel}","templated":true}]}}