{"id":5347,"date":"2018-08-01T16:32:33","date_gmt":"2018-08-01T16:32:33","guid":{"rendered":"http:\/\/trenaferragens1.hospedagemdesites.ws\/produto\/import-placeholder-for-8295\/"},"modified":"2018-08-01T16:33:29","modified_gmt":"2018-08-01T16:33:29","slug":"torneira-c-filtro-bica-movel-premium-banca","status":"publish","type":"product","link":"https:\/\/trenaferragens.com.br\/?product=torneira-c-filtro-bica-movel-premium-banca","title":{"rendered":"Torneira C\/Filtro Bica M\u00f3vel Premium Banca"},"content":{"rendered":"<p>Torneira C\/Filtro Bica M\u00f3vel Premium Banca<\/p>\n<p>Versatilidade que combina com voc\u00ea! A Praticidade de filtrar \u00e1gua que vai embelezar sua cozinha. Aposte no design mais moderno e diferenciado do mercado.<\/p>\n<p>Os ergon\u00f4micos volantes com 1\/4 de volta permitem o uso ideal mesmo com as m\u00e3os ensaboadas. Agora voc\u00ea pode fechar a torneira facilmente quantas vezes for necess\u00e1rio enquanto lava a lou\u00e7a.<\/p>\n<p>&nbsp;<\/p>\n<p><strong>REFIL BLINDADO &#8211; TRIPLA FILTRA\u00c7\u00c3O<\/strong><\/p>\n<p>Iniciamente a \u00e1gua \u00e9 pressionada a passar por uma barreira de polipropileno Melt Blown\u00a0na primeira etapa, onde deixar\u00e1 as part\u00edculas de sujeiras suspensas. Por segundo ao entrar em contato com o carv\u00e3o ativado, este por sua vez ret\u00e9m\u00a0os odores,\u00a0mau gosto e excesso de cloro presente na \u00e1gua. Para concluir o processo, a \u00e1gua novamente passar\u00e1 por uma ultima camada de\u00a0polipropileno Melt Blown, onde deixar\u00e1 qualquer res\u00edduo de carv\u00e3o que possa\u00a0conter e sedimentos particulados se ainda estiverem presentes.\u00a0O Sistema de blindagem\u00a0do refil e o carv\u00e3o ativado impregnado de prata coloidal impedem a contamina\u00e7\u00e3o da \u00e1gua filtrada\u00a0pela \u00e1gua suja que ainda pode estar presente no equipamento e\u00a0a prolifera\u00e7\u00e3o de bact\u00e9rias.<\/p>\n","protected":false},"excerpt":{"rendered":"<div id=\"lateral_produtos\">\n<div id=\"produtos_visualizacao\">\n<div id=\"produto_visualizacao_textos\">\n<div id=\"descricao_produto_interno\" class=\"fonte_descricao\">\n<p>Torneira C\/Filtro Bica M\u00f3vel Premium Banca<\/p>\n<\/div>\n<\/div>\n<\/div>\n<\/div>\n<p>DISPON\u00cdVEL NAS OP\u00c7\u00d5ES<\/p>\n<p>Branca Cromada \/ Preta Cromada<\/p>\n<p>C\u00f3digo de F\u00e1brica:<\/p>\n<p>1006-0038 \/ 1006-0039<\/p>\n<div id=\"lateral_produtos\">\n<div id=\"produtos_visualizacao\">\n<div id=\"produto_visualizacao_textos\">\n<div id=\"descricao_produto_interno\" class=\"fonte_descricao\">\n<p><strong>CARACTER\u00cdSTICAS<\/strong><\/p>\n<p>Volantes duplos<br \/>\nAbertura de volantes por 1\/4 de volta<br \/>\nFiltro com arejador<br \/>\nVaz\u00e3o nominal &#8211; 40 L\/H<br \/>\nVaz\u00e3o m\u00e1x. recomendada &#8211; 40 L\/H<br \/>\nPress\u00e3o &#8211; 19,6 a 392 Kpa<br \/>\nTemperatura &#8211; 4\u00b0C a 38\u00b0C<br \/>\nVol. interno do aparelho p\/ ens. extra\u00edveis &#8211; 0,100 L<br \/>\nExtra\u00edveis e N\u00edvel Microbiol\u00f3gico &#8211; Aplic\u00e1vel<br \/>\nEfici\u00eancia na reten\u00e7\u00e3o de part\u00edculas &#8211; Classe D<br \/>\nVida \u00fatil &#8211; 1.500 L<br \/>\nCom redu\u00e7\u00e3o de cloro livre<\/p>\n<p><strong>IMPORTANTE<\/strong><\/p>\n<p>A troca do Refil \u00e9 recomendada a cada 1.500 litros ou quando observada a redu\u00e7\u00e3o do fluxo de \u00e1gua, o que ocorrer antes.<\/p>\n<p>Este refil n\u00e3o \u00e9 lav\u00e1vel.<\/p>\n<p>Fabricado em polipropileno 100% at\u00f3xico.<\/p>\n<p>Para d\u00favidas entre em contato com o SAC atrav\u00e9s de Fale Conosco.<\/p>\n<p>*Este filtro n\u00e3o acompanha an\u00e9is extras coloridos.<\/p>\n<p>**As torneiras premium de bancada podem ser posicionadas do lado direito ou esquerdo. Escolha a op\u00e7\u00e3o que melhor atende sua necessidade.<\/p>\n<\/div>\n<\/div>\n<\/div>\n<\/div>\n","protected":false},"featured_media":5393,"comment_status":"open","ping_status":"closed","template":"","meta":[],"product_cat":[169],"product_tag":[1963],"_links":{"self":[{"href":"https:\/\/trenaferragens.com.br\/index.php?rest_route=\/wp\/v2\/product\/5347"}],"collection":[{"href":"https:\/\/trenaferragens.com.br\/index.php?rest_route=\/wp\/v2\/product"}],"about":[{"href":"https:\/\/trenaferragens.com.br\/index.php?rest_route=\/wp\/v2\/types\/product"}],"replies":[{"embeddable":true,"href":"https:\/\/trenaferragens.com.br\/index.php?rest_route=%2Fwp%2Fv2%2Fcomments&post=5347"}],"wp:featuredmedia":[{"embeddable":true,"href":"https:\/\/trenaferragens.com.br\/index.php?rest_route=\/wp\/v2\/media\/5393"}],"wp:attachment":[{"href":"https:\/\/trenaferragens.com.br\/index.php?rest_route=%2Fwp%2Fv2%2Fmedia&parent=5347"}],"wp:term":[{"taxonomy":"product_cat","embeddable":true,"href":"https:\/\/trenaferragens.com.br\/index.php?rest_route=%2Fwp%2Fv2%2Fproduct_cat&post=5347"},{"taxonomy":"product_tag","embeddable":true,"href":"https:\/\/trenaferragens.com.br\/index.php?rest_route=%2Fwp%2Fv2%2Fproduct_tag&post=5347"}],"curies":[{"name":"wp","href":"https:\/\/api.w.org\/{rel}","templated":true}]}}