{"id":5348,"date":"2018-08-01T16:32:34","date_gmt":"2018-08-01T16:32:34","guid":{"rendered":"http:\/\/trenaferragens1.hospedagemdesites.ws\/produto\/import-placeholder-for-8298\/"},"modified":"2018-08-01T16:33:30","modified_gmt":"2018-08-01T16:33:30","slug":"filtro-refil-blindando-ab200-acquabios","status":"publish","type":"product","link":"https:\/\/trenaferragens.com.br\/?product=filtro-refil-blindando-ab200-acquabios","title":{"rendered":"Filtro (Refil) Blindando AB200 Acquabios"},"content":{"rendered":"<p>Filtro (Refil) Blindando AB200 Acquabios<\/p>\n<h2 class=\"titulo_empresa\">BEM-VINDO \u00c0 ACQUABIOS<\/h2>\n<div class=\"texto_empresa\">Fundada em 2008 com o objetivo de fornecer filtros purificadores de \u00e1gua com qualidade, pre\u00e7os competitivos e seguran\u00e7a, proporcionando a todos bem-estar e qualidade de vida atrav\u00e9s da populariza\u00e7\u00e3o do uso de filtros purificadores de \u00e1gua.\u00a0Conta com a experi\u00eancia e o pioneirismo de seu s\u00f3cio, atuante no segmento desde 1994. Neste per\u00edodo esteve \u00e0 frente do desenvolvimento no mercado interno da tecnologia Melt Blown, anteriormente dispon\u00edvel apenas no exterior. Al\u00e9m de ser detentor de diversas patentes de produtos comercializados atualmente no mercado de filtros.<\/div>\n","protected":false},"excerpt":{"rendered":"<div id=\"categoria_selecionada\" class=\"selecionado_box\">\n<div class=\"selecionado_box_descricao\">\n<p>Filtro (Refil) Blindando AB200 Acquabios<\/p>\n<p>C\u00f3digo de F\u00e1brica:<\/p>\n<p>1005-0002<\/p>\n<p><strong>Voc\u00ea sabia?<\/strong><\/p>\n<p><em>O uso da prata em refis \u00e9 normatizado pela NBR14908 e por isso n\u00e3o compromete a sua sa\u00fade.\u00a0<\/em><em>A fun\u00e7\u00e3o da prata \u00e9 evitar a prolifera\u00e7\u00e3o de microorganismos enquanto seu filtro n\u00e3o est\u00e1 sendo utilizado. (ABNT)<\/em><\/p>\n<p>Linha de Refis Blindados<\/p>\n<p><strong>AB200 &#8211;\u00a0<\/strong><strong>tripla filtra\u00e7\u00e3o<\/strong><\/p>\n<p>Inicialmente\u00a0a \u00e1gua \u00e9 pressionada a passar por uma barreira de polipropileno Melt Blown\u00a0na primeira etapa, onde deixar\u00e1 as part\u00edculas de sujeiras suspensas. Por segundo ao entrar em contato com o carv\u00e3o ativado, este por sua vez ret\u00e9m\u00a0os odores,\u00a0mau gosto e excesso de cloro presente na \u00e1gua. Para concluir o processo, a \u00e1gua novamente passar\u00e1 por uma ultima camada de\u00a0polipropileno Melt Blown, onde deixar\u00e1 qualquer res\u00edduo de carv\u00e3o que possa\u00a0conter e sedimentos particulados se ainda estiverem presentes.\u00a0O Sistema de blindagem do refil e o carv\u00e3o ativado impregnado de prata coloidal impedem a contamina\u00e7\u00e3o da \u00e1gua filtrada\u00a0pela \u00e1gua suja que ainda pode estar presente no equipamento e\u00a0a prolifera\u00e7\u00e3o de bact\u00e9rias.<\/p>\n<p>&nbsp;<\/p>\n<p><strong>INDICA\u00c7\u00d5ES DE USO<\/strong><\/p>\n<p>Indicamos o uso do refil AB200 no Ponto de Uso.<\/p>\n<p>Para uso no equipamento:\u00a0<strong>ACQUA 200BR ou ACQUA 200TR.<\/strong><\/p>\n<p>Tamb\u00e9m pode ser utilizado como reposi\u00e7\u00e3o para filtros de outros fabricantes\u00a0que atendam esta medida e acabamento.<\/p>\n<p><strong>CARACTER\u00cdSTICAS<\/strong><\/p>\n<p>Vaz\u00e3o nominal &#8211; 130 L\/H<\/p>\n<p>Reten\u00e7\u00e3o de part\u00edculas &#8211; CLASSE D<\/p>\n<p>Grau de filtra\u00e7\u00e3o &#8211; 5 micra<\/p>\n<p><strong>IMPORTANTE<\/strong><\/p>\n<p>A troca do Refil \u00e9 recomendada a cada 06 meses \u2013 1500 litros ou 6.000 dependendo do modelo ou quando houver redu\u00e7\u00e3o do fluxo de \u00e1gua.<\/p>\n<p>Este refil n\u00e3o \u00e9 lav\u00e1vel.<\/p>\n<p>Para d\u00favidas entre em contato com o SAC atrav\u00e9s de Fale Conosco.<\/p>\n<\/div>\n<\/div>\n","protected":false},"featured_media":5395,"comment_status":"open","ping_status":"closed","template":"","meta":[],"product_cat":[169],"product_tag":[1964],"_links":{"self":[{"href":"https:\/\/trenaferragens.com.br\/index.php?rest_route=\/wp\/v2\/product\/5348"}],"collection":[{"href":"https:\/\/trenaferragens.com.br\/index.php?rest_route=\/wp\/v2\/product"}],"about":[{"href":"https:\/\/trenaferragens.com.br\/index.php?rest_route=\/wp\/v2\/types\/product"}],"replies":[{"embeddable":true,"href":"https:\/\/trenaferragens.com.br\/index.php?rest_route=%2Fwp%2Fv2%2Fcomments&post=5348"}],"wp:featuredmedia":[{"embeddable":true,"href":"https:\/\/trenaferragens.com.br\/index.php?rest_route=\/wp\/v2\/media\/5395"}],"wp:attachment":[{"href":"https:\/\/trenaferragens.com.br\/index.php?rest_route=%2Fwp%2Fv2%2Fmedia&parent=5348"}],"wp:term":[{"taxonomy":"product_cat","embeddable":true,"href":"https:\/\/trenaferragens.com.br\/index.php?rest_route=%2Fwp%2Fv2%2Fproduct_cat&post=5348"},{"taxonomy":"product_tag","embeddable":true,"href":"https:\/\/trenaferragens.com.br\/index.php?rest_route=%2Fwp%2Fv2%2Fproduct_tag&post=5348"}],"curies":[{"name":"wp","href":"https:\/\/api.w.org\/{rel}","templated":true}]}}