{"id":5351,"date":"2018-08-01T16:32:35","date_gmt":"2018-08-01T16:32:35","guid":{"rendered":"http:\/\/trenaferragens1.hospedagemdesites.ws\/produto\/import-placeholder-for-8310\/"},"modified":"2018-08-01T16:33:36","modified_gmt":"2018-08-01T16:33:36","slug":"filtro-acquabios-200-acqua200","status":"publish","type":"product","link":"https:\/\/trenaferragens.com.br\/?product=filtro-acquabios-200-acqua200","title":{"rendered":"Filtro Acquabios 200 ACQUA200"},"content":{"rendered":"<p>Filtro Acquabios 200 ACQUA200<\/p>\n<h2 class=\"titulo_empresa\">BEM-VINDO \u00c0 ACQUABIOS<\/h2>\n<div class=\"texto_empresa\">Fundada em 2008 com o objetivo de fornecer filtros purificadores de \u00e1gua com qualidade, pre\u00e7os competitivos e seguran\u00e7a, proporcionando a todos bem-estar e qualidade de vida atrav\u00e9s da populariza\u00e7\u00e3o do uso de filtros purificadores de \u00e1gua.\u00a0Conta com a experi\u00eancia e o pioneirismo de seu s\u00f3cio, atuante no segmento desde 1994. Neste per\u00edodo esteve \u00e0 frente do desenvolvimento no mercado interno da tecnologia Melt Blown, anteriormente dispon\u00edvel apenas no exterior. Al\u00e9m de ser detentor de diversas patentes de produtos comercializados atualmente no mercado de filtros.<\/div>\n","protected":false},"excerpt":{"rendered":"<div id=\"categoria_selecionada\" class=\"selecionado_box\">\n<div class=\"selecionado_box_descricao\">\n<p>Filtro Acquabios 200 ACQUA200<\/p>\n<p>DISPON\u00cdVEL NAS OP\u00c7\u00d5ES:<\/p>\n<p>Branca \/ Transparente<\/p>\n<p>C\u00f3digo de F\u00e1brica:<\/p>\n<p>1000-0027 \/\u00a0ACQUA200TR<\/p>\n<div id=\"wrap_conteudo_produtos_botoes\">\n<div class=\"conteudo\">\n<div class=\"produtos_conteudo\">\n<div id=\"lateral_produtos\">\n<div id=\"produtos_visualizacao\">\n<div id=\"produto_visualizacao_textos\">\n<div id=\"descricao_produto_interno\" class=\"fonte_descricao\">\n<p>O filtro ACQUA 200 BR \u00e9 um filtro para PONTO DE USO (POU), tamanho de 7&#8243; de altura, cor branca, acompanhado de elemento filtrante em carbon block ou blindado tripla filtra\u00e7\u00e3o (AB200), fabrica\u00e7\u00e3o exclusiva ACQUABIOS, fornecido em embalagem caixa.<\/p>\n<p>Para garantir a qualidade dos elementos filtrantes para declora\u00e7\u00e3o, contamos com uma moderna planta de fabrica\u00e7\u00e3o de elementos com carv\u00e3o ativado compactado &#8211; carbon block.<\/p>\n<p>Este filtro se caracteriza pela sua efici\u00eancia na remo\u00e7\u00e3o de part\u00edculas superiores a 5 micras, redu\u00e7\u00e3o de cloro, odores e turbidez da \u00e1gua.<\/p>\n<p>Seu elemento filtrante em carbon block possui acabamento de encaixe com veda\u00e7\u00f5es.<\/p>\n<p>Modernas e vers\u00e1teis, as carca\u00e7as da ACQUABIOS se adaptam a diferentes reposi\u00e7\u00f5es. Nossas tampas se adaptam a elementos filtrantes de encaixe ou rosca de \u00bd\u2019.<\/p>\n<p>Eficiente, este equipamento \u00e9 certificado pelo INMETRO, e possui um ano de garantia contra defeitos de fabrica\u00e7\u00e3o.<\/p>\n<p><strong>INDICA\u00c7\u00d5ES DE USO<\/strong><\/p>\n<p>Este equipamento \u00e9 recomendado para instala\u00e7\u00e3o na pia diretamente no ponto de \u00e1gua, em torneiras de bancada sob a pia. Sua capacidade superior de vaz\u00e3o permite que voc\u00ea tenha \u00e1gua sempre filtrada tamb\u00e9m em pias de banheiros, bebedouros, m\u00e1quinas de gelo, sucos entre outros.<\/p>\n<p><strong>RECOMENDAMOS ESTE EQUIPAMENTO PARA USO EM BEBEDOUROS COM REFIL AB200 &#8211; ALTA VAZ\u00c3O PARA BAIXA PRESS\u00c3O.<\/strong><\/p>\n<p><strong>CARACTER\u00cdSTICAS:<\/strong><\/p>\n<p>Vaz\u00e3o nominal &#8211; 130 L\/H<\/p>\n<p>Press\u00e3o de opera\u00e7\u00e3o &#8211; 19,6 a 392 Kpa<\/p>\n<p>Temperatura &#8211; 5\u00ba &lt; \u00baC &lt; 50\u00ba<\/p>\n<p>Rosca da tampa &#8211; 1\/2\u201d<\/p>\n<p>Compat\u00edvel &#8211; Refil de encaixe ou rosca 1\/2\u201d<\/p>\n<p>Classe de reten\u00e7\u00e3o de part\u00edculas &#8211; Classe D<\/p>\n<p>Redu\u00e7\u00e3o do cloro livre &#8211; Aplic\u00e1vel<\/p>\n<p>Vida \u00fatil do refil &#8211; 6.000 L*<\/p>\n<p><strong>IMPORTANTE<\/strong><\/p>\n<p>A troca do elemento filtrante\/Refil \u00e9 recomendada a cada 06 meses \u2013 1500 litros ou 6.000 dependendo do modelo ou quando houver redu\u00e7\u00e3o do fluxo de \u00e1gua.<\/p>\n<p>Este refil n\u00e3o \u00e9 lav\u00e1vel.<\/p>\n<p>Para d\u00favidas entre em contato com o SAC atrav\u00e9s de Fale Conosco.<\/p>\n<\/div>\n<\/div>\n<\/div>\n<\/div>\n<\/div>\n<\/div>\n<\/div>\n<\/div>\n<\/div>\n","protected":false},"featured_media":5398,"comment_status":"open","ping_status":"closed","template":"","meta":[],"product_cat":[169],"product_tag":[1966],"_links":{"self":[{"href":"https:\/\/trenaferragens.com.br\/index.php?rest_route=\/wp\/v2\/product\/5351"}],"collection":[{"href":"https:\/\/trenaferragens.com.br\/index.php?rest_route=\/wp\/v2\/product"}],"about":[{"href":"https:\/\/trenaferragens.com.br\/index.php?rest_route=\/wp\/v2\/types\/product"}],"replies":[{"embeddable":true,"href":"https:\/\/trenaferragens.com.br\/index.php?rest_route=%2Fwp%2Fv2%2Fcomments&post=5351"}],"wp:featuredmedia":[{"embeddable":true,"href":"https:\/\/trenaferragens.com.br\/index.php?rest_route=\/wp\/v2\/media\/5398"}],"wp:attachment":[{"href":"https:\/\/trenaferragens.com.br\/index.php?rest_route=%2Fwp%2Fv2%2Fmedia&parent=5351"}],"wp:term":[{"taxonomy":"product_cat","embeddable":true,"href":"https:\/\/trenaferragens.com.br\/index.php?rest_route=%2Fwp%2Fv2%2Fproduct_cat&post=5351"},{"taxonomy":"product_tag","embeddable":true,"href":"https:\/\/trenaferragens.com.br\/index.php?rest_route=%2Fwp%2Fv2%2Fproduct_tag&post=5351"}],"curies":[{"name":"wp","href":"https:\/\/api.w.org\/{rel}","templated":true}]}}