{"id":5353,"date":"2018-08-01T16:32:36","date_gmt":"2018-08-01T16:32:36","guid":{"rendered":"http:\/\/trenaferragens1.hospedagemdesites.ws\/produto\/import-placeholder-for-8317\/"},"modified":"2018-08-01T16:33:42","modified_gmt":"2018-08-01T16:33:42","slug":"filtro-acquabios-230-acqua230rh","status":"publish","type":"product","link":"https:\/\/trenaferragens.com.br\/?product=filtro-acquabios-230-acqua230rh","title":{"rendered":"Filtro Acquabios 230 ACQUA230RH"},"content":{"rendered":"<p>Filtro Acquabios 230 ACQUA230RH<\/p>\n<h2 class=\"titulo_empresa\">BEM-VINDO \u00c0 ACQUABIOS<\/h2>\n<div class=\"texto_empresa\">Fundada em 2008 com o objetivo de fornecer filtros purificadores de \u00e1gua com qualidade, pre\u00e7os competitivos e seguran\u00e7a, proporcionando a todos bem-estar e qualidade de vida atrav\u00e9s da populariza\u00e7\u00e3o do uso de filtros purificadores de \u00e1gua.\u00a0Conta com a experi\u00eancia e o pioneirismo de seu s\u00f3cio, atuante no segmento desde 1994. Neste per\u00edodo esteve \u00e0 frente do desenvolvimento no mercado interno da tecnologia Melt Blown, anteriormente dispon\u00edvel apenas no exterior. Al\u00e9m de ser detentor de diversas patentes de produtos comercializados atualmente no mercado de filtros.<\/div>\n","protected":false},"excerpt":{"rendered":"<div id=\"categoria_selecionada\" class=\"selecionado_box\">\n<div class=\"selecionado_box_descricao\">\n<p>Filtro Acquabios 230 ACQUA230RH<\/p>\n<p>DISPON\u00cdVEL NAS OP\u00c7\u00d5ES:<\/p>\n<p>Branca<\/p>\n<p>C\u00f3digo de F\u00e1brica:<\/p>\n<p>ACQUA230RH<\/p>\n<div id=\"wrap_conteudo_produtos_botoes\">\n<div class=\"conteudo\">\n<div class=\"produtos_conteudo\">\n<div id=\"lateral_produtos\">\n<div id=\"produtos_visualizacao\">\n<div id=\"produto_visualizacao_textos\">\n<div id=\"descricao_produto_interno\" class=\"fonte_descricao\">\n<p><strong>Filtro Acqua 230 RH Caixa d&#8217;\u00c1gua<\/strong><\/p>\n<p>O Filtro ACQUA 230RH \u00e9 um filtro para ponto de entrada (POE). Fornecido com elemento filtrante de polipropileno Melt Blown at\u00f3xico ranhurado, possui vaz\u00e3o ideal para instala\u00e7\u00e3o em residencias, estabelecimentos comerciais entre outros, al\u00e9m de excelente efici\u00eancia na reten\u00e7\u00e3o de part\u00edculas.<br \/>\nEficiente, este equipamento \u00e9 certificado pelo INMETRO, e possui um ano de garantia contra defeitos de fabrica\u00e7\u00e3o.<\/p>\n<p><strong>Indica\u00e7\u00f5es de Uso<\/strong><\/p>\n<p>Este equipamento \u00e9 recomendado para instala\u00e7\u00e3o em caixas d\u2019\u00e1gua ou ap\u00f3s o hidr\u00f4metro junto ao cavalete. Pode ser utilizado tamb\u00e9m antes da sa\u00edda da \u00e1gua que necessite de limpeza e purifica\u00e7\u00e3o de part\u00edculas.<\/p>\n<p><strong>Caracter\u00edsticas<\/strong><\/p>\n<p>Vaz\u00e3o Nominal &#8211; 1.200 L\/H<br \/>\nPress\u00e3o de Opera\u00e7\u00e3o &#8211; 19,6 a 588 Kpa<br \/>\nTemperatura &#8211; 5\u00ba &lt; \u00baC &lt; 50\u00ba<br \/>\nPerda de Carga Inicial &#8211; 0,1 Kgf\/cm\u00b2<br \/>\nVol. Interno do aparelho p\/ ens. de extra\u00edveis &#8211; 0.800 L<br \/>\nExtra\u00edveis &#8211; aplic\u00e1vel<br \/>\nSem redu\u00e7\u00e3o de cloro livre<br \/>\nSem efici\u00eancia bacteriol\u00f3gica<br \/>\nFabricado 100% com polipropileno at\u00f3xico<br \/>\ncom refil de polipropileno Melt Blown.<\/p>\n<p><strong>IMPORTANTE<\/strong><\/p>\n<p>A troca do elemento filtrante\/Refil \u00e9 recomendada a cada 06 meses \u2013 1500 litros ou 6.000 dependendo do modelo ou quando houver redu\u00e7\u00e3o do fluxo de \u00e1gua.<\/p>\n<p>Este refil n\u00e3o \u00e9 lav\u00e1vel.<\/p>\n<p>Para d\u00favidas entre em contato com o SAC atrav\u00e9s de Fale Conosco.<\/p>\n<\/div>\n<\/div>\n<\/div>\n<\/div>\n<\/div>\n<\/div>\n<\/div>\n<\/div>\n<\/div>\n","protected":false},"featured_media":5402,"comment_status":"open","ping_status":"closed","template":"","meta":[],"product_cat":[169],"product_tag":[1968],"_links":{"self":[{"href":"https:\/\/trenaferragens.com.br\/index.php?rest_route=\/wp\/v2\/product\/5353"}],"collection":[{"href":"https:\/\/trenaferragens.com.br\/index.php?rest_route=\/wp\/v2\/product"}],"about":[{"href":"https:\/\/trenaferragens.com.br\/index.php?rest_route=\/wp\/v2\/types\/product"}],"replies":[{"embeddable":true,"href":"https:\/\/trenaferragens.com.br\/index.php?rest_route=%2Fwp%2Fv2%2Fcomments&post=5353"}],"wp:featuredmedia":[{"embeddable":true,"href":"https:\/\/trenaferragens.com.br\/index.php?rest_route=\/wp\/v2\/media\/5402"}],"wp:attachment":[{"href":"https:\/\/trenaferragens.com.br\/index.php?rest_route=%2Fwp%2Fv2%2Fmedia&parent=5353"}],"wp:term":[{"taxonomy":"product_cat","embeddable":true,"href":"https:\/\/trenaferragens.com.br\/index.php?rest_route=%2Fwp%2Fv2%2Fproduct_cat&post=5353"},{"taxonomy":"product_tag","embeddable":true,"href":"https:\/\/trenaferragens.com.br\/index.php?rest_route=%2Fwp%2Fv2%2Fproduct_tag&post=5353"}],"curies":[{"name":"wp","href":"https:\/\/api.w.org\/{rel}","templated":true}]}}