{"id":5354,"date":"2018-08-01T16:32:36","date_gmt":"2018-08-01T16:32:36","guid":{"rendered":"http:\/\/trenaferragens1.hospedagemdesites.ws\/produto\/import-placeholder-for-8319\/"},"modified":"2018-08-01T16:33:55","modified_gmt":"2018-08-01T16:33:55","slug":"filtro-acquabios-cristal-5-c-torneira-metal","status":"publish","type":"product","link":"https:\/\/trenaferragens.com.br\/?product=filtro-acquabios-cristal-5-c-torneira-metal","title":{"rendered":"Filtro Acquabios Cristal 5 C\/Torneira Metal"},"content":{"rendered":"<p>Filtro Acquabios Cristal 5 C\/Torneira Metal<\/p>\n<h2 class=\"titulo_empresa\">BEM-VINDO \u00c0 ACQUABIOS<\/h2>\n<div class=\"texto_empresa\">Fundada em 2008 com o objetivo de fornecer filtros purificadores de \u00e1gua com qualidade, pre\u00e7os competitivos e seguran\u00e7a, proporcionando a todos bem-estar e qualidade de vida atrav\u00e9s da populariza\u00e7\u00e3o do uso de filtros purificadores de \u00e1gua.\u00a0Conta com a experi\u00eancia e o pioneirismo de seu s\u00f3cio, atuante no segmento desde 1994. Neste per\u00edodo esteve \u00e0 frente do desenvolvimento no mercado interno da tecnologia Melt Blown, anteriormente dispon\u00edvel apenas no exterior. Al\u00e9m de ser detentor de diversas patentes de produtos comercializados atualmente no mercado de filtros.<\/div>\n","protected":false},"excerpt":{"rendered":"<div id=\"categoria_selecionada\" class=\"selecionado_box\">\n<div class=\"selecionado_box_descricao\">\n<p>Filtro Acquabios Cristal 5 C\/Torneira Metal<\/p>\n<p>DISPON\u00cdVEL NAS OP\u00c7\u00d5ES:<\/p>\n<p>Transparente<\/p>\n<p>C\u00f3digo de F\u00e1brica:<\/p>\n<p>1000-0016<\/p>\n<div id=\"wrap_conteudo_produtos_botoes\">\n<div class=\"conteudo\">\n<div class=\"produtos_conteudo\">\n<div id=\"lateral_produtos\">\n<div id=\"produtos_visualizacao\">\n<div id=\"produto_visualizacao_textos\">\n<div id=\"descricao_produto_interno\" class=\"fonte_descricao\">\n<p>Filtro de 5\u2019 para PONTO DE USO (POU). Instale o filtro\u00a0<strong>ACQUA 5<\/strong>\u2019 em qualquer ponto que necessite de \u00e1gua limpa, sem excesso de cloro e impurezas que a acompanha.<\/p>\n<p>Prepare alimentos e bebidas com muito mais sa\u00fade para voc\u00ea e sua fam\u00edlia!<\/p>\n<p><strong>PRODUTO<\/strong><\/p>\n<p>O filtro ACQUA 5\u2019 TR\/BL \u00e9 um filtro para PONTO DE USO (POU), na cor transparente azulado, acompanhado de elemento filtrante em carbono block com fabrica\u00e7\u00e3o exclusiva ACQUABIOS e em embalagem blister.<\/p>\n<p>Para garantir a qualidade dos elementos filtrantes para declora\u00e7\u00e3o, contamos com uma moderna planta de fabrica\u00e7\u00e3o de elementos com carv\u00e3o ativado compactado.<\/p>\n<p>Este filtro se caracteriza pela sua efici\u00eancia na remo\u00e7\u00e3o de part\u00edculas superiores a 5 micras, redu\u00e7\u00e3o de cloro, odores e turbidez da \u00e1gua.<\/p>\n<p>Seu elemento filtrante em carbono block possui acabamento de encaixe com veda\u00e7\u00f5es.<\/p>\n<p>A substitui\u00e7\u00e3o do elemento filtrante \u00e9 recomendada a cada 6 meses ou quando observado a redu\u00e7\u00e3o de fluxo de \u00e1gua.<\/p>\n<p>Para a troca do elemento filtrante, s\u00e3o disponibilizadas vers\u00f5es diferentes de elementos com carv\u00e3o ativado, podendo ter acabamento natural de encaixe com veda\u00e7\u00f5es ou de rosca de \u00bd\u2019.<\/p>\n<p>As modernas carca\u00e7as ACQUABIOS se adaptam a diferentes reposi\u00e7\u00f5es. Nossas Tampas se adaptam a elementos filtrantes de encaixe ou de rosca de \u00bd\u2019.<\/p>\n<p>Eficiente, este equipamento \u00e9 certificado pelo INMETRO e possui um ano de garantia contra defeitos de fabrica\u00e7\u00e3o.<\/p>\n<p><strong>INDICA\u00c7\u00d5ES DE USO<\/strong><\/p>\n<p>Este equipamento \u00e9 recomendado para instala\u00e7\u00e3o na pia, diretamente no ponto de \u00e1gua, em torneiras de bancada sob a pia. Tamb\u00e9m pode ser utilizado em pias de banheiros, nos chuveiros e em bebedouros.<\/p>\n<p><strong>CARACTER\u00cdSTICAS<\/strong><\/p>\n<p>Vaz\u00e3o nominal &#8211; 60 L\/H<\/p>\n<p>Press\u00e3o de opera\u00e7\u00e3o &#8211; 19,6 a 392 Kpa<\/p>\n<p>Temperatura &#8211; 5\u00ba &lt; \u00baC &lt; 50\u00ba<\/p>\n<p>Rosca da tampa &#8211; 1\/2\u201d<\/p>\n<p>Compat\u00edvel &#8211; Refil de encaixe ou rosca 1\/2\u201d<\/p>\n<p>Classe de reten\u00e7\u00e3o de part\u00edculas &#8211; Classe D<\/p>\n<p>Redu\u00e7\u00e3o do cloro livre &#8211; Aplic\u00e1vel<\/p>\n<p>Vida \u00fatil do refil &#8211; 4.000 L*<\/p>\n<p><strong>IMPORTANTE<\/strong><\/p>\n<p>A troca do elemento filtrante\/Refil \u00e9 recomendada a cada 06 meses \u2013 1500 litros ou 6.000 dependendo do modelo ou quando houver redu\u00e7\u00e3o do fluxo de \u00e1gua.<\/p>\n<p>Este refil n\u00e3o \u00e9 lav\u00e1vel.<\/p>\n<p>Para d\u00favidas entre em contato com o SAC atrav\u00e9s de Fale Conosco.<\/p>\n<\/div>\n<\/div>\n<\/div>\n<\/div>\n<\/div>\n<\/div>\n<\/div>\n<\/div>\n<\/div>\n","protected":false},"featured_media":5410,"comment_status":"open","ping_status":"closed","template":"","meta":[],"product_cat":[169],"product_tag":[1969],"_links":{"self":[{"href":"https:\/\/trenaferragens.com.br\/index.php?rest_route=\/wp\/v2\/product\/5354"}],"collection":[{"href":"https:\/\/trenaferragens.com.br\/index.php?rest_route=\/wp\/v2\/product"}],"about":[{"href":"https:\/\/trenaferragens.com.br\/index.php?rest_route=\/wp\/v2\/types\/product"}],"replies":[{"embeddable":true,"href":"https:\/\/trenaferragens.com.br\/index.php?rest_route=%2Fwp%2Fv2%2Fcomments&post=5354"}],"wp:featuredmedia":[{"embeddable":true,"href":"https:\/\/trenaferragens.com.br\/index.php?rest_route=\/wp\/v2\/media\/5410"}],"wp:attachment":[{"href":"https:\/\/trenaferragens.com.br\/index.php?rest_route=%2Fwp%2Fv2%2Fmedia&parent=5354"}],"wp:term":[{"taxonomy":"product_cat","embeddable":true,"href":"https:\/\/trenaferragens.com.br\/index.php?rest_route=%2Fwp%2Fv2%2Fproduct_cat&post=5354"},{"taxonomy":"product_tag","embeddable":true,"href":"https:\/\/trenaferragens.com.br\/index.php?rest_route=%2Fwp%2Fv2%2Fproduct_tag&post=5354"}],"curies":[{"name":"wp","href":"https:\/\/api.w.org\/{rel}","templated":true}]}}