{"id":5355,"date":"2018-08-01T16:32:37","date_gmt":"2018-08-01T16:32:37","guid":{"rendered":"http:\/\/trenaferragens1.hospedagemdesites.ws\/produto\/import-placeholder-for-8322\/"},"modified":"2018-08-01T16:33:56","modified_gmt":"2018-08-01T16:33:56","slug":"refil-p-filtro-acquabios-p-lorenz-ab40-rv01","status":"publish","type":"product","link":"https:\/\/trenaferragens.com.br\/?product=refil-p-filtro-acquabios-p-lorenz-ab40-rv01","title":{"rendered":"Refil P\/Filtro Acquabios P\/Lorenz. (AB40 RV01)"},"content":{"rendered":"<p>Refil P\/Filtro Acquabios P\/Lorenz. (AB40 RV01)<\/p>\n<h2 class=\"titulo_empresa\">BEM-VINDO \u00c0 ACQUABIOS<\/h2>\n<div class=\"texto_empresa\">Fundada em 2008 com o objetivo de fornecer filtros purificadores de \u00e1gua com qualidade, pre\u00e7os competitivos e seguran\u00e7a, proporcionando a todos bem-estar e qualidade de vida atrav\u00e9s da populariza\u00e7\u00e3o do uso de filtros purificadores de \u00e1gua.\u00a0Conta com a experi\u00eancia e o pioneirismo de seu s\u00f3cio, atuante no segmento desde 1994. Neste per\u00edodo esteve \u00e0 frente do desenvolvimento no mercado interno da tecnologia Melt Blown, anteriormente dispon\u00edvel apenas no exterior. Al\u00e9m de ser detentor de diversas patentes de produtos comercializados atualmente no mercado de filtros.<\/div>\n","protected":false},"excerpt":{"rendered":"<div id=\"categoria_selecionada\" class=\"selecionado_box\">\n<div class=\"selecionado_box_descricao\">\n<p>Refil P\/Filtro Acquabios P\/Lorenz. (AB40 RV01)<\/p>\n<p>C\u00f3digo de F\u00e1brica:<\/p>\n<p>1005-0018<\/p>\n<div id=\"wrap_conteudo_produtos_botoes\">\n<div class=\"conteudo\">\n<div class=\"produtos_conteudo\">\n<div id=\"lateral_produtos\">\n<div id=\"produtos_visualizacao\">\n<div id=\"produto_visualizacao_textos\">\n<div id=\"descricao_produto_interno\" class=\"fonte_descricao\">\n<p>Esse refil \u00e9 indicado para reposi\u00e7\u00e3o\u00a0em purificadores de \u00e1gua de diversas marcas. Seu sistema de purifica\u00e7\u00e3o conta com 3 etapas, como excesso de cloro, gostos ou odores desagrad\u00e1veis. O filtro elimina tamb\u00e9m part\u00edculas s\u00f3lidas como, por exemplo, barro, limo e ferrugem.<\/p>\n<p>&nbsp;<\/p>\n<p><strong>Caracter\u00edsticas<\/strong><br \/>\nVaz\u00e3o nominal: 40L\/h<br \/>\nClasse de Reten\u00e7\u00e3o de Part\u00edculas: Classe C<br \/>\nCom de Redu\u00e7\u00e3o de Cloro Livre: &gt; 75%<br \/>\nTemperatura de Opera\u00e7\u00e3o: 5 \u2013 50\u00baC<br \/>\nPress\u00e3o de Opera\u00e7\u00e3o: 19 a 392 Kpa<\/p>\n<\/div>\n<\/div>\n<\/div>\n<\/div>\n<\/div>\n<\/div>\n<\/div>\n<\/div>\n<\/div>\n","protected":false},"featured_media":5411,"comment_status":"open","ping_status":"closed","template":"","meta":[],"product_cat":[169],"product_tag":[1970],"_links":{"self":[{"href":"https:\/\/trenaferragens.com.br\/index.php?rest_route=\/wp\/v2\/product\/5355"}],"collection":[{"href":"https:\/\/trenaferragens.com.br\/index.php?rest_route=\/wp\/v2\/product"}],"about":[{"href":"https:\/\/trenaferragens.com.br\/index.php?rest_route=\/wp\/v2\/types\/product"}],"replies":[{"embeddable":true,"href":"https:\/\/trenaferragens.com.br\/index.php?rest_route=%2Fwp%2Fv2%2Fcomments&post=5355"}],"wp:featuredmedia":[{"embeddable":true,"href":"https:\/\/trenaferragens.com.br\/index.php?rest_route=\/wp\/v2\/media\/5411"}],"wp:attachment":[{"href":"https:\/\/trenaferragens.com.br\/index.php?rest_route=%2Fwp%2Fv2%2Fmedia&parent=5355"}],"wp:term":[{"taxonomy":"product_cat","embeddable":true,"href":"https:\/\/trenaferragens.com.br\/index.php?rest_route=%2Fwp%2Fv2%2Fproduct_cat&post=5355"},{"taxonomy":"product_tag","embeddable":true,"href":"https:\/\/trenaferragens.com.br\/index.php?rest_route=%2Fwp%2Fv2%2Fproduct_tag&post=5355"}],"curies":[{"name":"wp","href":"https:\/\/api.w.org\/{rel}","templated":true}]}}