{"id":5357,"date":"2018-08-01T16:32:38","date_gmt":"2018-08-01T16:32:38","guid":{"rendered":"http:\/\/trenaferragens1.hospedagemdesites.ws\/produto\/import-placeholder-for-8327\/"},"modified":"2018-08-01T16:34:05","modified_gmt":"2018-08-01T16:34:05","slug":"refil-p-filtro-carvao-acquabios-rosca-conica-ab40-rc","status":"publish","type":"product","link":"https:\/\/trenaferragens.com.br\/?product=refil-p-filtro-carvao-acquabios-rosca-conica-ab40-rc","title":{"rendered":"Refil P\/Filtro Carv\u00e3o Acquabios Rosca C\u00f4nica (AB40 RC)"},"content":{"rendered":"<p>Refil P\/Filtro Carv\u00e3o Acquabios Rosca C\u00f4nica (AB40 RC)<\/p>\n<h2 class=\"titulo_empresa\">BEM-VINDO \u00c0 ACQUABIOS<\/h2>\n<div class=\"texto_empresa\">Fundada em 2008 com o objetivo de fornecer filtros purificadores de \u00e1gua com qualidade, pre\u00e7os competitivos e seguran\u00e7a, proporcionando a todos bem-estar e qualidade de vida atrav\u00e9s da populariza\u00e7\u00e3o do uso de filtros purificadores de \u00e1gua.\u00a0Conta com a experi\u00eancia e o pioneirismo de seu s\u00f3cio, atuante no segmento desde 1994. Neste per\u00edodo esteve \u00e0 frente do desenvolvimento no mercado interno da tecnologia Melt Blown, anteriormente dispon\u00edvel apenas no exterior. Al\u00e9m de ser detentor de diversas patentes de produtos comercializados atualmente no mercado de filtros.<\/div>\n","protected":false},"excerpt":{"rendered":"<div id=\"categoria_selecionada\" class=\"selecionado_box\">\n<div class=\"selecionado_box_descricao\">\n<p>Refil P\/Filtro Carv\u00e3o Acquabios Rosca C\u00f4nica (AB40 RC)<\/p>\n<p>C\u00f3digo de F\u00e1brica:<\/p>\n<p>AB40RC<\/p>\n<div id=\"wrap_conteudo_produtos_botoes\">\n<div class=\"conteudo\">\n<div class=\"produtos_conteudo\">\n<div id=\"lateral_produtos\">\n<div id=\"produtos_visualizacao\">\n<div id=\"produto_visualizacao_textos\">\n<div id=\"descricao_produto_interno\" class=\"fonte_descricao\">\n<p>Efici\u00eancia compacta para uso em filtro tipo bica m\u00f3vel triplafiltra\u00e7\u00e3o. A uni\u00e3o do polipropileno Melt Blown com carv\u00e3o ativado impregnado de prata para a reten\u00e7\u00e3o de part\u00edculas, redu\u00e7\u00e3o de cloro, mau gosto e odores da \u00e1gua.<\/p>\n<p>Dispon\u00edvel com Rosca longa, Rosca longa C\u00f4nica e Rosca curta.<\/p>\n<p><strong>CARACTER\u00cdSTICAS<\/strong><\/p>\n<p>Vaz\u00e3o nominal &#8211; 40 L\/H<\/p>\n<p>Press\u00e3o &#8211; 19,6 a 392 Kpa<\/p>\n<p>Redu\u00e7\u00e3o do Cloro Livre &#8211; Aplic\u00e1vel<\/p>\n<p>Classe de reten\u00e7\u00e3o de Part\u00edculas &#8211; Classe C<\/p>\n<p>Grau de Filtra\u00e7\u00e3o &#8211; 10 micra<\/p>\n<p>Vida \u00datil do refil &#8211; 1.500 L<\/p>\n<p>&nbsp;<\/p>\n<p><strong>IMPORTANTE<\/strong><\/p>\n<p>A troca do elemento filtrante\/Refil \u00e9 recomendada a cada 06 meses ou quando houver redu\u00e7\u00e3o do fluxo de \u00e1gua, o que ocorrer antes.<\/p>\n<p>Este refil n\u00e3o \u00e9 lav\u00e1vel.<\/p>\n<p>Para d\u00favidas entre em contato com o SAC atrav\u00e9s de Fale Conosco.<\/p>\n<\/div>\n<\/div>\n<\/div>\n<\/div>\n<\/div>\n<\/div>\n<\/div>\n<\/div>\n<\/div>\n","protected":false},"featured_media":5413,"comment_status":"open","ping_status":"closed","template":"","meta":[],"product_cat":[169],"product_tag":[1972],"_links":{"self":[{"href":"https:\/\/trenaferragens.com.br\/index.php?rest_route=\/wp\/v2\/product\/5357"}],"collection":[{"href":"https:\/\/trenaferragens.com.br\/index.php?rest_route=\/wp\/v2\/product"}],"about":[{"href":"https:\/\/trenaferragens.com.br\/index.php?rest_route=\/wp\/v2\/types\/product"}],"replies":[{"embeddable":true,"href":"https:\/\/trenaferragens.com.br\/index.php?rest_route=%2Fwp%2Fv2%2Fcomments&post=5357"}],"wp:featuredmedia":[{"embeddable":true,"href":"https:\/\/trenaferragens.com.br\/index.php?rest_route=\/wp\/v2\/media\/5413"}],"wp:attachment":[{"href":"https:\/\/trenaferragens.com.br\/index.php?rest_route=%2Fwp%2Fv2%2Fmedia&parent=5357"}],"wp:term":[{"taxonomy":"product_cat","embeddable":true,"href":"https:\/\/trenaferragens.com.br\/index.php?rest_route=%2Fwp%2Fv2%2Fproduct_cat&post=5357"},{"taxonomy":"product_tag","embeddable":true,"href":"https:\/\/trenaferragens.com.br\/index.php?rest_route=%2Fwp%2Fv2%2Fproduct_tag&post=5357"}],"curies":[{"name":"wp","href":"https:\/\/api.w.org\/{rel}","templated":true}]}}