{"id":5380,"date":"2018-08-01T16:33:20","date_gmt":"2018-08-01T16:33:20","guid":{"rendered":"http:\/\/trenaferragens1.hospedagemdesites.ws\/produto\/import-placeholder-for-8350\/"},"modified":"2018-08-01T16:34:21","modified_gmt":"2018-08-01T16:34:21","slug":"ventilador-ventisol-teto-3-pas-sunny","status":"publish","type":"product","link":"https:\/\/trenaferragens.com.br\/?product=ventilador-ventisol-teto-3-pas-sunny","title":{"rendered":"Ventilador Ventisol Teto 3 P\u00e1s Sunny"},"content":{"rendered":"<p>Ventilador Ventisol Teto 3 P\u00e1s Sunny<\/p>\n<p><strong>VENTISOL<\/strong><\/p>\n<p>GERANDO SOLU\u00c7\u00d5ES PARA O CONFORTO DOS BRASILEIROS.<\/p>\n<p>A Ventisol est\u00e1 h\u00e1 18 anos no mercado, desenvolvendo, produzindo e distribuindo produtos para o Brasil, Am\u00e9rica do Sul e \u00c1frica.<br \/>\nCom mais de\u00a0150 itens em comercializa\u00e7\u00e3o\u00a0\u00e9 a marca brasileira mais completa em climatiza\u00e7\u00e3o.<br \/>\nOs modernos laborat\u00f3rios para testes de produtos, desenvolvimento de insumos, redu\u00e7\u00e3o de\u00a0consumo energ\u00e9tico e a melhor\u00a0utiliza\u00e7\u00e3o dos materiais, fazem da Ventisol uma marca que leva ao consumidor o melhor custo \u00a0benef\u00edcio.<\/p>\n<p><strong>Ventisol, uma marca completa.<\/strong><\/p>\n","protected":false},"excerpt":{"rendered":"<p>Ventilador Ventisol Teto 3 P\u00e1s Sunny<\/p>\n<p>DISPON\u00cdVEL NAS OP\u00c7\u00d5ES:<\/p>\n<p>Branco<\/p>\n<p>C\u00f3digo de F\u00e1brica:<\/p>\n<p>9127229<\/p>\n<p><strong>Ar mais refrescante, num ambiente mais elegante para voc\u00ea e sua fam\u00edlia.<\/strong><br \/>\nSe voc\u00ea deseja um ambiente mais refrescante, bonito e agrad\u00e1vel, o Ventilador de Teto Ventisol Sunny \u00e9 ideal.<br \/>\nAcompanha chave de controle de velocidade, revers\u00e3o e ilumina\u00e7\u00e3o.<\/p>\n<p><strong>\u2022 Ideal para resid\u00eancias:<\/strong><br \/>\nO fluxo de vento ideal para o conforto da fam\u00edlia.<br \/>\n<strong>\u2022 P\u00e1s em pl\u00e1stico:<\/strong><br \/>\nS\u00e3o leves e aumentam a vida \u00fatil do motor.<br \/>\n<strong>\u2022 P\u00e1s com garras integradas:\u00a0<\/strong><br \/>\nFacilidade na hora da montagem.<br \/>\n<strong>\u2022 Motor e haste em a\u00e7o tratado:<\/strong><br \/>\nA\u00e7o tratado com pintura que ajuda a proteger o aparelho e evita a corros\u00e3o.<br \/>\n<strong>\u2022 Lustre para duas l\u00e2mpadas:<\/strong><br \/>\nLustre com alto brilho e perfeito acabamento.<br \/>\n<strong>\u2022 Acompanha Chave Cv3:<\/strong><br \/>\nChave de controle de velocidade.<\/p>\n","protected":false},"featured_media":5425,"comment_status":"open","ping_status":"closed","template":"","meta":[],"product_cat":[194],"product_tag":[1979],"_links":{"self":[{"href":"https:\/\/trenaferragens.com.br\/index.php?rest_route=\/wp\/v2\/product\/5380"}],"collection":[{"href":"https:\/\/trenaferragens.com.br\/index.php?rest_route=\/wp\/v2\/product"}],"about":[{"href":"https:\/\/trenaferragens.com.br\/index.php?rest_route=\/wp\/v2\/types\/product"}],"replies":[{"embeddable":true,"href":"https:\/\/trenaferragens.com.br\/index.php?rest_route=%2Fwp%2Fv2%2Fcomments&post=5380"}],"wp:featuredmedia":[{"embeddable":true,"href":"https:\/\/trenaferragens.com.br\/index.php?rest_route=\/wp\/v2\/media\/5425"}],"wp:attachment":[{"href":"https:\/\/trenaferragens.com.br\/index.php?rest_route=%2Fwp%2Fv2%2Fmedia&parent=5380"}],"wp:term":[{"taxonomy":"product_cat","embeddable":true,"href":"https:\/\/trenaferragens.com.br\/index.php?rest_route=%2Fwp%2Fv2%2Fproduct_cat&post=5380"},{"taxonomy":"product_tag","embeddable":true,"href":"https:\/\/trenaferragens.com.br\/index.php?rest_route=%2Fwp%2Fv2%2Fproduct_tag&post=5380"}],"curies":[{"name":"wp","href":"https:\/\/api.w.org\/{rel}","templated":true}]}}