{"id":5383,"date":"2018-08-01T16:33:22","date_gmt":"2018-08-01T16:33:22","guid":{"rendered":"http:\/\/trenaferragens1.hospedagemdesites.ws\/produto\/import-placeholder-for-8373\/"},"modified":"2018-08-01T16:34:27","modified_gmt":"2018-08-01T16:34:27","slug":"araldite-massa-epoxi-100gr","status":"publish","type":"product","link":"https:\/\/trenaferragens.com.br\/?product=araldite-massa-epoxi-100gr","title":{"rendered":"Araldite Massa Ep\u00f3xi 100Gr"},"content":{"rendered":"<p>Araldite Massa Ep\u00f3xi 100Gr<\/p>\n<p>TEKBOND<\/p>\n<p><span style=\"color: #696969\">Presente no mercado desde 2002 e com sede em Embu das Artes, SP, a Tekbond \u00e9 uma empresa especializada na produ\u00e7\u00e3o e na importa\u00e7\u00e3o de produtos adesivos, adesivos instant\u00e2neos, selantes, travas qu\u00edmicas, silicones, entre outros.<\/span><\/p>\n<p><span style=\"color: #696969\">A Tekbond oferece produtos que servem para uso dom\u00e9stico e industrial, atendendo aos mais diversos segmentos do mercado, como o de constru\u00e7\u00e3o civil, industrial, artesanato, moveleiro, automotivo e de consumo.<\/span><\/p>\n<p><span style=\"color: #696969\">A Empresa apresenta crescimento sustent\u00e1vel atrav\u00e9s da constru\u00e7\u00e3o de parcerias s\u00f3lidas, do investimento em suas marcas e no desenvolvimento cont\u00ednuo de novos produtos.<\/span><\/p>\n","protected":false},"excerpt":{"rendered":"<p>Araldite Massa Ep\u00f3xi 100Gr<\/p>\n<p>&nbsp;<\/p>\n<div id=\"produtos_detalhes\">\n<div id=\"produtos_detalhes_right\">\n<div id=\"produtos_detalhes_right_info\">\n<div id=\"produtos_detalhes\">\n<div id=\"produtos_detalhes_right\">\n<div id=\"produtos_detalhes_right_info\">\n<p><b>Aplica\u00e7\u00e3o:<\/b><\/p>\n<p><span style=\"color: #696969\">Araldite Massa \u00e9 uma massa ep\u00f3xi bicomponente perfeita para diversas aplica\u00e7\u00f5es em casa, no artesanato e tamb\u00e9m na ind\u00fastria. Seu alto poder de ades\u00e3o garante um resultado perfeito para fixar, vedar, soldar, reparar, moldar e reconstruir com praticidade, qualidade e durabilidade. Pr\u00e1tica, pode ser aplicada em metal, madeira, vidro, cer\u00e2mica, cimento, granito, m\u00e1rmore e pl\u00e1stico, por\u00e9m n\u00e3o adere em polietileno, polipropileno, silicones, nylon e teflon.<\/span><\/p>\n<p>&nbsp;<\/p>\n<p><b>Modo de usar:<\/b><\/p>\n<p><span style=\"color: #696969\"><b>1.\u00a0\u00a0<\/b>\u00a0\u00a0Limpar as superf\u00edcies a serem unidas, deixando-as isentas de oleosidade, poeira, oxida\u00e7\u00f5es e restos de tintas.<\/span><\/p>\n<p><span style=\"color: #696969\"><b>2.\u00a0<\/b>\u00a0 \u00a0Misturar a mesma quantidade do Componente A (resina) e do Componente B (endurecedor) at\u00e9 obter uma massa cinza homog\u00eanea.<\/span><\/p>\n<p><span style=\"color: #696969\"><b>3.<\/b>\u00a0\u00a0 \u00a0Aplicar a massa e modelar at\u00e9 obter o formato desejado.<\/span><\/p>\n<p><span style=\"color: #696969\"><b>4.<\/b>\u00a0 \u00a0 Aguardar a secagem completa.<\/span><\/p>\n<p>&nbsp;<\/p>\n<p><span style=\"color: #696969\"><b>DICA:\u00a0<\/b>Para melhor acabamento umede\u00e7a as ferramentas ou os dedos.<\/span><\/p>\n<p><span style=\"color: #696969\"><b>OBSERVA\u00c7\u00c3O:<\/b>\u00a0Em temperatura abaixo de 25\u00baC, o tempo de secagem \u00e9 superior a 2 horas.<\/span><\/p>\n<p><span style=\"color: #696969\">\u00c9 preciso esperar 12 horas para acabamentos como: aplica\u00e7\u00e3o de tinta, verniz, serra ou lixa.<\/span><\/p>\n<p><b>Composi\u00e7\u00e3o:<\/b><\/p>\n<p><span style=\"color: #696969\">Componente A (resina): Resina ep\u00f3xi.<br \/>\nComponente B (endurecedor): Amina Alf\u00e1tica, Poliamidoamina.<\/span><\/p>\n<p>&nbsp;<\/p>\n<p><b>Cura Inicial: 2 horas<\/b><\/p>\n<p><b>Cura Total: 24 horas<\/b><\/p>\n<\/div>\n<\/div>\n<\/div>\n<\/div>\n<\/div>\n<\/div>\n","protected":false},"featured_media":5428,"comment_status":"open","ping_status":"closed","template":"","meta":[],"product_cat":[1048],"product_tag":[1982],"_links":{"self":[{"href":"https:\/\/trenaferragens.com.br\/index.php?rest_route=\/wp\/v2\/product\/5383"}],"collection":[{"href":"https:\/\/trenaferragens.com.br\/index.php?rest_route=\/wp\/v2\/product"}],"about":[{"href":"https:\/\/trenaferragens.com.br\/index.php?rest_route=\/wp\/v2\/types\/product"}],"replies":[{"embeddable":true,"href":"https:\/\/trenaferragens.com.br\/index.php?rest_route=%2Fwp%2Fv2%2Fcomments&post=5383"}],"wp:featuredmedia":[{"embeddable":true,"href":"https:\/\/trenaferragens.com.br\/index.php?rest_route=\/wp\/v2\/media\/5428"}],"wp:attachment":[{"href":"https:\/\/trenaferragens.com.br\/index.php?rest_route=%2Fwp%2Fv2%2Fmedia&parent=5383"}],"wp:term":[{"taxonomy":"product_cat","embeddable":true,"href":"https:\/\/trenaferragens.com.br\/index.php?rest_route=%2Fwp%2Fv2%2Fproduct_cat&post=5383"},{"taxonomy":"product_tag","embeddable":true,"href":"https:\/\/trenaferragens.com.br\/index.php?rest_route=%2Fwp%2Fv2%2Fproduct_tag&post=5383"}],"curies":[{"name":"wp","href":"https:\/\/api.w.org\/{rel}","templated":true}]}}