{"id":5385,"date":"2018-08-01T16:33:23","date_gmt":"2018-08-01T16:33:23","guid":{"rendered":"http:\/\/trenaferragens1.hospedagemdesites.ws\/produto\/import-placeholder-for-8377\/"},"modified":"2019-10-28T20:02:36","modified_gmt":"2019-10-28T20:02:36","slug":"silicone-acetico-fischer","status":"publish","type":"product","link":"https:\/\/trenaferragens.com.br\/?product=silicone-acetico-fischer","title":{"rendered":"Silicone Ac\u00e9tico Fischer"},"content":{"rendered":"<p>Silicone Ac\u00e9tico Fischer<\/p>\n<p><strong>FISCHER<\/strong><\/p>\n<p>O grupo de empresas fischer tem a marca pessoal da fam\u00edlia Fischer e \u00e9 liderado predominantemente pelos princ\u00edpios \u00e9ticos empresariais desta fam\u00edlia.<br \/>\nO grupo trabalha a n\u00edvel mundial orientado para os objetivos em proveito do cliente e dos utilizadores.<br \/>\nDesse modo, evitamos o desperd\u00edcio e aumentamos o valor acrescentado.<br \/>\nOs fatores econ\u00f4micos e pol\u00edticos, bem como as oportunidades de mercado determinam a escolha dos locais, privilegiando os locais existentes.<br \/>\nAs \u00e1reas empresariais e os mercados do grupo de empresas:<br \/>\nOs\u00a0<strong>sistemas de fixa\u00e7\u00e3o fischer\u00a0<\/strong>fornece fixa\u00e7\u00f5es e liga\u00e7\u00f5es seguras e econ\u00f4micas em todo o mundo.<br \/>\nOs\u00a0<strong>sistemas automotivos\u00a0fischer\u00a0<\/strong>desenvolve e produz produtos inovadores.<br \/>\nA\u00a0<strong>fischertechnik<\/strong>\u00a0desenvolve a criatividade e combina os jogos e a aprendizagem.<br \/>\nA\u00a0<strong>fischer Consulting\u00a0<\/strong>aconselha os clientes externos e internos na preven\u00e7\u00e3o de desperd\u00edcios.<br \/>\nTodas as \u00e1reas empresariais assentam em marcas fortes a n\u00edvel mundial.<\/p>\n<h3>O objetivo<\/h3>\n<p>Produzimos o rendimento necess\u00e1rio para o sucesso do desenvolvimento cont\u00ednuo e para assegurar o futuro do grupo de empresas.<br \/>\nDesse modo, conseguimos, obtemos e moldamos os locais de trabalho e amortizamos o capital aplicado.<br \/>\nElaboramos e realizamos estrat\u00e9gias e medidas orientadas por valores.<\/p>\n","protected":false},"excerpt":{"rendered":"<p>Silicone Ac\u00e9tico Fischer<\/p>\n<p>DISPON\u00cdVEL NAS OP\u00c7\u00d5ES:<\/p>\n<p>INCOLOR \/ BRANCO<\/p>\n<h3>Materiais de constru\u00e7\u00e3o<\/h3>\n<ul class=\"list\">\n<li>A\u00e7o inoxid\u00e1vel<\/li>\n<li>Camada anodizada<\/li>\n<li>Ep\u00f3xi<\/li>\n<li>Azulejos<\/li>\n<li>Superf\u00edcies vidradas<\/li>\n<li>Vidro<\/li>\n<li>H-PVC<\/li>\n<li>Cer\u00e2mica<\/li>\n<li>Madeira pintada<\/li>\n<li>Poli\u00e9ster<\/li>\n<\/ul>\n<h3>Vantagens<\/h3>\n<ul class=\"list\">\n<li>100% silicone (contem acido acetico).<\/li>\n<li>Monocomponente.<\/li>\n<li>Elasticidade de 90%.<\/li>\n<li>Resistente a temperatura de -30\u00b0C a  120\u00b0C.<\/li>\n<li>Tempo de secagem\/cura: 2mm em 1 dia \/ 4mm em 3 dias \/ 10mm em 5 dias.<\/li>\n<li>Contem fungicida (anti-fungos).<\/li>\n<li>Cor transparente.<\/li>\n<li>Validade: 18 meses.<\/li>\n<\/ul>\n","protected":false},"featured_media":5430,"comment_status":"open","ping_status":"closed","template":"","meta":[],"product_cat":[1048],"product_tag":[1984],"_links":{"self":[{"href":"https:\/\/trenaferragens.com.br\/index.php?rest_route=\/wp\/v2\/product\/5385"}],"collection":[{"href":"https:\/\/trenaferragens.com.br\/index.php?rest_route=\/wp\/v2\/product"}],"about":[{"href":"https:\/\/trenaferragens.com.br\/index.php?rest_route=\/wp\/v2\/types\/product"}],"replies":[{"embeddable":true,"href":"https:\/\/trenaferragens.com.br\/index.php?rest_route=%2Fwp%2Fv2%2Fcomments&post=5385"}],"wp:featuredmedia":[{"embeddable":true,"href":"https:\/\/trenaferragens.com.br\/index.php?rest_route=\/wp\/v2\/media\/5430"}],"wp:attachment":[{"href":"https:\/\/trenaferragens.com.br\/index.php?rest_route=%2Fwp%2Fv2%2Fmedia&parent=5385"}],"wp:term":[{"taxonomy":"product_cat","embeddable":true,"href":"https:\/\/trenaferragens.com.br\/index.php?rest_route=%2Fwp%2Fv2%2Fproduct_cat&post=5385"},{"taxonomy":"product_tag","embeddable":true,"href":"https:\/\/trenaferragens.com.br\/index.php?rest_route=%2Fwp%2Fv2%2Fproduct_tag&post=5385"}],"curies":[{"name":"wp","href":"https:\/\/api.w.org\/{rel}","templated":true}]}}